{"id":22,"date":"2013-10-28T10:59:01","date_gmt":"2013-10-28T10:59:01","guid":{"rendered":"http:\/\/www2.unicentro.br\/intercom2014\/?page_id=22"},"modified":"2013-11-05T11:16:33","modified_gmt":"2013-11-05T11:16:33","slug":"galeria-de-fotos","status":"publish","type":"page","link":"https:\/\/www2.unicentro.br\/intercom2014\/galeria-de-fotos\/","title":{"rendered":"Galeria de Fotos"},"content":{"rendered":"\t\t\t\t\t\t<div class=\"gallery_box_single\">\n\t\t\t\t\t\t\t\t\t\t\t\t\t\t\t<div class=\"gallery gllr_grid\" data-gllr-columns=\"3\" data-gllr-border-width=\"10\">\n\t\t\t\t\t\t\t\t\t\t\t\t\t\t\t\t\t\t\t\t<div class=\"gllr_image_row\">\n\t\t\t\t\t\t\t\t\t\t\t\t\t\t\t\t\t\t\t\t\t<div class=\"gllr_image_block\">\n\t\t\t\t\t\t\t\t\t\t\t\t<p style=\"\n\t\t\t\t\t\t\t\t\t\t\t\twidth:180px;height:140px;\t\t\t\t\t\t\t\t\t\t\t\t\">\n\t\t\t\t\t\t\t\t\t\t\t\t\t\t\t\t\t\t\t\t\t\t\t\t\t\t\t\t<a data-fancybox=\"gallery_fancybox_59\" href=\"https:\/\/www2.unicentro.br\/intercom2014\/files\/2013\/11\/Intercom-2014-Marca.jpg\" title=\"Aplica\u00e7\u00e3o da logomarca oficial do Intercom 2014 em camiseta promocional\" >\n\t\t\t\t\t\t\t\t\t\t\t\t\t\t\t\t<img decoding=\"async\" width=&quot;160&quot; height=&quot;120&quot; style=\"width:160px; height:120px; border-width: 10px; border-color:#F1F1F1;border: 10px solid #F1F1F1\" alt=\"\" title=\"Aplica\u00e7\u00e3o da logomarca oficial do Intercom 2014 em camiseta promocional\" src=\"https:\/\/www2.unicentro.br\/intercom2014\/files\/2013\/11\/Intercom-2014-Marca-160x120.jpg\" rel=\"https:\/\/www2.unicentro.br\/intercom2014\/files\/2013\/11\/Intercom-2014-Marca.jpg\" \/>\t\t\t\t\t\t\t\t\t\t\t\t\t\t\t<\/a>\n\t\t\t\t\t\t\t\t\t\t\t\t\t\t\t\t\t\t\t\t\t\t\t\t\t\t<\/p>\n\t\t\t\t\t\t\t\t\t\t\t\t\t\t\t\t\t\t\t\t\t\t\t\t\t<div \n\t\t\t\t\t\t\t\t\t\t\t\t\tstyle=\"width:180px;\"\t\t\t\t\t\t\t\t\t\t\t\t\tclass=\"gllr_single_image_text gllr_single_image_text_under\">Aplica\u00e7\u00e3o da logomarca oficial do Intercom 2014 em camiseta promocional&nbsp;<\/div>\n\t\t\t\t\t\t\t\t\t\t\t\t\t\t\t\t\t\t\t\t\t\t\t<\/div><!-- .gllr_image_block -->\n\t\t\t\t\t\t\t\t\t\t\t\t\t\t\t\t\t\t\t\t\t<div class=\"gllr_image_block\">\n\t\t\t\t\t\t\t\t\t\t\t\t<p style=\"\n\t\t\t\t\t\t\t\t\t\t\t\twidth:180px;height:140px;\t\t\t\t\t\t\t\t\t\t\t\t\">\n\t\t\t\t\t\t\t\t\t\t\t\t\t\t\t\t\t\t\t\t\t\t\t\t\t\t\t\t<a data-fancybox=\"gallery_fancybox_59\" href=\"https:\/\/www2.unicentro.br\/intercom2014\/files\/2013\/11\/Intercom_Apresentac_ao_Unila_2011.jpg\" title=\"Em 2011, reitor da Unila \u00e0 \u00e9poca, professor H\u00e9lgio Trindade (ao centro), recebeu delega\u00e7\u00e3o do Intercom 2014\" >\n\t\t\t\t\t\t\t\t\t\t\t\t\t\t\t\t<img decoding=\"async\" width=&quot;160&quot; height=&quot;120&quot; style=\"width:160px; height:120px; border-width: 10px; border-color:#F1F1F1;border: 10px solid #F1F1F1\" alt=\"\" title=\"Em 2011, reitor da Unila \u00e0 \u00e9poca, professor H\u00e9lgio Trindade (ao centro), recebeu delega\u00e7\u00e3o do Intercom 2014\" src=\"https:\/\/www2.unicentro.br\/intercom2014\/files\/2013\/11\/Intercom_Apresentac_ao_Unila_2011-160x120.jpg\" rel=\"https:\/\/www2.unicentro.br\/intercom2014\/files\/2013\/11\/Intercom_Apresentac_ao_Unila_2011.jpg\" \/>\t\t\t\t\t\t\t\t\t\t\t\t\t\t\t<\/a>\n\t\t\t\t\t\t\t\t\t\t\t\t\t\t\t\t\t\t\t\t\t\t\t\t\t\t<\/p>\n\t\t\t\t\t\t\t\t\t\t\t\t\t\t\t\t\t\t\t\t\t\t\t\t\t<div \n\t\t\t\t\t\t\t\t\t\t\t\t\tstyle=\"width:180px;\"\t\t\t\t\t\t\t\t\t\t\t\t\tclass=\"gllr_single_image_text gllr_single_image_text_under\">Em 2011, reitor da Unila \u00e0 \u00e9poca, professor H\u00e9lgio Trindade (ao centro), recebeu delega\u00e7\u00e3o do Intercom 2014&nbsp;<\/div>\n\t\t\t\t\t\t\t\t\t\t\t\t\t\t\t\t\t\t\t\t\t\t\t<\/div><!-- .gllr_image_block -->\n\t\t\t\t\t\t\t\t\t\t\t\t\t\t\t\t\t\t\t\t\t<div class=\"gllr_image_block\">\n\t\t\t\t\t\t\t\t\t\t\t\t<p style=\"\n\t\t\t\t\t\t\t\t\t\t\t\twidth:180px;height:140px;\t\t\t\t\t\t\t\t\t\t\t\t\">\n\t\t\t\t\t\t\t\t\t\t\t\t\t\t\t\t\t\t\t\t\t\t\t\t\t\t\t\t<a data-fancybox=\"gallery_fancybox_59\" href=\"https:\/\/www2.unicentro.br\/intercom2014\/files\/2013\/11\/Intercom_2014_Lanc_amento_UDC.jpg\" title=\"Professor Carlos Gruber Neto (da UDC, co-realizadora do Intercom 2014) e a vice-presidente da Intercom, professora Marialva Barbosa\" >\n\t\t\t\t\t\t\t\t\t\t\t\t\t\t\t\t<img decoding=\"async\" width=&quot;160&quot; height=&quot;120&quot; style=\"width:160px; height:120px; border-width: 10px; border-color:#F1F1F1;border: 10px solid #F1F1F1\" alt=\"\" title=\"Professor Carlos Gruber Neto (da UDC, co-realizadora do Intercom 2014) e a vice-presidente da Intercom, professora Marialva Barbosa\" src=\"https:\/\/www2.unicentro.br\/intercom2014\/files\/2013\/11\/Intercom_2014_Lanc_amento_UDC-160x120.jpg\" rel=\"https:\/\/www2.unicentro.br\/intercom2014\/files\/2013\/11\/Intercom_2014_Lanc_amento_UDC.jpg\" \/>\t\t\t\t\t\t\t\t\t\t\t\t\t\t\t<\/a>\n\t\t\t\t\t\t\t\t\t\t\t\t\t\t\t\t\t\t\t\t\t\t\t\t\t\t<\/p>\n\t\t\t\t\t\t\t\t\t\t\t\t\t\t\t\t\t\t\t\t\t\t\t\t\t<div \n\t\t\t\t\t\t\t\t\t\t\t\t\tstyle=\"width:180px;\"\t\t\t\t\t\t\t\t\t\t\t\t\tclass=\"gllr_single_image_text gllr_single_image_text_under\">Professor Carlos Gruber Neto (da UDC, co-realizadora do Intercom 2014) e a vice-presidente da Intercom, professora Marialva Barbosa&nbsp;<\/div>\n\t\t\t\t\t\t\t\t\t\t\t\t\t\t\t\t\t\t\t\t\t\t\t<\/div><!-- .gllr_image_block -->\n\t\t\t\t\t\t\t\t\t\t\t\t\t\t\t\t\t\t\t\t\t<\/div><!-- .gllr_image_row -->\n\t\t\t\t\t\t\t\t\t\t\t\t\t\t\t\t\t\t\t\t\t\t<div class=\"gllr_image_row\">\n\t\t\t\t\t\t\t\t\t\t\t\t\t\t\t\t\t\t\t\t\t<div class=\"gllr_image_block\">\n\t\t\t\t\t\t\t\t\t\t\t\t<p style=\"\n\t\t\t\t\t\t\t\t\t\t\t\twidth:180px;height:140px;\t\t\t\t\t\t\t\t\t\t\t\t\">\n\t\t\t\t\t\t\t\t\t\t\t\t\t\t\t\t\t\t\t\t\t\t\t\t\t\t\t\t<a data-fancybox=\"gallery_fancybox_59\" href=\"https:\/\/www2.unicentro.br\/intercom2014\/files\/2013\/11\/Intercom_Manaus_Equipe.jpg\" title=\"Cena do lan\u00e7amento oficial do Intercom 2014 em Manaus, durante o Intercom 2013, em setembro\" >\n\t\t\t\t\t\t\t\t\t\t\t\t\t\t\t\t<img decoding=\"async\" width=&quot;160&quot; height=&quot;120&quot; style=\"width:160px; height:120px; border-width: 10px; border-color:#F1F1F1;border: 10px solid #F1F1F1\" alt=\"\" title=\"Cena do lan\u00e7amento oficial do Intercom 2014 em Manaus, durante o Intercom 2013, em setembro\" src=\"https:\/\/www2.unicentro.br\/intercom2014\/files\/2013\/11\/Intercom_Manaus_Equipe-160x120.jpg\" rel=\"https:\/\/www2.unicentro.br\/intercom2014\/files\/2013\/11\/Intercom_Manaus_Equipe.jpg\" \/>\t\t\t\t\t\t\t\t\t\t\t\t\t\t\t<\/a>\n\t\t\t\t\t\t\t\t\t\t\t\t\t\t\t\t\t\t\t\t\t\t\t\t\t\t<\/p>\n\t\t\t\t\t\t\t\t\t\t\t\t\t\t\t\t\t\t\t\t\t\t\t\t\t<div \n\t\t\t\t\t\t\t\t\t\t\t\t\tstyle=\"width:180px;\"\t\t\t\t\t\t\t\t\t\t\t\t\tclass=\"gllr_single_image_text gllr_single_image_text_under\">Cena do lan\u00e7amento oficial do Intercom 2014 em Manaus, durante o Intercom 2013, em setembro&nbsp;<\/div>\n\t\t\t\t\t\t\t\t\t\t\t\t\t\t\t\t\t\t\t\t\t\t\t<\/div><!-- .gllr_image_block -->\n\t\t\t\t\t\t\t\t\t\t\t\t\t\t\t\t\t\t\t\t\t<div class=\"gllr_image_block\">\n\t\t\t\t\t\t\t\t\t\t\t\t<p style=\"\n\t\t\t\t\t\t\t\t\t\t\t\twidth:180px;height:140px;\t\t\t\t\t\t\t\t\t\t\t\t\">\n\t\t\t\t\t\t\t\t\t\t\t\t\t\t\t\t\t\t\t\t\t\t\t\t\t\t\t\t<a data-fancybox=\"gallery_fancybox_59\" href=\"https:\/\/www2.unicentro.br\/intercom2014\/files\/2013\/11\/Intercom_Manaus_Lancamento.jpg\" title=\"Professora Ariane Carla Pereira (Unicentro), durante lan\u00e7amento oficial do Intercom 2014 em Manaus, em setembro passado\" >\n\t\t\t\t\t\t\t\t\t\t\t\t\t\t\t\t<img decoding=\"async\" width=&quot;160&quot; height=&quot;120&quot; style=\"width:160px; height:120px; border-width: 10px; border-color:#F1F1F1;border: 10px solid #F1F1F1\" alt=\"\" title=\"Professora Ariane Carla Pereira (Unicentro), durante lan\u00e7amento oficial do Intercom 2014 em Manaus, em setembro passado\" src=\"https:\/\/www2.unicentro.br\/intercom2014\/files\/2013\/11\/Intercom_Manaus_Lancamento-160x120.jpg\" rel=\"https:\/\/www2.unicentro.br\/intercom2014\/files\/2013\/11\/Intercom_Manaus_Lancamento.jpg\" \/>\t\t\t\t\t\t\t\t\t\t\t\t\t\t\t<\/a>\n\t\t\t\t\t\t\t\t\t\t\t\t\t\t\t\t\t\t\t\t\t\t\t\t\t\t<\/p>\n\t\t\t\t\t\t\t\t\t\t\t\t\t\t\t\t\t\t\t\t\t\t\t\t\t<div \n\t\t\t\t\t\t\t\t\t\t\t\t\tstyle=\"width:180px;\"\t\t\t\t\t\t\t\t\t\t\t\t\tclass=\"gllr_single_image_text gllr_single_image_text_under\">Professora Ariane Carla Pereira (Unicentro), durante lan\u00e7amento oficial do Intercom 2014 em Manaus, em setembro passado&nbsp;<\/div>\n\t\t\t\t\t\t\t\t\t\t\t\t\t\t\t\t\t\t\t\t\t\t\t<\/div><!-- .gllr_image_block -->\n\t\t\t\t\t\t\t\t\t\t\t\t\t\t\t\t\t\t\t\t\t<div class=\"gllr_image_block\">\n\t\t\t\t\t\t\t\t\t\t\t\t<p style=\"\n\t\t\t\t\t\t\t\t\t\t\t\twidth:180px;height:140px;\t\t\t\t\t\t\t\t\t\t\t\t\">\n\t\t\t\t\t\t\t\t\t\t\t\t\t\t\t\t\t\t\t\t\t\t\t\t\t\t\t\t<a data-fancybox=\"gallery_fancybox_59\" href=\"https:\/\/www2.unicentro.br\/intercom2014\/files\/2013\/11\/Intercom_Manaus_Monitores.jpg\" title=\"Professora Marialva Barbosa com equipe de alunos da Unicentro, em Manaus. Eles atuar\u00e3o como monitores do Intercom 2014, em Foz\" >\n\t\t\t\t\t\t\t\t\t\t\t\t\t\t\t\t<img decoding=\"async\" width=&quot;160&quot; height=&quot;120&quot; style=\"width:160px; height:120px; border-width: 10px; border-color:#F1F1F1;border: 10px solid #F1F1F1\" alt=\"\" title=\"Professora Marialva Barbosa com equipe de alunos da Unicentro, em Manaus. Eles atuar\u00e3o como monitores do Intercom 2014, em Foz\" src=\"https:\/\/www2.unicentro.br\/intercom2014\/files\/2013\/11\/Intercom_Manaus_Monitores-160x120.jpg\" rel=\"https:\/\/www2.unicentro.br\/intercom2014\/files\/2013\/11\/Intercom_Manaus_Monitores.jpg\" \/>\t\t\t\t\t\t\t\t\t\t\t\t\t\t\t<\/a>\n\t\t\t\t\t\t\t\t\t\t\t\t\t\t\t\t\t\t\t\t\t\t\t\t\t\t<\/p>\n\t\t\t\t\t\t\t\t\t\t\t\t\t\t\t\t\t\t\t\t\t\t\t\t\t<div \n\t\t\t\t\t\t\t\t\t\t\t\t\tstyle=\"width:180px;\"\t\t\t\t\t\t\t\t\t\t\t\t\tclass=\"gllr_single_image_text gllr_single_image_text_under\">Professora Marialva Barbosa com equipe de alunos da Unicentro, em Manaus. Eles atuar\u00e3o como monitores do Intercom 2014, em Foz&nbsp;<\/div>\n\t\t\t\t\t\t\t\t\t\t\t\t\t\t\t\t\t\t\t\t\t\t\t<\/div><!-- .gllr_image_block -->\n\t\t\t\t\t\t\t\t\t\t\t\t\t\t\t\t\t\t\t\t\t<\/div><!-- .gllr_image_row -->\n\t\t\t\t\t\t\t\t\t\t\t\t\t\t\t\t\t\t\t\t\t\t<div class=\"gllr_image_row\">\n\t\t\t\t\t\t\t\t\t\t\t\t\t\t\t\t\t\t\t\t\t<div class=\"gllr_image_block\">\n\t\t\t\t\t\t\t\t\t\t\t\t<p style=\"\n\t\t\t\t\t\t\t\t\t\t\t\twidth:180px;height:140px;\t\t\t\t\t\t\t\t\t\t\t\t\">\n\t\t\t\t\t\t\t\t\t\t\t\t\t\t\t\t\t\t\t\t\t\t\t\t\t\t\t\t<a data-fancybox=\"gallery_fancybox_59\" href=\"https:\/\/www2.unicentro.br\/intercom2014\/files\/2013\/11\/Intercom_Manaus_Professores.jpg\" title=\"Professor Jos\u00e9 Marques de Melo, com os professores Marcio Fernandes e Francismar Forment\u00e3o (Unicentro, realizadora do Intercom 2014), durante evento em Manaus, em setembro\" >\n\t\t\t\t\t\t\t\t\t\t\t\t\t\t\t\t<img decoding=\"async\" width=&quot;160&quot; height=&quot;120&quot; style=\"width:160px; height:120px; border-width: 10px; border-color:#F1F1F1;border: 10px solid #F1F1F1\" alt=\"\" title=\"Professor Jos\u00e9 Marques de Melo, com os professores Marcio Fernandes e Francismar Forment\u00e3o (Unicentro, realizadora do Intercom 2014), durante evento em Manaus, em setembro\" src=\"https:\/\/www2.unicentro.br\/intercom2014\/files\/2013\/11\/Intercom_Manaus_Professores-160x120.jpg\" rel=\"https:\/\/www2.unicentro.br\/intercom2014\/files\/2013\/11\/Intercom_Manaus_Professores.jpg\" \/>\t\t\t\t\t\t\t\t\t\t\t\t\t\t\t<\/a>\n\t\t\t\t\t\t\t\t\t\t\t\t\t\t\t\t\t\t\t\t\t\t\t\t\t\t<\/p>\n\t\t\t\t\t\t\t\t\t\t\t\t\t\t\t\t\t\t\t\t\t\t\t\t\t<div \n\t\t\t\t\t\t\t\t\t\t\t\t\tstyle=\"width:180px;\"\t\t\t\t\t\t\t\t\t\t\t\t\tclass=\"gllr_single_image_text gllr_single_image_text_under\">Professor Jos\u00e9 Marques de Melo, com os professores Marcio Fernandes e Francismar Forment\u00e3o (Unicentro, realizadora do Intercom 2014), durante evento em Manaus, em setembro&nbsp;<\/div>\n\t\t\t\t\t\t\t\t\t\t\t\t\t\t\t\t\t\t\t\t\t\t\t<\/div><!-- .gllr_image_block -->\n\t\t\t\t\t\t\t\t\t\t\t\t\t\t\t\t\t\t\t\t\t<div class=\"gllr_image_block\">\n\t\t\t\t\t\t\t\t\t\t\t\t<p style=\"\n\t\t\t\t\t\t\t\t\t\t\t\twidth:180px;height:140px;\t\t\t\t\t\t\t\t\t\t\t\t\">\n\t\t\t\t\t\t\t\t\t\t\t\t\t\t\t\t\t\t\t\t\t\t\t\t\t\t\t\t<a data-fancybox=\"gallery_fancybox_59\" href=\"https:\/\/www2.unicentro.br\/intercom2014\/files\/2013\/11\/Intercom_Nascimento_RIC_TV.jpg\" title=\"Jos\u00e9 Nascimento, diretor de Conte\u00fado da RICTV Record, patrocinadora oficial do Intercom 2014\" >\n\t\t\t\t\t\t\t\t\t\t\t\t\t\t\t\t<img decoding=\"async\" width=&quot;160&quot; height=&quot;120&quot; style=\"width:160px; height:120px; border-width: 10px; border-color:#F1F1F1;border: 10px solid #F1F1F1\" alt=\"\" title=\"Jos\u00e9 Nascimento, diretor de Conte\u00fado da RICTV Record, patrocinadora oficial do Intercom 2014\" src=\"https:\/\/www2.unicentro.br\/intercom2014\/files\/2013\/11\/Intercom_Nascimento_RIC_TV-160x120.jpg\" rel=\"https:\/\/www2.unicentro.br\/intercom2014\/files\/2013\/11\/Intercom_Nascimento_RIC_TV.jpg\" \/>\t\t\t\t\t\t\t\t\t\t\t\t\t\t\t<\/a>\n\t\t\t\t\t\t\t\t\t\t\t\t\t\t\t\t\t\t\t\t\t\t\t\t\t\t<\/p>\n\t\t\t\t\t\t\t\t\t\t\t\t\t\t\t\t\t\t\t\t\t\t\t\t\t<div \n\t\t\t\t\t\t\t\t\t\t\t\t\tstyle=\"width:180px;\"\t\t\t\t\t\t\t\t\t\t\t\t\tclass=\"gllr_single_image_text gllr_single_image_text_under\">Jos\u00e9 Nascimento, diretor de Conte\u00fado da RICTV Record, patrocinadora oficial do Intercom 2014&nbsp;<\/div>\n\t\t\t\t\t\t\t\t\t\t\t\t\t\t\t\t\t\t\t\t\t\t\t<\/div><!-- .gllr_image_block -->\n\t\t\t\t\t\t\t\t\t\t\t\t\t\t\t\t\t\t\t\t\t<div class=\"gllr_image_block\">\n\t\t\t\t\t\t\t\t\t\t\t\t<p style=\"\n\t\t\t\t\t\t\t\t\t\t\t\twidth:180px;height:140px;\t\t\t\t\t\t\t\t\t\t\t\t\">\n\t\t\t\t\t\t\t\t\t\t\t\t\t\t\t\t\t\t\t\t\t\t\t\t\t\t\t\t<a data-fancybox=\"gallery_fancybox_59\" href=\"https:\/\/www2.unicentro.br\/intercom2014\/files\/2013\/11\/Intercom_RIC_TV-1024x680.jpg\" title=\"Professor Aldo Nelson Bona (de palet\u00f3, reitor da Unicentro), com Jos\u00e9 Nascimento (diretor de Conte\u00fado da RICTV Record), e os professores Ariane Carla Pereira e Marcio Fernandes (Unicentro), durante visita de Nascimento \u00e0 Universidade, em Guarapuava, no primeiro semestre de 2013\" >\n\t\t\t\t\t\t\t\t\t\t\t\t\t\t\t\t<img decoding=\"async\" width=&quot;160&quot; height=&quot;120&quot; style=\"width:160px; height:120px; border-width: 10px; border-color:#F1F1F1;border: 10px solid #F1F1F1\" alt=\"\" title=\"Professor Aldo Nelson Bona (de palet\u00f3, reitor da Unicentro), com Jos\u00e9 Nascimento (diretor de Conte\u00fado da RICTV Record), e os professores Ariane Carla Pereira e Marcio Fernandes (Unicentro), durante visita de Nascimento \u00e0 Universidade, em Guarapuava, no primeiro semestre de 2013\" src=\"https:\/\/www2.unicentro.br\/intercom2014\/files\/2013\/11\/Intercom_RIC_TV-160x120.jpg\" rel=\"https:\/\/www2.unicentro.br\/intercom2014\/files\/2013\/11\/Intercom_RIC_TV.jpg\" \/>\t\t\t\t\t\t\t\t\t\t\t\t\t\t\t<\/a>\n\t\t\t\t\t\t\t\t\t\t\t\t\t\t\t\t\t\t\t\t\t\t\t\t\t\t<\/p>\n\t\t\t\t\t\t\t\t\t\t\t\t\t\t\t\t\t\t\t\t\t\t\t\t\t<div \n\t\t\t\t\t\t\t\t\t\t\t\t\tstyle=\"width:180px;\"\t\t\t\t\t\t\t\t\t\t\t\t\tclass=\"gllr_single_image_text gllr_single_image_text_under\">Professor Aldo Nelson Bona (de palet\u00f3, reitor da Unicentro), com Jos\u00e9 Nascimento (diretor de Conte\u00fado da RICTV Record), e os professores Ariane Carla Pereira e Marcio Fernandes (Unicentro), durante visita de Nascimento \u00e0 Universidade, em Guarapuava, no primeiro semestre de 2013&nbsp;<\/div>\n\t\t\t\t\t\t\t\t\t\t\t\t\t\t\t\t\t\t\t\t\t\t\t<\/div><!-- .gllr_image_block -->\n\t\t\t\t\t\t\t\t\t\t\t\t\t\t\t\t\t\t\t\t\t<\/div><!-- .gllr_image_row -->\n\t\t\t\t\t\t\t\t\t\t\t\t\t\t\t\t\t\t\t\t\t\t<div class=\"gllr_image_row\">\n\t\t\t\t\t\t\t\t\t\t\t\t\t\t\t\t\t\t\t\t\t<div class=\"gllr_image_block\">\n\t\t\t\t\t\t\t\t\t\t\t\t<p style=\"\n\t\t\t\t\t\t\t\t\t\t\t\twidth:180px;height:140px;\t\t\t\t\t\t\t\t\t\t\t\t\">\n\t\t\t\t\t\t\t\t\t\t\t\t\t\t\t\t\t\t\t\t\t\t\t\t\t\t\t\t<a data-fancybox=\"gallery_fancybox_59\" href=\"https:\/\/www2.unicentro.br\/intercom2014\/files\/2013\/11\/Intercom_Lanc_amento_Foz_Unila-1024x682.jpg\" title=\"Marcio Fernandes (de palet\u00f3, ao centro), com a equipe da Unila, co-realizadora do Intercom 2014\" >\n\t\t\t\t\t\t\t\t\t\t\t\t\t\t\t\t<img decoding=\"async\" width=&quot;160&quot; height=&quot;120&quot; style=\"width:160px; height:120px; border-width: 10px; border-color:#F1F1F1;border: 10px solid #F1F1F1\" alt=\"\" title=\"Marcio Fernandes (de palet\u00f3, ao centro), com a equipe da Unila, co-realizadora do Intercom 2014\" src=\"https:\/\/www2.unicentro.br\/intercom2014\/files\/2013\/11\/Intercom_Lanc_amento_Foz_Unila-160x120.jpg\" rel=\"https:\/\/www2.unicentro.br\/intercom2014\/files\/2013\/11\/Intercom_Lanc_amento_Foz_Unila.jpg\" \/>\t\t\t\t\t\t\t\t\t\t\t\t\t\t\t<\/a>\n\t\t\t\t\t\t\t\t\t\t\t\t\t\t\t\t\t\t\t\t\t\t\t\t\t\t<\/p>\n\t\t\t\t\t\t\t\t\t\t\t\t\t\t\t\t\t\t\t\t\t\t\t\t\t<div \n\t\t\t\t\t\t\t\t\t\t\t\t\tstyle=\"width:180px;\"\t\t\t\t\t\t\t\t\t\t\t\t\tclass=\"gllr_single_image_text gllr_single_image_text_under\">Marcio Fernandes (de palet\u00f3, ao centro), com a equipe da Unila, co-realizadora do Intercom 2014&nbsp;<\/div>\n\t\t\t\t\t\t\t\t\t\t\t\t\t\t\t\t\t\t\t\t\t\t\t<\/div><!-- .gllr_image_block -->\n\t\t\t\t\t\t\t\t\t\t\t\t\t\t\t\t\t\t\t\t\t<div class=\"clear\"><\/div>\n\t\t\t\t\t\t\t\t\t\t<\/div><!-- .gllr_image_row -->\n\t\t\t\t\t\t\t\t\t\t\t\t\t\t\t\t\t<\/div><!-- .gallery.clearfix -->\n\t\t\t\t\t\t\t\t\t\t\t\t\t\t<\/div><!-- .gallery_box_single -->\n\t\t\t\t\t\t<div class=\"gllr_clear\"><\/div>\n\t\t\t\t\t\t\n","protected":false},"excerpt":{"rendered":"","protected":false},"author":2,"featured_media":0,"parent":0,"menu_order":0,"comment_status":"closed","ping_status":"closed","template":"","meta":{"_exactmetrics_skip_tracking":false,"_exactmetrics_sitenote_active":false,"_exactmetrics_sitenote_note":"","_exactmetrics_sitenote_category":0,"footnotes":"","_links_to":"","_links_to_target":""},"class_list":["post-22","page","type-page","status-publish","hentry"],"publishpress_future_action":{"enabled":false,"date":"2026-04-26 09:12:16","action":"change-status","newStatus":"draft","terms":[],"taxonomy":"","extraData":[]},"publishpress_future_workflow_manual_trigger":{"enabledWorkflows":[]},"_links":{"self":[{"href":"https:\/\/www2.unicentro.br\/intercom2014\/wp-json\/wp\/v2\/pages\/22","targetHints":{"allow":["GET"]}}],"collection":[{"href":"https:\/\/www2.unicentro.br\/intercom2014\/wp-json\/wp\/v2\/pages"}],"about":[{"href":"https:\/\/www2.unicentro.br\/intercom2014\/wp-json\/wp\/v2\/types\/page"}],"author":[{"embeddable":true,"href":"https:\/\/www2.unicentro.br\/intercom2014\/wp-json\/wp\/v2\/users\/2"}],"replies":[{"embeddable":true,"href":"https:\/\/www2.unicentro.br\/intercom2014\/wp-json\/wp\/v2\/comments?post=22"}],"version-history":[{"count":2,"href":"https:\/\/www2.unicentro.br\/intercom2014\/wp-json\/wp\/v2\/pages\/22\/revisions"}],"predecessor-version":[{"id":70,"href":"https:\/\/www2.unicentro.br\/intercom2014\/wp-json\/wp\/v2\/pages\/22\/revisions\/70"}],"wp:attachment":[{"href":"https:\/\/www2.unicentro.br\/intercom2014\/wp-json\/wp\/v2\/media?parent=22"}],"curies":[{"name":"wp","href":"https:\/\/api.w.org\/{rel}","templated":true}]}}