{"id":8,"date":"2015-12-02T11:59:34","date_gmt":"2015-12-02T11:59:34","guid":{"rendered":"http:\/\/www2.unicentro.br\/gepoge\/?page_id=8"},"modified":"2020-05-31T00:18:43","modified_gmt":"2020-05-31T02:18:43","slug":"objetivo-central","status":"publish","type":"page","link":"https:\/\/www2.unicentro.br\/gepoge\/objetivo-central\/","title":{"rendered":"Objetivo Central"},"content":{"rendered":"<p><span style=\"font-family: georgia, palatino, serif;font-size: 12pt;color: #000000\">Temos como objetivo a produ\u00e7\u00e3o de estudos e pesquisas sobre as transforma\u00e7\u00f5es sociais, econ\u00f4micas e pol\u00edticas e seus reflexos no campo educacional, bem como, o perfil e papel do Estado frente as pol\u00edticas educacionais. As seguintes tem\u00e1ticas ser\u00e3o contemplados nas pesquisas do grupo:<\/span><\/p>\n<ul>\n<li><span style=\"font-family: georgia, palatino, serif;font-size: 12pt;color: #000000\">formula\u00e7\u00e3o, implementa\u00e7\u00e3o e avalia\u00e7\u00e3o das pol\u00edticas educacionais (educa\u00e7\u00e3o b\u00e1sica e superior);<\/span><\/li>\n<li><span style=\"font-family: georgia, palatino, serif;font-size: 12pt;color: #000000\">pol\u00edticas para o ensino superior<\/span><\/li>\n<li><span style=\"font-family: georgia, palatino, serif;font-size: 12pt;color: #000000\">pol\u00edtica de forma\u00e7\u00e3o de professores e a qualidade da educa\u00e7\u00e3o b\u00e1sica;<\/span><\/li>\n<li><span style=\"font-family: georgia, palatino, serif;font-size: 12pt;color: #000000\">pol\u00edtica educacional em Gramsci;<\/span><\/li>\n<li><span style=\"font-family: georgia, palatino, serif;font-size: 12pt;color: #000000\">gest\u00e3o de sistemas de ensino e institui\u00e7\u00f5es educativas;<\/span><\/li>\n<li><span style=\"font-family: georgia, palatino, serif;font-size: 12pt;color: #000000\">democracia, participa\u00e7\u00e3o e papel dos diretores nas institui\u00e7\u00f5es educativas;<\/span><\/li>\n<li><span style=\"font-family: georgia, palatino, serif;font-size: 12pt;color: #000000\">processo de privatiza\u00e7\u00e3o da educa\u00e7\u00e3o.\u00a0<\/span><\/li>\n<\/ul>\n","protected":false},"excerpt":{"rendered":"<p>Temos como objetivo a produ\u00e7\u00e3o de estudos e pesquisas sobre as transforma\u00e7\u00f5es sociais, econ\u00f4micas e pol\u00edticas e seus reflexos no campo educacional, bem como, o perfil e papel do Estado frente as pol\u00edticas educacionais. As seguintes tem\u00e1ticas ser\u00e3o contemplados nas pesquisas do grupo: formula\u00e7\u00e3o, implementa\u00e7\u00e3o e avalia\u00e7\u00e3o das pol\u00edticas educacionais (educa\u00e7\u00e3o b\u00e1sica e superior); pol\u00edticas [&hellip;]<\/p>\n","protected":false},"author":2,"featured_media":0,"parent":0,"menu_order":0,"comment_status":"closed","ping_status":"closed","template":"","meta":{"_exactmetrics_skip_tracking":false,"_exactmetrics_sitenote_active":false,"_exactmetrics_sitenote_note":"","_exactmetrics_sitenote_category":0,"footnotes":"","_links_to":"","_links_to_target":""},"class_list":["post-8","page","type-page","status-publish","hentry"],"_links":{"self":[{"href":"https:\/\/www2.unicentro.br\/gepoge\/wp-json\/wp\/v2\/pages\/8","targetHints":{"allow":["GET"]}}],"collection":[{"href":"https:\/\/www2.unicentro.br\/gepoge\/wp-json\/wp\/v2\/pages"}],"about":[{"href":"https:\/\/www2.unicentro.br\/gepoge\/wp-json\/wp\/v2\/types\/page"}],"author":[{"embeddable":true,"href":"https:\/\/www2.unicentro.br\/gepoge\/wp-json\/wp\/v2\/users\/2"}],"replies":[{"embeddable":true,"href":"https:\/\/www2.unicentro.br\/gepoge\/wp-json\/wp\/v2\/comments?post=8"}],"version-history":[{"count":4,"href":"https:\/\/www2.unicentro.br\/gepoge\/wp-json\/wp\/v2\/pages\/8\/revisions"}],"predecessor-version":[{"id":663,"href":"https:\/\/www2.unicentro.br\/gepoge\/wp-json\/wp\/v2\/pages\/8\/revisions\/663"}],"wp:attachment":[{"href":"https:\/\/www2.unicentro.br\/gepoge\/wp-json\/wp\/v2\/media?parent=8"}],"curies":[{"name":"wp","href":"https:\/\/api.w.org\/{rel}","templated":true}]}}