{"id":10,"date":"2015-12-02T12:01:01","date_gmt":"2015-12-02T12:01:01","guid":{"rendered":"http:\/\/www2.unicentro.br\/gepoge\/?page_id=10"},"modified":"2022-05-06T00:12:44","modified_gmt":"2022-05-06T02:12:44","slug":"pesquisadores","status":"publish","type":"page","link":"https:\/\/www2.unicentro.br\/gepoge\/pesquisadores\/","title":{"rendered":"Pesquisadores"},"content":{"rendered":"<p style=\"text-align: center\"><span style=\"font-size: 12pt;font-family: georgia, palatino, serif\"><a href=\"https:\/\/www2.unicentro.br\/gepoge\/files\/2020\/05\/grupo.jpg\"><img loading=\"lazy\" decoding=\"async\" class=\"alignnone wp-image-540 size-medium\" src=\"https:\/\/www2.unicentro.br\/gepoge\/files\/2020\/05\/grupo-300x225.jpg\" alt=\"\" width=\"300\" height=\"225\" srcset=\"https:\/\/www2.unicentro.br\/gepoge\/files\/2020\/05\/grupo-300x225.jpg 300w, https:\/\/www2.unicentro.br\/gepoge\/files\/2020\/05\/grupo-768x576.jpg 768w, https:\/\/www2.unicentro.br\/gepoge\/files\/2020\/05\/grupo-1024x768.jpg 1024w, https:\/\/www2.unicentro.br\/gepoge\/files\/2020\/05\/grupo.jpg 1280w\" sizes=\"auto, (max-width: 300px) 100vw, 300px\" \/><\/a><\/span><\/p>\n<p style=\"text-align: justify\"><span style=\"color: #000000;font-family: georgia, palatino, serif;font-size: 12pt\"><strong>Coordenadoras<\/strong>:<\/span><\/p>\n<p style=\"text-align: justify\"><span style=\"font-family: georgia, palatino, serif;font-size: 12pt;color: #000000\"><a style=\"color: #000000\" href=\"http:\/\/lattes.cnpq.br\/3326773034222088\">Michelle Fernandes Lima <\/a>\u00a0&#8211;\u00a0Professora Permanente do PPGE\/Unicentro Deped\/Irati<\/span><\/p>\n<p style=\"text-align: justify\"><span style=\"font-family: georgia, palatino, serif;font-size: 12pt;color: #000000\">\u00a0<a style=\"color: #000000\" href=\"http:\/\/lattes.cnpq.br\/5981450525733302\">Marisa Schneckenberg<\/a>\u00a0&#8211;\u00a0Professora Permanente do PPGE\/Unicentro Deped\/Irati<\/span><\/p>\n<p>&nbsp;<\/p>\n<p style=\"text-align: justify\"><span style=\"font-family: georgia, palatino, serif;font-size: 12pt\"><strong><span style=\"color: #000000\">Pesquisadoras:<\/span><\/strong><\/span><\/p>\n<p style=\"text-align: justify\"><span style=\"font-size: 12pt;font-family: georgia, palatino, serif;color: #000000\"><a style=\"color: #000000\" href=\"http:\/\/lattes.cnpq.br\/2710744265961686\">Sheila Fabiana de Quadros\u00a0<\/a>(Doutora -UEPG)<\/span><\/p>\n<p><span style=\"color: #000000;font-family: georgia, palatino, serif;font-size: 12pt\"><a style=\"color: #000000\" href=\"http:\/\/lattes.cnpq.br\/1693625675816056\">Angela Maria Corso<\/a> (Doutora &#8211; UNICAMP)<\/span><\/p>\n<p style=\"text-align: justify\"><span style=\"font-size: 12pt;font-family: georgia, palatino, serif;color: #000000\"><a style=\"color: #000000\" href=\"http:\/\/lattes.cnpq.br\/3297671225940249\">Kelly Let\u00edcia Sakata\u00a0<\/a>(Doutoranda &#8211; UFPR)<\/span><\/p>\n<p style=\"text-align: justify\"><span style=\"color: #000000;font-size: 12pt;font-family: georgia, palatino, serif\"><a style=\"color: #000000\" href=\"http:\/\/lattes.cnpq.br\/8662990056881343\">Francine Cordeiro Bobato<\/a> (Doutoranda PUC\/PR)<\/span><\/p>\n<p style=\"text-align: justify\"><span style=\"font-family: georgia, palatino, serif;font-size: 12pt;color: #000000\"><a style=\"color: #000000\" href=\"http:\/\/lattes.cnpq.br\/9683711693563733\">Elisandra Aparecida Czekalsk<\/a><a style=\"color: #000000\" href=\"http:\/\/lattes.cnpq.br\/9683711693563733\">i<\/a>\u00a0 (Mestre em Educa\u00e7\u00e3o &#8211; UNICENTRO)<\/span><\/p>\n<p style=\"text-align: justify\"><span style=\"font-family: georgia, palatino, serif;font-size: 12pt;color: #000000\"><a style=\"color: #000000\" href=\"http:\/\/lattes.cnpq.br\/3714809257215611\">Maria Let\u00edcia Neves\u00a0<\/a> (Mestre em Educa\u00e7\u00e3o &#8211; UNICENTRO)<\/span><\/p>\n<p style=\"text-align: justify\"><span style=\"font-size: 12pt;color: #000000;font-family: georgia, palatino, serif\"><a style=\"color: #000000\" href=\"http:\/\/lattes.cnpq.br\/3503736017206083\" target=\"_blank\" rel=\"noopener noreferrer\">Joseli Guimar\u00e3es<\/a> (Mestre em Educa\u00e7\u00e3o &#8211; UNICENTRO)\u00a0<\/span><\/p>\n<p style=\"text-align: justify\"><span style=\"font-family: georgia, palatino, serif;font-size: 12pt;color: #000000\"><a style=\"color: #000000\" href=\"http:\/\/lattes.cnpq.br\/138836133057878\">Luciane Chimel\u00a0<\/a>(Mestre em Educa\u00e7\u00e3o &#8211; UNICENTRO)\u00a0<\/span><\/p>\n<p style=\"text-align: justify\"><span style=\"font-size: 12pt;color: #000000;font-family: georgia, palatino, serif\"><a style=\"color: #000000\" href=\"http:\/\/lattes.cnpq.br\/5896083671427974\" target=\"_blank\" rel=\"noopener noreferrer\">Vanderl\u00e9ia Gura<\/a>\u00a0 (Mestre em Educa\u00e7\u00e3o &#8211; UNICENTRO)<\/span><\/p>\n<p style=\"text-align: justify\"><span style=\"font-size: 12pt;font-family: georgia, palatino, serif;color: #000000\"><a style=\"color: #000000\" href=\"http:\/\/lattes.cnpq.br\/4525956517957424\">Graciele Lipsuch<\/a> (Mestre em Educa\u00e7\u00e3o &#8211; UNICENTRO)\u00a0<\/span><\/p>\n<p style=\"text-align: justify\"><span style=\"color: #000000;font-size: 12pt;font-family: georgia, palatino, serif\"><a style=\"color: #000000\" href=\"http:\/\/lattes.cnpq.br\/5253054309835066\">Paloma Domingues Ferreira<\/a> (Mestre em Educa\u00e7\u00e3o &#8211; UNICENTRO)<\/span><\/p>\n<p><span style=\"color: #000000;font-size: 12pt;font-family: georgia, palatino, serif\"><a style=\"color: #000000\" href=\"http:\/\/lattes.cnpq.br\/6968379458725191\">Victa Ogg Jonson Gon\u00e7alves\u00a0<\/a>(PPGE\/UNICENTRO)<\/span><\/p>\n<p>&nbsp;<\/p>\n<p><span style=\"font-size: 12pt;color: #000000;font-family: georgia, palatino, serif\"><strong>Aluna da P\u00f3s-Gradua\u00e7\u00e3o (Doutorado)<\/strong><\/span><\/p>\n<p><span style=\"font-size: 12pt;color: #000000;font-family: georgia, palatino, serif\">Elem Lustosa (PPGE\/UNICENTRO) Orienta\u00e7\u00e3o: Prof\u00aa Dr\u00aa Michelle Fernandes Lima<\/span><\/p>\n<p><span style=\"font-family: georgia, palatino, serif;font-size: 12pt\">Ana Bela dos Santos (PPGE\/UNICENTRO) <span style=\"color: #000000\">Orienta\u00e7\u00e3o: Prof\u00aa Dr\u00aa Marisa Schneckenberg<\/span><\/span><\/p>\n<p>&nbsp;<\/p>\n<p style=\"text-align: justify\"><span style=\"font-size: 12pt;font-family: georgia, palatino, serif;color: #000000\"><strong>Alunos da P\u00f3s-Gradua\u00e7\u00e3o (Mestrado):<\/strong><\/span><\/p>\n<p><span style=\"font-family: georgia, palatino, serif;font-size: 12pt;color: #000000\"><a style=\"color: #000000\" href=\"http:\/\/lattes.cnpq.br\/8515503923624658\">Maria Danieli Ferreira de Souza<\/a> (PPGE\/UNICENTRO) Orienta\u00e7\u00e3o: Prof\u00aa Dr\u00aa Marisa Schneckenberg<\/span><\/p>\n<p><span style=\"color: #000000;font-size: 12pt;font-family: georgia, palatino, serif\"><a style=\"color: #000000\" href=\"http:\/\/lattes.cnpq.br\/0423688826552810\">Jussara de Fatima Ivanski Ruppel<\/a> (PPGE\/UNICENTRO) Orienta\u00e7\u00e3o: Prof\u00aa Dr\u00aa Michelle Fernandes Lima<\/span><\/p>\n<p>&nbsp;<\/p>\n<p><span style=\"font-size: 12pt;color: #000000;font-family: georgia, palatino, serif\"><strong>Alunos da gradua\u00e7\u00e3o &#8211; Inicia\u00e7\u00e3o Cientifica<\/strong><\/span><\/p>\n<p><span style=\"font-size: 12pt;color: #000000;font-family: georgia, palatino, serif\">Monica Grutka (UNICENTRO) Orientadora: Marisa Schneckenberg<\/span><\/p>\n<p><span style=\"font-size: 12pt;color: #000000;font-family: georgia, palatino, serif\">Elis Daiane Ribeiro (UNICENTRO) Orientadora: Marisa Schneckenberg<\/span><\/p>\n","protected":false},"excerpt":{"rendered":"<p>Coordenadoras: Michelle Fernandes Lima \u00a0&#8211;\u00a0Professora Permanente do PPGE\/Unicentro Deped\/Irati \u00a0Marisa Schneckenberg\u00a0&#8211;\u00a0Professora Permanente do PPGE\/Unicentro Deped\/Irati &nbsp; Pesquisadoras: Sheila Fabiana de Quadros\u00a0(Doutora -UEPG) Angela Maria Corso (Doutora &#8211; UNICAMP) Kelly Let\u00edcia Sakata\u00a0(Doutoranda &#8211; UFPR) Francine Cordeiro Bobato (Doutoranda PUC\/PR) Elisandra Aparecida Czekalski\u00a0 (Mestre em Educa\u00e7\u00e3o &#8211; UNICENTRO) Maria Let\u00edcia Neves\u00a0 (Mestre em Educa\u00e7\u00e3o &#8211; UNICENTRO) Joseli [&hellip;]<\/p>\n","protected":false},"author":2,"featured_media":0,"parent":0,"menu_order":0,"comment_status":"closed","ping_status":"closed","template":"onecolumn-page.php","meta":{"_exactmetrics_skip_tracking":false,"_exactmetrics_sitenote_active":false,"_exactmetrics_sitenote_note":"","_exactmetrics_sitenote_category":0,"footnotes":"","_links_to":"","_links_to_target":""},"class_list":["post-10","page","type-page","status-publish","hentry"],"_links":{"self":[{"href":"https:\/\/www2.unicentro.br\/gepoge\/wp-json\/wp\/v2\/pages\/10","targetHints":{"allow":["GET"]}}],"collection":[{"href":"https:\/\/www2.unicentro.br\/gepoge\/wp-json\/wp\/v2\/pages"}],"about":[{"href":"https:\/\/www2.unicentro.br\/gepoge\/wp-json\/wp\/v2\/types\/page"}],"author":[{"embeddable":true,"href":"https:\/\/www2.unicentro.br\/gepoge\/wp-json\/wp\/v2\/users\/2"}],"replies":[{"embeddable":true,"href":"https:\/\/www2.unicentro.br\/gepoge\/wp-json\/wp\/v2\/comments?post=10"}],"version-history":[{"count":54,"href":"https:\/\/www2.unicentro.br\/gepoge\/wp-json\/wp\/v2\/pages\/10\/revisions"}],"predecessor-version":[{"id":1235,"href":"https:\/\/www2.unicentro.br\/gepoge\/wp-json\/wp\/v2\/pages\/10\/revisions\/1235"}],"wp:attachment":[{"href":"https:\/\/www2.unicentro.br\/gepoge\/wp-json\/wp\/v2\/media?parent=10"}],"curies":[{"name":"wp","href":"https:\/\/api.w.org\/{rel}","templated":true}]}}