{"id":111,"date":"2016-07-14T13:44:28","date_gmt":"2016-07-14T16:44:28","guid":{"rendered":"http:\/\/www2.unicentro.br\/feiradasprofissoes\/?page_id=111"},"modified":"2016-07-14T13:44:28","modified_gmt":"2016-07-14T16:44:28","slug":"educacao-fisica-bacharelado","status":"publish","type":"page","link":"https:\/\/www2.unicentro.br\/feiradasprofissoes\/educacao-fisica-bacharelado\/","title":{"rendered":"Educa\u00e7\u00e3o F\u00edsica &#8211; Bacharelado"},"content":{"rendered":"<p>O bacharel em Educa\u00e7\u00e3o F\u00edsica tem um perfil acad\u00eamico-profissional voltado para uma forma\u00e7\u00e3o generalista, humanista e cr\u00edtica, qualificadora de uma interven\u00e7\u00e3o fundamentada no rigor cient\u00edfico, na reflex\u00e3o filos\u00f3fica e na conduta \u00e9tica. O bacharel est\u00e1 qualificado para analisar criticamente a realidade social, para nela intervir acad\u00eamica e profissionalmente por meio de manifesta\u00e7\u00f5es e express\u00f5es do movimento humano, visando a forma\u00e7\u00e3o, a amplia\u00e7\u00e3o e o enriquecimento cultural das pessoas para aumentar as possibilidades de ado\u00e7\u00e3o de um estilo de vida fisicamente ativo e saud\u00e1vel. O profissional estar\u00e1 envolvido no estudo, planejamento, execu\u00e7\u00e3o, avalia\u00e7\u00e3o e prescri\u00e7\u00e3o de programas de atividades f\u00edsicas individuais ou para grupos populacionais.<\/p>\n<p>&nbsp;<\/p>\n<h4>Mercado de trabalho<\/h4>\n<p>As \u00e1reas de atua\u00e7\u00e3o s\u00e3o a sa\u00fade, esporte, lazer e popula\u00e7\u00f5es especiais, e os campos de atua\u00e7\u00e3o s\u00e3o clubes, academias, centros de recupera\u00e7\u00e3o, associa\u00e7\u00f5es, centros de lazer e universidades.<\/p>\n<p>&nbsp;<\/p>\n<h5>Mais informa\u00e7\u00f5es<\/h5>\n<table  class=\" table table-hover\" style=\"height: 258px\" width=\"667\">\n<tbody>\n<tr>\n<td><strong>Modalidade<\/strong><\/td>\n<td>Bacharelado<\/td>\n<\/tr>\n<tr>\n<td><strong>Turno<\/strong><\/td>\n<td>Integral<\/td>\n<\/tr>\n<tr>\n<td><strong>Vagas<\/strong><\/td>\n<td>40<\/td>\n<\/tr>\n<tr>\n<td><strong>Dura\u00e7\u00e3o padr\u00e3o<\/strong><\/td>\n<td>4\u00a0anos<\/td>\n<\/tr>\n<tr>\n<td><strong>Unidades<\/strong><\/td>\n<td>Cedeteg<\/td>\n<\/tr>\n<\/tbody>\n<\/table>\n","protected":false},"excerpt":{"rendered":"<p>O bacharel em Educa\u00e7\u00e3o F\u00edsica tem um perfil acad\u00eamico-profissional voltado para uma forma\u00e7\u00e3o generalista, humanista e cr\u00edtica, qualificadora de uma interven\u00e7\u00e3o fundamentada no rigor cient\u00edfico, na reflex\u00e3o filos\u00f3fica e na conduta \u00e9tica. O bacharel est\u00e1 qualificado para analisar criticamente a realidade social, para nela intervir acad\u00eamica e profissionalmente por meio de manifesta\u00e7\u00f5es e express\u00f5es do [&hellip;]<\/p>\n","protected":false},"author":2,"featured_media":112,"parent":0,"menu_order":0,"comment_status":"closed","ping_status":"closed","template":"podcast.php","meta":{"_exactmetrics_skip_tracking":false,"_exactmetrics_sitenote_active":false,"_exactmetrics_sitenote_note":"","_exactmetrics_sitenote_category":0,"footnotes":"","_links_to":"","_links_to_target":""},"class_list":["post-111","page","type-page","status-publish","has-post-thumbnail","hentry"],"_links":{"self":[{"href":"https:\/\/www2.unicentro.br\/feiradasprofissoes\/wp-json\/wp\/v2\/pages\/111","targetHints":{"allow":["GET"]}}],"collection":[{"href":"https:\/\/www2.unicentro.br\/feiradasprofissoes\/wp-json\/wp\/v2\/pages"}],"about":[{"href":"https:\/\/www2.unicentro.br\/feiradasprofissoes\/wp-json\/wp\/v2\/types\/page"}],"author":[{"embeddable":true,"href":"https:\/\/www2.unicentro.br\/feiradasprofissoes\/wp-json\/wp\/v2\/users\/2"}],"replies":[{"embeddable":true,"href":"https:\/\/www2.unicentro.br\/feiradasprofissoes\/wp-json\/wp\/v2\/comments?post=111"}],"version-history":[{"count":1,"href":"https:\/\/www2.unicentro.br\/feiradasprofissoes\/wp-json\/wp\/v2\/pages\/111\/revisions"}],"predecessor-version":[{"id":113,"href":"https:\/\/www2.unicentro.br\/feiradasprofissoes\/wp-json\/wp\/v2\/pages\/111\/revisions\/113"}],"wp:featuredmedia":[{"embeddable":true,"href":"https:\/\/www2.unicentro.br\/feiradasprofissoes\/wp-json\/wp\/v2\/media\/112"}],"wp:attachment":[{"href":"https:\/\/www2.unicentro.br\/feiradasprofissoes\/wp-json\/wp\/v2\/media?parent=111"}],"curies":[{"name":"wp","href":"https:\/\/api.w.org\/{rel}","templated":true}]}}