{"id":7,"date":"2013-04-05T16:44:57","date_gmt":"2013-04-05T16:44:57","guid":{"rendered":"http:\/\/www2.unicentro.br\/dirpat\/?page_id=7"},"modified":"2016-03-02T14:56:42","modified_gmt":"2016-03-02T14:56:42","slug":"inicial","status":"publish","type":"page","link":"https:\/\/www2.unicentro.br\/dirpat\/","title":{"rendered":"Diretoria de Patrim\u00f4nio, Dirpat"},"content":{"rendered":"<p><span style=\"font-size: 12px\">\u00c0 Diretoria de Patrim\u00f4nio compete o cadastro e o controle sobre os bens m\u00f3veis e im\u00f3veis no \u00e2mbito da Universidade Estadual do Centro-Oeste, Unicentro, atrav\u00e9s do desenvolvimento de atividades relacionadas com a sua incorpora\u00e7\u00e3o, reavalia\u00e7\u00e3o, movimenta\u00e7\u00e3o, transfer\u00eancia e aliena\u00e7\u00e3o.<\/span><\/p>\n<p><span style=\"font-size: 12px\">Com o intu\u00edto de regulamentar e padronizar as atividades relacionadas ao patrim\u00f4nio da Unicentro a Dirpat apresenta algumas a\u00e7\u00f5es:<\/span><\/p>\n<ol>\n<li><span style=\"font-size: 12px\">Cria\u00e7\u00e3o do Portal do Patrim\u00f4nio no site da Universidade com in\u00fameras informa\u00e7\u00f5es para que as a\u00e7\u00f5es de incorpora\u00e7\u00e3o\u00a0e movimenta\u00e7\u00e3o de bens seja procedida da maneira correta, agilizando o pagamento dos fornecedores e destina\u00e7\u00e3o dos bens, evitando entrega de bens\/equipamentos sem tombamento e falta de controle na aloca\u00e7\u00e3o dos bens;<\/span><\/li>\n<li><span style=\"font-size: 12px\">Cria\u00e7\u00e3o de formul\u00e1rios auto explicativos agilizando as solicita\u00e7\u00f5es de movimenta\u00e7\u00e3o e retirada de bens, entre outras a\u00e7\u00f5es;<\/span><\/li>\n<li><span style=\"font-size: 12px\">Implanta\u00e7\u00e3o do Regulamento de Patrim\u00f4nio,\u00a0Resolu\u00e7\u00e3o n\u00ba 7\/2013-CAD\/Unicentro;\u00a0<\/span><\/li>\n<li><span style=\"font-size: 12px\">Realiza\u00e7\u00e3o de invent\u00e1rio de bens. <\/span><\/li>\n<\/ol>\n","protected":false},"excerpt":{"rendered":"<p>\u00c0 Diretoria de Patrim\u00f4nio compete o cadastro e o controle sobre os bens m\u00f3veis e im\u00f3veis no \u00e2mbito da Universidade Estadual do Centro-Oeste, Unicentro, atrav\u00e9s do desenvolvimento de atividades relacionadas com a sua incorpora\u00e7\u00e3o, reavalia\u00e7\u00e3o, movimenta\u00e7\u00e3o, transfer\u00eancia e aliena\u00e7\u00e3o. Com o intu\u00edto de regulamentar e padronizar as atividades relacionadas ao patrim\u00f4nio da Unicentro a Dirpat [&hellip;]<\/p>\n","protected":false},"author":2,"featured_media":0,"parent":0,"menu_order":0,"comment_status":"closed","ping_status":"closed","template":"","meta":{"_exactmetrics_skip_tracking":false,"_exactmetrics_sitenote_active":false,"_exactmetrics_sitenote_note":"","_exactmetrics_sitenote_category":0,"ngg_post_thumbnail":0,"footnotes":"","_links_to":"","_links_to_target":""},"class_list":["post-7","page","type-page","status-publish","hentry"],"_links":{"self":[{"href":"https:\/\/www2.unicentro.br\/dirpat\/wp-json\/wp\/v2\/pages\/7","targetHints":{"allow":["GET"]}}],"collection":[{"href":"https:\/\/www2.unicentro.br\/dirpat\/wp-json\/wp\/v2\/pages"}],"about":[{"href":"https:\/\/www2.unicentro.br\/dirpat\/wp-json\/wp\/v2\/types\/page"}],"author":[{"embeddable":true,"href":"https:\/\/www2.unicentro.br\/dirpat\/wp-json\/wp\/v2\/users\/2"}],"replies":[{"embeddable":true,"href":"https:\/\/www2.unicentro.br\/dirpat\/wp-json\/wp\/v2\/comments?post=7"}],"version-history":[{"count":10,"href":"https:\/\/www2.unicentro.br\/dirpat\/wp-json\/wp\/v2\/pages\/7\/revisions"}],"predecessor-version":[{"id":133,"href":"https:\/\/www2.unicentro.br\/dirpat\/wp-json\/wp\/v2\/pages\/7\/revisions\/133"}],"wp:attachment":[{"href":"https:\/\/www2.unicentro.br\/dirpat\/wp-json\/wp\/v2\/media?parent=7"}],"curies":[{"name":"wp","href":"https:\/\/api.w.org\/{rel}","templated":true}]}}