{"id":30,"date":"2013-04-23T18:01:57","date_gmt":"2013-04-23T18:01:57","guid":{"rendered":"http:\/\/www2.unicentro.br\/dirpat\/?page_id=30"},"modified":"2013-09-11T18:11:39","modified_gmt":"2013-09-11T18:11:39","slug":"solicitacao-de-retirada-de-bens","status":"publish","type":"page","link":"https:\/\/www2.unicentro.br\/dirpat\/solicitacao-de-retirada-de-bens\/","title":{"rendered":"Solicita\u00e7\u00e3o de Retirada de Bens"},"content":{"rendered":"<p>Em constru\u00e7\u00e3o!<\/p>\n","protected":false},"excerpt":{"rendered":"<p>Em constru\u00e7\u00e3o!<\/p>\n","protected":false},"author":2,"featured_media":0,"parent":0,"menu_order":0,"comment_status":"closed","ping_status":"closed","template":"","meta":{"_exactmetrics_skip_tracking":false,"_exactmetrics_sitenote_active":false,"_exactmetrics_sitenote_note":"","_exactmetrics_sitenote_category":0,"ngg_post_thumbnail":0,"footnotes":"","_links_to":"","_links_to_target":""},"class_list":["post-30","page","type-page","status-publish","hentry"],"_links":{"self":[{"href":"https:\/\/www2.unicentro.br\/dirpat\/wp-json\/wp\/v2\/pages\/30","targetHints":{"allow":["GET"]}}],"collection":[{"href":"https:\/\/www2.unicentro.br\/dirpat\/wp-json\/wp\/v2\/pages"}],"about":[{"href":"https:\/\/www2.unicentro.br\/dirpat\/wp-json\/wp\/v2\/types\/page"}],"author":[{"embeddable":true,"href":"https:\/\/www2.unicentro.br\/dirpat\/wp-json\/wp\/v2\/users\/2"}],"replies":[{"embeddable":true,"href":"https:\/\/www2.unicentro.br\/dirpat\/wp-json\/wp\/v2\/comments?post=30"}],"version-history":[{"count":2,"href":"https:\/\/www2.unicentro.br\/dirpat\/wp-json\/wp\/v2\/pages\/30\/revisions"}],"predecessor-version":[{"id":102,"href":"https:\/\/www2.unicentro.br\/dirpat\/wp-json\/wp\/v2\/pages\/30\/revisions\/102"}],"wp:attachment":[{"href":"https:\/\/www2.unicentro.br\/dirpat\/wp-json\/wp\/v2\/media?parent=30"}],"curies":[{"name":"wp","href":"https:\/\/api.w.org\/{rel}","templated":true}]}}