{"id":24,"date":"2013-04-23T18:00:52","date_gmt":"2013-04-23T18:00:52","guid":{"rendered":"http:\/\/www2.unicentro.br\/dirpat\/?page_id=24"},"modified":"2013-05-20T14:08:27","modified_gmt":"2013-05-20T14:08:27","slug":"legislacao","status":"publish","type":"page","link":"https:\/\/www2.unicentro.br\/dirpat\/legislacao\/","title":{"rendered":"Legisla\u00e7\u00e3o"},"content":{"rendered":"<p><a href=\"http:\/\/www.planalto.gov.br\/ccivil_03\/leis\/L4320.htm\">Lei Federal n\u00ba 4.320, de 17 de mar\u00e7o de 1964.<\/a><\/p>\n<p><a href=\"http:\/\/www.planalto.gov.br\/ccivil_03\/leis\/L4320.htm\">Lei Estadual n\u00ba 15.608, de 16 de agosto de 2007.<\/a><\/p>\n<p><a href=\"http:\/\/www2.unicentro.br\/dirpat\/files\/2013\/04\/Resolu\u00e7\u00e3o-7-2013-CAD-Unicentro-Regulamento-de-Patrim\u00f4nio.pdf\">Resolu\u00e7\u00e3o n\u00ba 7 &#8211; CAD\/Unicentro,\u00a0de 26\u00a0de mar\u00e7o de 2013\u00a0&#8211; Regulamento de Gest\u00e3o Patrimonial.<\/a><\/p>\n<p><a href=\"http:\/\/www.administracao.pr.gov.br\/arquivos\/File\/DETO\/2012_DECRETO_UTILIZACAO_VEICULOS_FINAL.pdf\">Decreto Estadual n\u00ba 4.453 &#8211; \u00a0de 26 de abril de 2012 &#8211; Trata da Ger\u00eancia do Transporte Oficial da frota do Poder Executivo Estadual.<\/a><\/p>\n<p>&nbsp;<\/p>\n","protected":false},"excerpt":{"rendered":"<p>Lei Federal n\u00ba 4.320, de 17 de mar\u00e7o de 1964. Lei Estadual n\u00ba 15.608, de 16 de agosto de 2007. Resolu\u00e7\u00e3o n\u00ba 7 &#8211; CAD\/Unicentro,\u00a0de 26\u00a0de mar\u00e7o de 2013\u00a0&#8211; Regulamento de Gest\u00e3o Patrimonial. Decreto Estadual n\u00ba 4.453 &#8211; \u00a0de 26 de abril de 2012 &#8211; Trata da Ger\u00eancia do Transporte Oficial da frota do Poder [&hellip;]<\/p>\n","protected":false},"author":2,"featured_media":0,"parent":0,"menu_order":0,"comment_status":"closed","ping_status":"closed","template":"","meta":{"_exactmetrics_skip_tracking":false,"_exactmetrics_sitenote_active":false,"_exactmetrics_sitenote_note":"","_exactmetrics_sitenote_category":0,"ngg_post_thumbnail":0,"footnotes":"","_links_to":"","_links_to_target":""},"class_list":["post-24","page","type-page","status-publish","hentry"],"_links":{"self":[{"href":"https:\/\/www2.unicentro.br\/dirpat\/wp-json\/wp\/v2\/pages\/24","targetHints":{"allow":["GET"]}}],"collection":[{"href":"https:\/\/www2.unicentro.br\/dirpat\/wp-json\/wp\/v2\/pages"}],"about":[{"href":"https:\/\/www2.unicentro.br\/dirpat\/wp-json\/wp\/v2\/types\/page"}],"author":[{"embeddable":true,"href":"https:\/\/www2.unicentro.br\/dirpat\/wp-json\/wp\/v2\/users\/2"}],"replies":[{"embeddable":true,"href":"https:\/\/www2.unicentro.br\/dirpat\/wp-json\/wp\/v2\/comments?post=24"}],"version-history":[{"count":6,"href":"https:\/\/www2.unicentro.br\/dirpat\/wp-json\/wp\/v2\/pages\/24\/revisions"}],"predecessor-version":[{"id":112,"href":"https:\/\/www2.unicentro.br\/dirpat\/wp-json\/wp\/v2\/pages\/24\/revisions\/112"}],"wp:attachment":[{"href":"https:\/\/www2.unicentro.br\/dirpat\/wp-json\/wp\/v2\/media?parent=24"}],"curies":[{"name":"wp","href":"https:\/\/api.w.org\/{rel}","templated":true}]}}