{"id":191,"date":"2021-11-25T19:39:53","date_gmt":"2021-11-25T19:39:53","guid":{"rendered":"https:\/\/www2.unicentro.br\/dirpat\/?page_id=191"},"modified":"2026-04-13T11:47:46","modified_gmt":"2026-04-13T11:47:46","slug":"transparencia-doacoes-recebidas","status":"publish","type":"page","link":"https:\/\/www2.unicentro.br\/dirpat\/transparencia-doacoes-recebidas\/","title":{"rendered":"Transpar\u00eancia &#8211; Doa\u00e7\u00f5es Recebidas"},"content":{"rendered":"<p><a href=\"https:\/\/www2.unicentro.br\/dirpat\/files\/2025\/03\/Doacoes-Recebidas-em-2023.pdf\">Doa\u00e7\u00f5es Recebidas em 2023<\/a><\/p>\n<p><a href=\"https:\/\/www2.unicentro.br\/dirpat\/files\/2025\/03\/Doacoes-Recebidas-em-2024.pdf\">Doa\u00e7\u00f5es Recebidas em 2024<\/a><\/p>\n<p><a href=\"https:\/\/www2.unicentro.br\/dirpat\/files\/2026\/04\/relatorio_entidade-10.pdf\">Doa\u00e7\u00f5es recebidas em 2025<\/a><\/p>\n","protected":false},"excerpt":{"rendered":"<p>Doa\u00e7\u00f5es Recebidas em 2023 Doa\u00e7\u00f5es Recebidas em 2024 Doa\u00e7\u00f5es recebidas em 2025<\/p>\n","protected":false},"author":6,"featured_media":0,"parent":0,"menu_order":0,"comment_status":"closed","ping_status":"closed","template":"","meta":{"_exactmetrics_skip_tracking":false,"_exactmetrics_sitenote_active":false,"_exactmetrics_sitenote_note":"","_exactmetrics_sitenote_category":0,"ngg_post_thumbnail":0,"footnotes":"","_links_to":"","_links_to_target":""},"class_list":["post-191","page","type-page","status-publish","hentry"],"_links":{"self":[{"href":"https:\/\/www2.unicentro.br\/dirpat\/wp-json\/wp\/v2\/pages\/191","targetHints":{"allow":["GET"]}}],"collection":[{"href":"https:\/\/www2.unicentro.br\/dirpat\/wp-json\/wp\/v2\/pages"}],"about":[{"href":"https:\/\/www2.unicentro.br\/dirpat\/wp-json\/wp\/v2\/types\/page"}],"author":[{"embeddable":true,"href":"https:\/\/www2.unicentro.br\/dirpat\/wp-json\/wp\/v2\/users\/6"}],"replies":[{"embeddable":true,"href":"https:\/\/www2.unicentro.br\/dirpat\/wp-json\/wp\/v2\/comments?post=191"}],"version-history":[{"count":22,"href":"https:\/\/www2.unicentro.br\/dirpat\/wp-json\/wp\/v2\/pages\/191\/revisions"}],"predecessor-version":[{"id":289,"href":"https:\/\/www2.unicentro.br\/dirpat\/wp-json\/wp\/v2\/pages\/191\/revisions\/289"}],"wp:attachment":[{"href":"https:\/\/www2.unicentro.br\/dirpat\/wp-json\/wp\/v2\/media?parent=191"}],"curies":[{"name":"wp","href":"https:\/\/api.w.org\/{rel}","templated":true}]}}