{"id":18,"date":"2013-04-23T17:58:49","date_gmt":"2013-04-23T17:58:49","guid":{"rendered":"http:\/\/www2.unicentro.br\/dirpat\/?page_id=18"},"modified":"2013-09-11T17:39:01","modified_gmt":"2013-09-11T17:39:01","slug":"orientacoes-gerais","status":"publish","type":"page","link":"https:\/\/www2.unicentro.br\/dirpat\/orientacoes-gerais\/","title":{"rendered":"Orienta\u00e7\u00f5es Gerais"},"content":{"rendered":"<p style=\"text-align: justify\">A Diretoria de Patrim\u00f4nio, atrav\u00e9s de sua equipe, tem o dever de manter cadastro atualizado de todos os bens pertencentes \u00e0 Unicentro. Tal miss\u00e3o s\u00f3 \u00e9 poss\u00edvel se cada servidor da Universidade zelar pelas normas de utiliza\u00e7\u00e3o e movimenta\u00e7\u00e3o de bens.<\/p>\n<p style=\"text-align: justify\">Caso voc\u00ea tenha alguma d\u00favida em rela\u00e7\u00e3o ao procedimento a ser tomado quando da incorpora\u00e7\u00e3o, movimenta\u00e7\u00e3o ou exclus\u00e3o de um bem\/equipamento acesse o link <a title=\"D\u00favidas Frequentes\" href=\"http:\/\/www2.unicentro.br\/dirpat\/duvidas-frequentes\/\">d\u00favidas frequentes<\/a> ou entre em contato com a DIRPAT.\u00a0\u00a0<\/p>\n<p>&nbsp;<\/p>\n","protected":false},"excerpt":{"rendered":"<p>A Diretoria de Patrim\u00f4nio, atrav\u00e9s de sua equipe, tem o dever de manter cadastro atualizado de todos os bens pertencentes \u00e0 Unicentro. Tal miss\u00e3o s\u00f3 \u00e9 poss\u00edvel se cada servidor da Universidade zelar pelas normas de utiliza\u00e7\u00e3o e movimenta\u00e7\u00e3o de bens. Caso voc\u00ea tenha alguma d\u00favida em rela\u00e7\u00e3o ao procedimento a ser tomado quando da [&hellip;]<\/p>\n","protected":false},"author":2,"featured_media":0,"parent":0,"menu_order":0,"comment_status":"closed","ping_status":"closed","template":"","meta":{"_exactmetrics_skip_tracking":false,"_exactmetrics_sitenote_active":false,"_exactmetrics_sitenote_note":"","_exactmetrics_sitenote_category":0,"ngg_post_thumbnail":0,"footnotes":"","_links_to":"","_links_to_target":""},"class_list":["post-18","page","type-page","status-publish","hentry"],"_links":{"self":[{"href":"https:\/\/www2.unicentro.br\/dirpat\/wp-json\/wp\/v2\/pages\/18","targetHints":{"allow":["GET"]}}],"collection":[{"href":"https:\/\/www2.unicentro.br\/dirpat\/wp-json\/wp\/v2\/pages"}],"about":[{"href":"https:\/\/www2.unicentro.br\/dirpat\/wp-json\/wp\/v2\/types\/page"}],"author":[{"embeddable":true,"href":"https:\/\/www2.unicentro.br\/dirpat\/wp-json\/wp\/v2\/users\/2"}],"replies":[{"embeddable":true,"href":"https:\/\/www2.unicentro.br\/dirpat\/wp-json\/wp\/v2\/comments?post=18"}],"version-history":[{"count":4,"href":"https:\/\/www2.unicentro.br\/dirpat\/wp-json\/wp\/v2\/pages\/18\/revisions"}],"predecessor-version":[{"id":94,"href":"https:\/\/www2.unicentro.br\/dirpat\/wp-json\/wp\/v2\/pages\/18\/revisions\/94"}],"wp:attachment":[{"href":"https:\/\/www2.unicentro.br\/dirpat\/wp-json\/wp\/v2\/media?parent=18"}],"curies":[{"name":"wp","href":"https:\/\/api.w.org\/{rel}","templated":true}]}}