{"id":141,"date":"2017-07-27T14:18:14","date_gmt":"2017-07-27T14:18:14","guid":{"rendered":"http:\/\/www2.unicentro.br\/dirpat\/?page_id=141"},"modified":"2020-11-20T17:30:40","modified_gmt":"2020-11-20T17:30:40","slug":"bens-imoveis","status":"publish","type":"page","link":"https:\/\/www2.unicentro.br\/dirpat\/bens-imoveis\/","title":{"rendered":"Bens Im\u00f3veis"},"content":{"rendered":"<p><strong>CAMPUS CEDETEG<\/strong><\/p>\n<div id=\"attachment_149\" style=\"width: 310px\" class=\"wp-caption alignnone\"><a href=\"http:\/\/www2.unicentro.br\/dirpat\/files\/2017\/07\/DSC_0127.jpg\"><img loading=\"lazy\" decoding=\"async\" aria-describedby=\"caption-attachment-149\" class=\"wp-image-149 size-medium\" src=\"http:\/\/www2.unicentro.br\/dirpat\/files\/2017\/07\/DSC_0127-300x201.jpg\" alt=\"\" width=\"300\" height=\"201\" srcset=\"https:\/\/www2.unicentro.br\/dirpat\/files\/2017\/07\/DSC_0127-300x201.jpg 300w, https:\/\/www2.unicentro.br\/dirpat\/files\/2017\/07\/DSC_0127-768x514.jpg 768w, https:\/\/www2.unicentro.br\/dirpat\/files\/2017\/07\/DSC_0127-1024x685.jpg 1024w\" sizes=\"auto, (max-width: 300px) 100vw, 300px\" \/><\/a><p id=\"caption-attachment-149\" class=\"wp-caption-text\">Vista a\u00e9rea<\/p><\/div>\n<p>Im\u00f3vel urbano, situado \u00e0 Rua Sime\u00e3o Camargo Varela de Sa, 03 &#8211; Vila Carli, Guarapuava &#8211; PR<\/p>\n<p>Terreno medindo 1.058.950,71 m\u00b2, composto por 90 blocos e \u00e1rea total constru\u00edda de 35.182,63 m\u00b2.<\/p>\n<p>Im\u00f3vel de propriedade da Uni\u00e3o e cedido sob a forma de utiliza\u00e7\u00e3o gratuita \u00e0 Unicentro, prazo de 20 anos a contar de 19 de outubro de 2006.<\/p>\n<p>&nbsp;<\/p>\n<p><strong>FAZENDA ESCOLA<\/strong><\/p>\n<div id=\"attachment_185\" style=\"width: 310px\" class=\"wp-caption alignnone\"><a href=\"https:\/\/www2.unicentro.br\/dirpat\/files\/2020\/11\/WhatsApp-Image-2020-11-19-at-09.37.11.jpeg\"><img loading=\"lazy\" decoding=\"async\" aria-describedby=\"caption-attachment-185\" class=\"wp-image-185 size-medium\" src=\"https:\/\/www2.unicentro.br\/dirpat\/files\/2020\/11\/WhatsApp-Image-2020-11-19-at-09.37.11-300x225.jpeg\" alt=\"\" width=\"300\" height=\"225\" srcset=\"https:\/\/www2.unicentro.br\/dirpat\/files\/2020\/11\/WhatsApp-Image-2020-11-19-at-09.37.11-300x225.jpeg 300w, https:\/\/www2.unicentro.br\/dirpat\/files\/2020\/11\/WhatsApp-Image-2020-11-19-at-09.37.11-1024x768.jpeg 1024w, https:\/\/www2.unicentro.br\/dirpat\/files\/2020\/11\/WhatsApp-Image-2020-11-19-at-09.37.11-768x576.jpeg 768w, https:\/\/www2.unicentro.br\/dirpat\/files\/2020\/11\/WhatsApp-Image-2020-11-19-at-09.37.11.jpeg 1280w\" sizes=\"auto, (max-width: 300px) 100vw, 300px\" \/><\/a><p id=\"caption-attachment-185\" class=\"wp-caption-text\">Fachada<\/p><\/div>\n<p>Im\u00f3vel rural situado na Rodovia BR 277, Km 350, Guarapuava-PR<\/p>\n<p>Terreno medindo 300.000,00 m\u00b2, composto por 01 bloco e \u00e1rea total constru\u00edda de 280,00 m\u00b2.<\/p>\n<p>&nbsp;<\/p>\n<p><strong>CAMPUS IRATI<\/strong><\/p>\n<div id=\"attachment_159\" style=\"width: 310px\" class=\"wp-caption alignnone\"><a href=\"http:\/\/www2.unicentro.br\/dirpat\/files\/2017\/07\/Vista-aerea-Irati.jpg\"><img loading=\"lazy\" decoding=\"async\" aria-describedby=\"caption-attachment-159\" class=\"wp-image-159 size-medium\" src=\"http:\/\/www2.unicentro.br\/dirpat\/files\/2017\/07\/Vista-aerea-Irati-300x179.jpg\" alt=\"\" width=\"300\" height=\"179\" srcset=\"https:\/\/www2.unicentro.br\/dirpat\/files\/2017\/07\/Vista-aerea-Irati-300x179.jpg 300w, https:\/\/www2.unicentro.br\/dirpat\/files\/2017\/07\/Vista-aerea-Irati.jpg 456w\" sizes=\"auto, (max-width: 300px) 100vw, 300px\" \/><\/a><p id=\"caption-attachment-159\" class=\"wp-caption-text\">Vista a\u00e9rea<\/p><\/div>\n<p>Im\u00f3vel situado \u00e0 PR 153, km 07 -Riozinho, Irati &#8211; PR<\/p>\n<p>Terreno medindo 735.089,00 m\u00b2, composto por 37 blocos e \u00e1rea total constru\u00edda de 19.134,48 m\u00b2.<\/p>\n<p>&nbsp;<\/p>\n<p><strong>TERRENO URBANO<\/strong><\/p>\n<div id=\"attachment_183\" style=\"width: 310px\" class=\"wp-caption alignnone\"><a href=\"https:\/\/www2.unicentro.br\/dirpat\/files\/2020\/11\/WhatsApp-Image-2020-11-19-at-09.37.14.jpeg\"><img loading=\"lazy\" decoding=\"async\" aria-describedby=\"caption-attachment-183\" class=\"wp-image-183 size-medium\" src=\"https:\/\/www2.unicentro.br\/dirpat\/files\/2020\/11\/WhatsApp-Image-2020-11-19-at-09.37.14-300x169.jpeg\" alt=\"\" width=\"300\" height=\"169\" srcset=\"https:\/\/www2.unicentro.br\/dirpat\/files\/2020\/11\/WhatsApp-Image-2020-11-19-at-09.37.14-300x169.jpeg 300w, https:\/\/www2.unicentro.br\/dirpat\/files\/2020\/11\/WhatsApp-Image-2020-11-19-at-09.37.14-1024x576.jpeg 1024w, https:\/\/www2.unicentro.br\/dirpat\/files\/2020\/11\/WhatsApp-Image-2020-11-19-at-09.37.14-768x432.jpeg 768w, https:\/\/www2.unicentro.br\/dirpat\/files\/2020\/11\/WhatsApp-Image-2020-11-19-at-09.37.14.jpeg 1280w\" sizes=\"auto, (max-width: 300px) 100vw, 300px\" \/><\/a><p id=\"caption-attachment-183\" class=\"wp-caption-text\">Fachada<\/p><\/div>\n<p>Im\u00f3vel situado na \u00e1rea urbana de Irati &#8211; PR<\/p>\n<p>Terreno medindo 10.979,00 m\u00b2.<\/p>\n<p>&nbsp;<\/p>\n<p>&nbsp;<\/p>\n<p><strong>CAMPUS SANTA CRUZ<\/strong><\/p>\n<div id=\"attachment_146\" style=\"width: 310px\" class=\"wp-caption alignnone\"><img loading=\"lazy\" decoding=\"async\" aria-describedby=\"caption-attachment-146\" class=\"wp-image-146 size-medium\" src=\"http:\/\/www2.unicentro.br\/dirpat\/files\/2017\/07\/aereas_unicentro_cedeteg_e_sta_cruz-074-300x200.jpg\" alt=\"\" width=\"300\" height=\"200\" srcset=\"https:\/\/www2.unicentro.br\/dirpat\/files\/2017\/07\/aereas_unicentro_cedeteg_e_sta_cruz-074-300x200.jpg 300w, https:\/\/www2.unicentro.br\/dirpat\/files\/2017\/07\/aereas_unicentro_cedeteg_e_sta_cruz-074-768x512.jpg 768w, https:\/\/www2.unicentro.br\/dirpat\/files\/2017\/07\/aereas_unicentro_cedeteg_e_sta_cruz-074-1024x683.jpg 1024w\" sizes=\"auto, (max-width: 300px) 100vw, 300px\" \/><p id=\"caption-attachment-146\" class=\"wp-caption-text\">Vista a\u00e9rea<\/p><\/div>\n<p>Im\u00f3vel urbano, situado a Rua Salvatore Renna &#8211; Padre Salvador, 875 &#8211; Santa Cruz, Guarapuava &#8211; PR<\/p>\n<p>Terreno medindo 28.388,00 m\u00b2, composto por 18 blocos e \u00e1rea total constru\u00edda de 21.301,41 m\u00b2.<\/p>\n<p>&nbsp;<\/p>\n<p>&nbsp;<\/p>\n<p><strong>CAMPUS AVAN\u00c7ADO DE CORONEL VIVIDA<\/strong><\/p>\n<div id=\"attachment_161\" style=\"width: 310px\" class=\"wp-caption alignnone\"><a href=\"http:\/\/www2.unicentro.br\/dirpat\/files\/2017\/07\/Coronel-Vivida-Fachada.jpg\"><img loading=\"lazy\" decoding=\"async\" aria-describedby=\"caption-attachment-161\" class=\"wp-image-161 size-medium\" src=\"http:\/\/www2.unicentro.br\/dirpat\/files\/2017\/07\/Coronel-Vivida-Fachada-300x226.jpg\" alt=\"\" width=\"300\" height=\"226\" srcset=\"https:\/\/www2.unicentro.br\/dirpat\/files\/2017\/07\/Coronel-Vivida-Fachada-300x226.jpg 300w, https:\/\/www2.unicentro.br\/dirpat\/files\/2017\/07\/Coronel-Vivida-Fachada.jpg 562w\" sizes=\"auto, (max-width: 300px) 100vw, 300px\" \/><\/a><p id=\"caption-attachment-161\" class=\"wp-caption-text\">Fachada<\/p><\/div>\n<p>Im\u00f3vel urbano situado \u00e0 Rua Rosa St\u00e9dile, 520 &#8211; Centro, Coronel Vivida- PR<\/p>\n<p>Terreno medindo 456,00 m\u00b2, composto por 1 bloco e \u00e1rea total constru\u00edda de 256,60 m\u00b2.<\/p>\n<p>&nbsp;<\/p>\n<p>&nbsp;<\/p>\n<p><strong>CAMPUS AVAN\u00c7ADO DE LARANJEIRAS DO SUL<\/strong><\/p>\n<div id=\"attachment_160\" style=\"width: 310px\" class=\"wp-caption alignnone\"><a href=\"http:\/\/www2.unicentro.br\/dirpat\/files\/2017\/07\/Laranjeiras-do-sul-Fachada.jpg\"><img loading=\"lazy\" decoding=\"async\" aria-describedby=\"caption-attachment-160\" class=\"wp-image-160 size-medium\" src=\"http:\/\/www2.unicentro.br\/dirpat\/files\/2017\/07\/Laranjeiras-do-sul-Fachada-300x200.jpg\" alt=\"\" width=\"300\" height=\"200\" srcset=\"https:\/\/www2.unicentro.br\/dirpat\/files\/2017\/07\/Laranjeiras-do-sul-Fachada-300x200.jpg 300w, https:\/\/www2.unicentro.br\/dirpat\/files\/2017\/07\/Laranjeiras-do-sul-Fachada-768x512.jpg 768w, https:\/\/www2.unicentro.br\/dirpat\/files\/2017\/07\/Laranjeiras-do-sul-Fachada-1024x682.jpg 1024w, https:\/\/www2.unicentro.br\/dirpat\/files\/2017\/07\/Laranjeiras-do-sul-Fachada.jpg 1600w\" sizes=\"auto, (max-width: 300px) 100vw, 300px\" \/><\/a><p id=\"caption-attachment-160\" class=\"wp-caption-text\">Fachada<\/p><\/div>\n<p>Im\u00f3vel urbano situado \u00e0 Avenida Oscar da Silva Guedes, 01 &#8211; Jaboticabal, Laranjeiras do Sul &#8211; PR<\/p>\n<p>Terreno medindo 14.954,15 m\u00b2, composto por 2 blocos e \u00e1rea total constru\u00edda de 1.590,10 m\u00b2.<\/p>\n<table style=\"border-collapse: collapse;width: 100%\">\n<thead>\n<tr>\n<td style=\"width: 100%\">Fa\u00e7a aqui o download do arquivo com os dados dos <a href=\"https:\/\/www2.unicentro.br\/dirpat\/files\/2020\/11\/Bens-imoveis-da-Unicentro.xls\">Bens im\u00f3veis da Unicentro<\/a><\/td>\n<\/tr>\n<\/thead>\n<\/table>\n<p>&nbsp;<\/p>\n","protected":false},"excerpt":{"rendered":"<p>CAMPUS CEDETEG Im\u00f3vel urbano, situado \u00e0 Rua Sime\u00e3o Camargo Varela de Sa, 03 &#8211; Vila Carli, Guarapuava &#8211; PR Terreno medindo 1.058.950,71 m\u00b2, composto por 90 blocos e \u00e1rea total constru\u00edda de 35.182,63 m\u00b2. Im\u00f3vel de propriedade da Uni\u00e3o e cedido sob a forma de utiliza\u00e7\u00e3o gratuita \u00e0 Unicentro, prazo de 20 anos a contar [&hellip;]<\/p>\n","protected":false},"author":18,"featured_media":0,"parent":0,"menu_order":0,"comment_status":"closed","ping_status":"closed","template":"","meta":{"_exactmetrics_skip_tracking":false,"_exactmetrics_sitenote_active":false,"_exactmetrics_sitenote_note":"","_exactmetrics_sitenote_category":0,"ngg_post_thumbnail":0,"footnotes":"","_links_to":"","_links_to_target":""},"class_list":["post-141","page","type-page","status-publish","hentry"],"_links":{"self":[{"href":"https:\/\/www2.unicentro.br\/dirpat\/wp-json\/wp\/v2\/pages\/141","targetHints":{"allow":["GET"]}}],"collection":[{"href":"https:\/\/www2.unicentro.br\/dirpat\/wp-json\/wp\/v2\/pages"}],"about":[{"href":"https:\/\/www2.unicentro.br\/dirpat\/wp-json\/wp\/v2\/types\/page"}],"author":[{"embeddable":true,"href":"https:\/\/www2.unicentro.br\/dirpat\/wp-json\/wp\/v2\/users\/18"}],"replies":[{"embeddable":true,"href":"https:\/\/www2.unicentro.br\/dirpat\/wp-json\/wp\/v2\/comments?post=141"}],"version-history":[{"count":17,"href":"https:\/\/www2.unicentro.br\/dirpat\/wp-json\/wp\/v2\/pages\/141\/revisions"}],"predecessor-version":[{"id":188,"href":"https:\/\/www2.unicentro.br\/dirpat\/wp-json\/wp\/v2\/pages\/141\/revisions\/188"}],"wp:attachment":[{"href":"https:\/\/www2.unicentro.br\/dirpat\/wp-json\/wp\/v2\/media?parent=141"}],"curies":[{"name":"wp","href":"https:\/\/api.w.org\/{rel}","templated":true}]}}