{"id":63,"date":"2014-09-24T20:12:01","date_gmt":"2014-09-24T20:12:01","guid":{"rendered":"http:\/\/www2.unicentro.br\/denf\/?page_id=63"},"modified":"2015-04-22T11:07:30","modified_gmt":"2015-04-22T14:07:30","slug":"grupos-de-pesquisa","status":"publish","type":"page","link":"https:\/\/www2.unicentro.br\/denf\/grupos-de-pesquisa\/","title":{"rendered":"Grupos de Pesquisa"},"content":{"rendered":"<table style=\"height: 27px\" border=\"1px\">\n<tbody>\n<tr>\n<td><a title=\"N\u00facleo de Estudos em Viol\u00eancia Urbana\" href=\"http:\/\/www2.unicentro.br\/denf\/nucleo-de-estudos-em-violencia-urbana\/\"><img loading=\"lazy\" decoding=\"async\" class=\"size-full wp-image-64 aligncenter\" src=\"http:\/\/www2.unicentro.br\/denf\/files\/2014\/09\/violencia.jpg\" alt=\"violencia\" width=\"180\" height=\"180\" srcset=\"https:\/\/www2.unicentro.br\/denf\/files\/2014\/09\/violencia.jpg 180w, https:\/\/www2.unicentro.br\/denf\/files\/2014\/09\/violencia-150x150.jpg 150w\" sizes=\"auto, (max-width: 180px) 100vw, 180px\" \/><\/a><\/td>\n<td style=\"text-align: center\">N\u00facleo de Estudos<br \/>\nem Viol\u00eancia Urbana &#8211; NEVU<\/td>\n<\/tr>\n<tr>\n<td style=\"text-align: center\"><img loading=\"lazy\" decoding=\"async\" class=\"size-full wp-image-65 aligncenter\" src=\"http:\/\/www2.unicentro.br\/denf\/files\/2014\/09\/gefec.jpg\" alt=\"gefec\" width=\"180\" height=\"180\" srcset=\"https:\/\/www2.unicentro.br\/denf\/files\/2014\/09\/gefec.jpg 180w, https:\/\/www2.unicentro.br\/denf\/files\/2014\/09\/gefec-150x150.jpg 150w\" sizes=\"auto, (max-width: 180px) 100vw, 180px\" \/><\/td>\n<td style=\"text-align: center\">Grupo de Estudos e<br \/>\nPesquisa em<br \/>\nFeridas Cr\u00f4nicas &#8211; GEFEC<\/td>\n<\/tr>\n<tr>\n<td style=\"text-align: center\"><\/td>\n<td style=\"text-align: center\">N\u00facleo de Pesquisa<br \/>\nCuidado de Enfermagem<br \/>\nno ciclo vital<\/td>\n<\/tr>\n<tr>\n<td style=\"text-align: center\"><\/td>\n<td style=\"text-align: center\">Grupo de Pesquisa<br \/>\nem Sa\u00fade<\/td>\n<\/tr>\n<tr>\n<td style=\"text-align: center\"><\/td>\n<td style=\"text-align: center\">Grupo de pesquisa em Aten\u00e7\u00e3o \u00e0s Doen\u00e7as e Condi\u00e7\u00f5es Cr\u00f4nicas de Sa\u00fade &#8211; GPCron<\/td>\n<\/tr>\n<tr>\n<td style=\"text-align: center\"><\/td>\n<td style=\"text-align: center\">Grupo de pesquisa em Sa\u00fade Coletiva<\/td>\n<\/tr>\n<\/tbody>\n<\/table>\n<p>&nbsp;<\/p>\n","protected":false},"excerpt":{"rendered":"<p>N\u00facleo de Estudos em Viol\u00eancia Urbana &#8211; NEVU Grupo de Estudos e Pesquisa em Feridas Cr\u00f4nicas &#8211; GEFEC N\u00facleo de Pesquisa Cuidado de Enfermagem no ciclo vital Grupo de Pesquisa em Sa\u00fade Grupo de pesquisa em Aten\u00e7\u00e3o \u00e0s Doen\u00e7as e Condi\u00e7\u00f5es Cr\u00f4nicas de Sa\u00fade &#8211; GPCron Grupo de pesquisa em Sa\u00fade Coletiva &nbsp;<\/p>\n","protected":false},"author":2,"featured_media":0,"parent":0,"menu_order":0,"comment_status":"closed","ping_status":"closed","template":"twocolumns-page.php","meta":{"_exactmetrics_skip_tracking":false,"_exactmetrics_sitenote_active":false,"_exactmetrics_sitenote_note":"","_exactmetrics_sitenote_category":0,"ngg_post_thumbnail":0,"footnotes":"","_links_to":"","_links_to_target":""},"class_list":["post-63","page","type-page","status-publish","hentry"],"_links":{"self":[{"href":"https:\/\/www2.unicentro.br\/denf\/wp-json\/wp\/v2\/pages\/63","targetHints":{"allow":["GET"]}}],"collection":[{"href":"https:\/\/www2.unicentro.br\/denf\/wp-json\/wp\/v2\/pages"}],"about":[{"href":"https:\/\/www2.unicentro.br\/denf\/wp-json\/wp\/v2\/types\/page"}],"author":[{"embeddable":true,"href":"https:\/\/www2.unicentro.br\/denf\/wp-json\/wp\/v2\/users\/2"}],"replies":[{"embeddable":true,"href":"https:\/\/www2.unicentro.br\/denf\/wp-json\/wp\/v2\/comments?post=63"}],"version-history":[{"count":13,"href":"https:\/\/www2.unicentro.br\/denf\/wp-json\/wp\/v2\/pages\/63\/revisions"}],"predecessor-version":[{"id":281,"href":"https:\/\/www2.unicentro.br\/denf\/wp-json\/wp\/v2\/pages\/63\/revisions\/281"}],"wp:attachment":[{"href":"https:\/\/www2.unicentro.br\/denf\/wp-json\/wp\/v2\/media?parent=63"}],"curies":[{"name":"wp","href":"https:\/\/api.w.org\/{rel}","templated":true}]}}