{"id":61,"date":"2014-09-24T19:30:50","date_gmt":"2014-09-24T19:30:50","guid":{"rendered":"http:\/\/www2.unicentro.br\/denf\/?page_id=61"},"modified":"2016-04-10T18:45:29","modified_gmt":"2016-04-10T21:45:29","slug":"coordenacao","status":"publish","type":"page","link":"https:\/\/www2.unicentro.br\/denf\/coordenacao\/","title":{"rendered":"Coordena\u00e7\u00e3o"},"content":{"rendered":"<p><strong>Administra\u00e7\u00e3o<\/strong><\/p>\n<p>Chefia: Profa. Dra. Isabella Schroeder Abreu<\/p>\n<p>Vice \u2013 Chefia: Profa.\u00a0Dra. Evani Marques Pereira<\/p>\n<hr \/>\n<p>&nbsp;<\/p>\n<p><strong>Orienta\u00e7\u00e3o Pedag\u00f3gica<\/strong><\/p>\n<p>N\u00facleo Estruturante Docente (NDE)<\/p>\n<p>Coordenadora: Profa. Dra. Maria Lucia Raimondo<\/p>\n<p>Vice-Coordenadora: Profa. Ms. Tatiane Baratieri<\/p>\n<p>1\u00aa Secret\u00e1ria: Profa. Ms. \u00a0Maicon Henrique Lentscki<\/p>\n<p>Membros:<\/p>\n<p>&nbsp;<\/p>\n<p>&nbsp;<\/p>\n<p>&nbsp;<\/p>\n","protected":false},"excerpt":{"rendered":"<p>Administra\u00e7\u00e3o Chefia: Profa. Dra. Isabella Schroeder Abreu Vice \u2013 Chefia: Profa.\u00a0Dra. Evani Marques Pereira &nbsp; Orienta\u00e7\u00e3o Pedag\u00f3gica N\u00facleo Estruturante Docente (NDE) Coordenadora: Profa. Dra. Maria Lucia Raimondo Vice-Coordenadora: Profa. Ms. Tatiane Baratieri 1\u00aa Secret\u00e1ria: Profa. Ms. \u00a0Maicon Henrique Lentscki Membros: &nbsp; &nbsp; &nbsp;<\/p>\n","protected":false},"author":2,"featured_media":0,"parent":0,"menu_order":0,"comment_status":"closed","ping_status":"closed","template":"twocolumns-page.php","meta":{"_exactmetrics_skip_tracking":false,"_exactmetrics_sitenote_active":false,"_exactmetrics_sitenote_note":"","_exactmetrics_sitenote_category":0,"ngg_post_thumbnail":0,"footnotes":"","_links_to":"","_links_to_target":""},"class_list":["post-61","page","type-page","status-publish","hentry"],"_links":{"self":[{"href":"https:\/\/www2.unicentro.br\/denf\/wp-json\/wp\/v2\/pages\/61","targetHints":{"allow":["GET"]}}],"collection":[{"href":"https:\/\/www2.unicentro.br\/denf\/wp-json\/wp\/v2\/pages"}],"about":[{"href":"https:\/\/www2.unicentro.br\/denf\/wp-json\/wp\/v2\/types\/page"}],"author":[{"embeddable":true,"href":"https:\/\/www2.unicentro.br\/denf\/wp-json\/wp\/v2\/users\/2"}],"replies":[{"embeddable":true,"href":"https:\/\/www2.unicentro.br\/denf\/wp-json\/wp\/v2\/comments?post=61"}],"version-history":[{"count":6,"href":"https:\/\/www2.unicentro.br\/denf\/wp-json\/wp\/v2\/pages\/61\/revisions"}],"predecessor-version":[{"id":305,"href":"https:\/\/www2.unicentro.br\/denf\/wp-json\/wp\/v2\/pages\/61\/revisions\/305"}],"wp:attachment":[{"href":"https:\/\/www2.unicentro.br\/denf\/wp-json\/wp\/v2\/media?parent=61"}],"curies":[{"name":"wp","href":"https:\/\/api.w.org\/{rel}","templated":true}]}}