{"id":332,"date":"2016-07-28T09:40:14","date_gmt":"2016-07-28T12:40:14","guid":{"rendered":"http:\/\/www2.unicentro.br\/denf\/?page_id=332"},"modified":"2016-07-28T09:42:47","modified_gmt":"2016-07-28T12:42:47","slug":"enade-orientacoes","status":"publish","type":"page","link":"https:\/\/www2.unicentro.br\/denf\/enade-orientacoes\/","title":{"rendered":"Enade &#8211; Orienta\u00e7\u00f5es gerais para prova"},"content":{"rendered":"<p>Devem fazer as provas os concluintes de cursos das \u00e1reas de agronomia, biomedicina, educa\u00e7\u00e3o f\u00edsica, enfermagem, farm\u00e1cia, fisioterapia, fonoaudiologia, medicina, medicina veterin\u00e1ria, nutri\u00e7\u00e3o, odontologia, servi\u00e7o social e zootecnia.<\/p>\n<p><strong>Obrigat\u00f3rio<\/strong> \u2013 O exame, realizado pelo Inep, \u00e9 obrigat\u00f3rio para concluintes de bacharelado com expectativa de conclus\u00e3o do curso at\u00e9 julho de 2017 ou que j\u00e1 tenham conclu\u00eddo pelo menos 80% da carga hor\u00e1ria m\u00ednima do curr\u00edculo do curso at\u00e9 o fim do per\u00edodo de inscri\u00e7\u00e3o.<\/p>\n<p><strong>Provas<\/strong> \u2013 As provas ser\u00e3o realizadas em 20 de novembro, \u00e0s 13 horas (hor\u00e1rio de Bras\u00edlia). Os estudantes ter\u00e3o quatro horas para responder 40 quest\u00f5es. Dessas, dez ser\u00e3o de forma\u00e7\u00e3o geral (duas discursivas e oito de m\u00faltipla escolha) e 30 de conhecimentos espec\u00edficos (tr\u00eas discursivas e 27 de m\u00faltipla escolha).<br \/>\nEst\u00e3o habilitados a participar do Enade os estudantes de primeiro ano (ingressantes) e de \u00faltimo ano (concluintes) das \u00e1reas e cursos a serem avaliados:<\/p>\n<p><strong>Ingressantes:<\/strong> estudantes que tenham iniciado o respectivo curso com matr\u00edcula no ano de 2016 e que tenham conclu\u00eddo at\u00e9 25% da carga hor\u00e1ria m\u00ednima do curr\u00edculo do curso at\u00e9 o t\u00e9rmino do per\u00edodo de inscri\u00e7\u00e3o na prova.<\/p>\n<p><strong>Concluintes:<\/strong> estudantes que tenham expectativa de conclus\u00e3o do curso at\u00e9 julho de 2017, assim como aqueles que tiverem conclu\u00eddo mais de 80% da carga hor\u00e1ria m\u00ednima do curr\u00edculo do curso at\u00e9 o t\u00e9rmino do per\u00edodo de inscri\u00e7\u00e3o na prova.<\/p>\n","protected":false},"excerpt":{"rendered":"<p>Devem fazer as provas os concluintes de cursos das \u00e1reas de agronomia, biomedicina, educa\u00e7\u00e3o f\u00edsica, enfermagem, farm\u00e1cia, fisioterapia, fonoaudiologia, medicina, medicina veterin\u00e1ria, nutri\u00e7\u00e3o, odontologia, servi\u00e7o social e zootecnia. Obrigat\u00f3rio \u2013 O exame, realizado pelo Inep, \u00e9 obrigat\u00f3rio para concluintes de bacharelado com expectativa de conclus\u00e3o do curso at\u00e9 julho de 2017 ou que j\u00e1 tenham [&hellip;]<\/p>\n","protected":false},"author":6,"featured_media":0,"parent":0,"menu_order":0,"comment_status":"closed","ping_status":"closed","template":"twocolumns-page.php","meta":{"_exactmetrics_skip_tracking":false,"_exactmetrics_sitenote_active":false,"_exactmetrics_sitenote_note":"","_exactmetrics_sitenote_category":0,"ngg_post_thumbnail":0,"footnotes":"","_links_to":"","_links_to_target":""},"class_list":["post-332","page","type-page","status-publish","hentry"],"_links":{"self":[{"href":"https:\/\/www2.unicentro.br\/denf\/wp-json\/wp\/v2\/pages\/332","targetHints":{"allow":["GET"]}}],"collection":[{"href":"https:\/\/www2.unicentro.br\/denf\/wp-json\/wp\/v2\/pages"}],"about":[{"href":"https:\/\/www2.unicentro.br\/denf\/wp-json\/wp\/v2\/types\/page"}],"author":[{"embeddable":true,"href":"https:\/\/www2.unicentro.br\/denf\/wp-json\/wp\/v2\/users\/6"}],"replies":[{"embeddable":true,"href":"https:\/\/www2.unicentro.br\/denf\/wp-json\/wp\/v2\/comments?post=332"}],"version-history":[{"count":2,"href":"https:\/\/www2.unicentro.br\/denf\/wp-json\/wp\/v2\/pages\/332\/revisions"}],"predecessor-version":[{"id":336,"href":"https:\/\/www2.unicentro.br\/denf\/wp-json\/wp\/v2\/pages\/332\/revisions\/336"}],"wp:attachment":[{"href":"https:\/\/www2.unicentro.br\/denf\/wp-json\/wp\/v2\/media?parent=332"}],"curies":[{"name":"wp","href":"https:\/\/api.w.org\/{rel}","templated":true}]}}