{"id":324,"date":"2016-07-28T09:10:47","date_gmt":"2016-07-28T12:10:47","guid":{"rendered":"http:\/\/www2.unicentro.br\/denf\/?page_id=324"},"modified":"2016-07-28T09:12:48","modified_gmt":"2016-07-28T12:12:48","slug":"enade","status":"publish","type":"page","link":"https:\/\/www2.unicentro.br\/denf\/enade\/","title":{"rendered":"Enade"},"content":{"rendered":"<p>O Exame Nacional de Desempenho dos Estudantes (Enade) \u00e9 um dos pilares da\u00a0avalia\u00e7\u00e3o do Sistema Nacional de Avalia\u00e7\u00e3o da Educa\u00e7\u00e3o Superior (Sinaes), criado pela Lei n\u00ba10.861, de 14 de abril de 2004. O Sinaes \u00e9 composto, ainda, pelos processos de Avalia\u00e7\u00e3o de Cursos de Gradua\u00e7\u00e3o e de Avalia\u00e7\u00e3o Institucional que, junto com o Enade, formam um \u2018trip\u00e9\u2019 avaliativo que permite conhecer em profundidade o modo de funcionamento e a qualidade dos cursos e institui\u00e7\u00f5es de educa\u00e7\u00e3o superior (IES) de todo o Brasil.<\/p>\n<p><a href=\"http:\/\/portal.inep.gov.br\/\" target=\"_blank\"><em>Clique aqui para acessar o site do Inep.<\/em><\/a><\/p>\n<p>&nbsp;<\/p>\n","protected":false},"excerpt":{"rendered":"<p>O Exame Nacional de Desempenho dos Estudantes (Enade) \u00e9 um dos pilares da\u00a0avalia\u00e7\u00e3o do Sistema Nacional de Avalia\u00e7\u00e3o da Educa\u00e7\u00e3o Superior (Sinaes), criado pela Lei n\u00ba10.861, de 14 de abril de 2004. O Sinaes \u00e9 composto, ainda, pelos processos de Avalia\u00e7\u00e3o de Cursos de Gradua\u00e7\u00e3o e de Avalia\u00e7\u00e3o Institucional que, junto com o Enade, formam [&hellip;]<\/p>\n","protected":false},"author":6,"featured_media":0,"parent":0,"menu_order":0,"comment_status":"closed","ping_status":"closed","template":"twocolumns-page.php","meta":{"_exactmetrics_skip_tracking":false,"_exactmetrics_sitenote_active":false,"_exactmetrics_sitenote_note":"","_exactmetrics_sitenote_category":0,"ngg_post_thumbnail":0,"footnotes":"","_links_to":"","_links_to_target":""},"class_list":["post-324","page","type-page","status-publish","hentry"],"_links":{"self":[{"href":"https:\/\/www2.unicentro.br\/denf\/wp-json\/wp\/v2\/pages\/324","targetHints":{"allow":["GET"]}}],"collection":[{"href":"https:\/\/www2.unicentro.br\/denf\/wp-json\/wp\/v2\/pages"}],"about":[{"href":"https:\/\/www2.unicentro.br\/denf\/wp-json\/wp\/v2\/types\/page"}],"author":[{"embeddable":true,"href":"https:\/\/www2.unicentro.br\/denf\/wp-json\/wp\/v2\/users\/6"}],"replies":[{"embeddable":true,"href":"https:\/\/www2.unicentro.br\/denf\/wp-json\/wp\/v2\/comments?post=324"}],"version-history":[{"count":2,"href":"https:\/\/www2.unicentro.br\/denf\/wp-json\/wp\/v2\/pages\/324\/revisions"}],"predecessor-version":[{"id":327,"href":"https:\/\/www2.unicentro.br\/denf\/wp-json\/wp\/v2\/pages\/324\/revisions\/327"}],"wp:attachment":[{"href":"https:\/\/www2.unicentro.br\/denf\/wp-json\/wp\/v2\/media?parent=324"}],"curies":[{"name":"wp","href":"https:\/\/api.w.org\/{rel}","templated":true}]}}