{"id":141,"date":"2014-10-21T19:08:22","date_gmt":"2014-10-21T19:08:22","guid":{"rendered":"http:\/\/www2.unicentro.br\/denf\/?page_id=141"},"modified":"2015-04-22T13:56:26","modified_gmt":"2015-04-22T16:56:26","slug":"publicacoes","status":"publish","type":"page","link":"https:\/\/www2.unicentro.br\/denf\/publicacoes\/","title":{"rendered":"Publica\u00e7\u00f5es"},"content":{"rendered":"<p><b>MADUREIRA, A. B.<\/b> ; RAIMONDO, M. L. ; Ferraz, M.I.R. ; MARCOVICZ, G. V. ; LABRONICI, L. M. ; MANTOVANI, M. F. . Profile of men who commit violence against women who are arrested in delicto flagrante: contributions to confronting the phenomenon. Escola Anna Nery, v. 18, p. 600-606, 2014. Dispon\u00edvel em:\u00a0<a href=\"http:\/\/www.scielo.br\/scielo.php?pid=S1414-81452014000400600&amp;script=sci_arttext&amp;tlng=pt\">http:\/\/www.scielo.br\/scielo.php?pid=S1414-81452014000400600&amp;script=sci_arttext&amp;tlng=pt<\/a><\/p>\n<p>FORNARI, L. F. ; <b>MADUREIRA, A. B.<\/b> ; LABRONICI, L. M. ; MANTOVANI, M. F. . VIOL\u00caNCIA INSTITUCIONAL EM UNIDADES B\u00c1SICAS DE SA\u00daDE SOB O OLHAR DE USU\u00c1RIAS. Cogitare Enfermagem, v. 19, p. 615-620, 2014. Dispon\u00edvel em: \u00a0 <a href=\"http:\/\/ojs.c3sl.ufpr.br\/ojs\/index.php\/cogitare\/article\/view\/36573\/23914\">http:\/\/ojs.c3sl.ufpr.br\/ojs\/index.php\/cogitare\/article\/view\/36573\/23914<\/a><\/p>\n<p>SOARES, CASSIA BALDINI ; HOGA, LUIZA AKIKO KOMURA ; PEDUZZI, MARINA ; <b>SANGALETI, CARINE<\/b> ; YONEKURA, TATIANA ; SILVA, DEBORAH RACHEL AUDEBERT DELAGE . Integrative Review: Concepts And Methods Used In Nursing. Revista da Escola de Enfermagem da USP (Impresso)<sup><img decoding=\"async\" id=\"00806234_1\" class=\"ajaxJCR jcrTip\" style=\"border: 0px none;font-size: 11px;margin: 0px;padding: 0px;vertical-align: baseline;text-align: left;background: none 0px 0px repeat scroll transparent\" src=\"http:\/\/buscatextual.cnpq.br\/buscatextual\/images\/curriculo\/jcr.gif\" alt=\"\" \/><\/sup>, v. 48, p. 335-345, 2014. Dispon\u00edvel em:\u00a0<a href=\"http:\/\/www.scielo.br\/scielo.php?pid=S0080-62342014000200335&amp;script=sci_arttext\">http:\/\/www.scielo.br\/scielo.php?pid=S0080-62342014000200335&amp;script=sci_arttext<\/a><\/p>\n<p><b>SANGALETI, C. T.<\/b> ; SCHVEITZER, M. C. ; PEDUZZI, M. ; ZOBOLI, E. L. C. P. ; SOARES, C. B. . The experiences and shared meaning of teamwork and interprofessional collaboration to health care professionals in primary health care settings: a systematic review protocol. JBI Database of Systematic Reviews &amp; Implementation Reports, v. 12, p. 24-33, 2014. Dispon\u00edvel em:\u00a0<a href=\"http:\/\/www.joannabriggslibrary.org\/jbilibrary\/index.php\/jbisrir\/article\/view\/1086\">http:\/\/www.joannabriggslibrary.org\/jbilibrary\/index.php\/jbisrir\/article\/view\/1086<\/a>.<\/p>\n<p>LIMA, ALINE MACIEL VIEIRA ; PEDUZZI, MARINA ; <b>MIYAHARA, CARINE TELES SANGALETI<\/b> ; FUJIMORI, ELIZABETH ; VER\u00cdSSIMO, MARIA DE LA \u00d3 RAMALLO ; BERTOLOZZI, MARIA RITA . Supervis\u00e3o de trabalhadores de enfermagem em unidade b\u00e1sica de sa\u00fade. Trabalho, Educa\u00e7\u00e3o e Sa\u00fade (Online), v. 12, p. 577-593, 2014. Dispon\u00edvel em:\u00a0<a href=\"http:\/\/www.scielo.br\/scielo.php?pid=S1981-77462014000300577&amp;script=sci_arttext\">http:\/\/www.scielo.br\/scielo.php?pid=S1981-77462014000300577&amp;script=sci_arttext<\/a><\/p>\n<p><b>SANGALETI, CARINE TELES<\/b> ; <strong>TRINCAUS, MARIA REGIANE<\/strong>\u00a0; <strong>BARATIERI, TATIANE<\/strong> ; ZAROWY, KALINE ; LADIKA, MARIA BERNARDETE ; MENON, MARIO UMBERTO ; MIYAHARA, RICARDO YOSHIMITSU ; <strong>RAIMONDO, MARIA ISABEL<\/strong> ; SILVEIRA, JO\u00c3O VICENTE ; BORTOLOTTO, LUIS APARECIDO ; LOPES, HENO FERREIRA ; CONSOLIM-COLOMBO, FERNANDA M . Prevalence of cardiovascular risk factors among truck drivers in the South of Brazil. BMC Public Health (Online)<sup><img decoding=\"async\" id=\"14712458_4\" class=\"ajaxJCR jcrTip\" style=\"border: 0px none;font-size: 11px;margin: 0px;padding: 0px;vertical-align: baseline;text-align: left;background: none 0px 0px repeat scroll transparent\" src=\"http:\/\/buscatextual.cnpq.br\/buscatextual\/images\/curriculo\/jcr.gif\" alt=\"\" \/><\/sup>, v. 14, p. 1063, 2014. Dispon\u00edvel em:\u00a0<a href=\"http:\/\/www.biomedcentral.com\/1471-2458\/14\/1063\">http:\/\/www.biomedcentral.com\/1471-2458\/14\/1063<\/a>.<\/p>\n<p>ALVARES, REGINA DO RIO ; <strong>TRINCAUS, MARIA REGIANE<\/strong>\u00a0; <b>SANGALETI, CARINE TELES<\/b> . ESTADO NUTRICIONAL DE IDOSOS, AVALIADOS EM DOMIC\u00cdLIO, COM DIFICULDADE DE ACESSO AO SERVI\u00c7O DE ATEN\u00c7\u00c3O B\u00c1SICA. DEMETRA: Alimenta\u00e7\u00e3o, Nutri\u00e7\u00e3o &amp; Sa\u00fade, v. 9, p. 727-740, 2014 Dispon\u00edvel em: \u00a0\u00a0 <a href=\"http:\/\/www.e-publicacoes.uerj.br\/index.php\/demetra\/article\/viewFile\/10518\/10927\">http:\/\/www.e-publicacoes.uerj.br\/index.php\/demetra\/article\/viewFile\/10518\/10927<\/a>.<\/p>\n<p><strong>ZANOTI- JERONYMO, D. V<\/strong>. ; NICOLAU, J. F. ; <strong>BOTTI, M. L.<\/strong> ; <strong>SOARES, L. G.<\/strong> . Repercuss\u00f5es do consumo de \u00e1lcool na gesta\u00e7\u00e3o ? estudo dos efeitos no feto. Brazilian Journal of Surgery and Clinical Research, v. 6, p. 40-46, 2014. Dispon\u00edvel em:\u00a0<a href=\"http:\/\/www.mastereditora.com.br\/download-537\">http:\/\/www.mastereditora.com.br\/download-537<\/a><\/p>\n<p><strong>ROSSO, E.<\/strong> ; JUNIOR2, E. J. L. ; <strong>AGGIO, C. M.<\/strong> ; <strong>TRINCAUS, M. R. ; POSSOLLI, G. T. ;<\/strong> <b>ZANOTI-JERONYMO, D. V.<\/b> . Avalia\u00e7\u00e3o do n\u00edvel de estresse entre os profissionais de enfermagem atuantes no SAMU de Guarapuava-PR. Brazilian Journal of Surgery and Clinical Research, v. 7, p. 06, 2014. Dispon\u00edvel em:\u00a0<a href=\"http:\/\/www.mastereditora.com.br\/download-586\">http:\/\/www.mastereditora.com.br\/download-586<\/a>.<\/p>\n<p>PREZZOTO, K. ; <b>ABREU, I. S.<\/b> . THE CHRONIC RENAL PATIENT AND THE ADHERENCE TO HEMODIALYSIS TREATMENT. Revista de Enfermagem UFPE On Line, v. 8, p. 600-605, 2014. Dispon\u00edvel em:\u00a0<a href=\"http:\/\/www.revista.ufpe.br\/revistaenfermagem\/index.php\/revista\/article\/download\/3460\/8631\">http:\/\/www.revista.ufpe.br\/revistaenfermagem\/index.php\/revista\/article\/download\/3460\/8631<\/a><\/p>\n<p><b>ABREU, ISABELLA SCHROEDER<\/b> ; KOURROUSKI, MARIA FERNANDA CABRAL ; SANTOS, DANIELLE MARIA DE SOUZA SERIO DOS ; BULLINGER, MONIKA ; NASCIMENTO, LUCILA CASTANHEIRA ; LIMA, REGINA APARECIDA GARCIA DE ; SANTOS, CLAUDIA BENEDITA DOS . Children and adolescents on hemodialysis: attributes associated with quality of life. Revista da Escola de Enfermagem da USP (Impresso)<sup><img decoding=\"async\" id=\"00806234_2\" class=\"ajaxJCR jcrTip\" style=\"border: 0px none;font-size: 11px;margin: 0px;padding: 0px;vertical-align: baseline;text-align: left;background: none 0px 0px repeat scroll transparent\" src=\"http:\/\/buscatextual.cnpq.br\/buscatextual\/images\/curriculo\/jcr.gif\" alt=\"\" \/><\/sup>, v. 48, p. 602-609, 2014. Dispon\u00edvel em:\u00a0<a href=\"http:\/\/www.scielo.br\/pdf\/reeusp\/v48n4\/0080-6234-reeusp-48-04-601.pdf\">http:\/\/www.scielo.br\/pdf\/reeusp\/v48n4\/0080-6234-reeusp-48-04-601.pdf<\/a>.<\/p>\n<p>PACHTMAN, M. ; ORSI, C. ; <b>ABREU, I. S.<\/b> ; BRAGUINI, W. L. . Evolution of anemia in chronic kidney disease patients. Publicatio UEPG. Ci\u00eancias Biol\u00f3gicas e da Sa\u00fade (Impresso), v. 20, p. 81-87, 2014. Dispon\u00edvel em:\u00a0 <a href=\"http:\/\/www.revistas2.uepg.br\/index.php\/biologica\/article\/viewFile\/6114\/4239\">http:\/\/www.revistas2.uepg.br\/index.php\/biologica\/article\/viewFile\/6114\/4239<\/a>.<\/p>\n<p><b>ABREU, I. S.<\/b> ; SANTOS, C. B. . Impacto da insufici\u00eancia renal cr\u00f4nica na qualidade de vida de crian\u00e7as e adolescentes: revis\u00e3o integrativa. Revista Eletr\u00f4nica de Enfermagem, v. 16, p. 834-841, 2014. Dispon\u00edvel em:\u00a0<a href=\"http:\/\/www.fen.ufg.br\/revista\/v16\/n4\/pdf\/v16n4a16.pdf\">http:\/\/www.fen.ufg.br\/revista\/v16\/n4\/pdf\/v16n4a16.pdf<\/a><\/p>\n<p>MACHADO, J. V. ; <b>BORBA, K. P.<\/b> ; BORBA, E. . Epidemiologia do Acidentes de Tr\u00e2nsito Evidencia a Necessidade de Educar a Sociedade para o Problema. Revista Emerg\u00eancia (Novo Hamburgo), v. 2, p. 59-57, 2014.<\/p>\n<p><b>BORBA, K. P.<\/b> ; <strong>BARATIERI, T. ; LIRA, E. N. ; CAVALCANTE, M. D. M. A. ; POSSOLI, G. T.<\/strong> . Relato de Experi\u00eancia: Tecendo Aproxima\u00e7\u00e3o sobre a Avalia\u00e7\u00e3o Formativa. Espa\u00e7o para a Sa\u00fade (Online), v. 15, p. 346-352, 2014.<\/p>\n<p><strong>BARATIERI, T<\/strong>. ; DUARTE, L. G. ; <b>BORBA, K. P.<\/b> ; HIGARASHI, I. H. . Instrumento de Avalia\u00e7\u00e3o para Melhoria da Qualidade da Estrat\u00e9gia Sa\u00fade da Fam\u00edlia como Ferramenta de Est\u00e1gio. Espa\u00e7o para a Sa\u00fade (Online), v. 15, p. 523-530, 2014.<\/p>\n<p>MARCOVICZ, G. V. ; <b>RAIMONDO, M. L.<\/b> ; LABRONICI, L. M.. The route resilience of women victims of conjugal violence. Revista de Enfermagem da UFPI, v. 3, p. 4-10, 2014. Dispon\u00edvel em:\u00a0<a href=\"http:\/\/www.ojs.ufpi.br\/index.php\/reufpi\/article\/view\/1960\">http:\/\/www.ojs.ufpi.br\/index.php\/reufpi\/article\/view\/1960<\/a>.<\/p>\n<p>TRIGUEIRO, T. H. ; LABRONICI, L. M.\u00a0; MERIGHI, M. A. B. ; <b>RAIMONDO, M. L.<\/b> . The process of resilience in women who are victims of domestic Violence: a qualitative approach. Cogitare Enfermagem (UFPR), v. 19, p. 395-401, 2014. Dispon\u00edvel em:\u00a0<a href=\"http:\/\/ojs.c3sl.ufpr.br\/ojs\/index.php\/cogitare\/article\/viewFile\/34726\/23207\">http:\/\/ojs.c3sl.ufpr.br\/ojs\/index.php\/cogitare\/article\/viewFile\/34726\/23207<\/a><\/p>\n<p><strong>GRAMAZIO SOARES, LETICIA<\/strong> ; FERREIRA DE LIMA, VANESSA ; <strong>GRAMAZIO SOARES, LARISSA ; BARATIERI, TATIANE ;<\/strong> <b>BOTTI, MARIA LUCIANA<\/b> . Enfermagem neonatal em cuidados intensivos: o olhar das fam\u00edlias. Revista da Rede de Enfermagem do Nordeste &#8211; Rev Rene, v. 15, p. 12-21, 2014. Dispon\u00edvel em:\u00a0<a href=\"http:\/\/www.revistarene.ufc.br\/revista\/index.php\/revista\/article\/view\/1301\">http:\/\/www.revistarene.ufc.br\/revista\/index.php\/revista\/article\/view\/1301<\/a><\/p>\n<p>BARATIERI, TATIANE ; SOARES, LET\u00cdCIA GRAMAZIO ; <b>BOTTI, MARIA LUCIANA<\/b>\u00a0; CAMPANINI, ARACELI CONRADO. Consulta de enfermagem em puericultura: um enfoque nos registros de atendimentos. Revista de Enfermagem da UFSM, v. 4, p. 206, 2014. Dispon\u00edvel em:\u00a0<a href=\"http:\/\/cascavel.ufsm.br\/revistas\/ojs-2.2.2\/index.php\/reufsm\/article\/download\/8553\/pdf\">http:\/\/cascavel.ufsm.br\/revistas\/ojs-2.2.2\/index.php\/reufsm\/article\/download\/8553\/pdf<\/a>.<\/p>\n<p>TONIN, L ; <b>Baratieri, T.<\/b> . IMPLANTA\u00c7\u00c3O DE GRUPO DE ADOLESCENTES EM EST\u00c1GIO CURRICULAR EM SA\u00daDE COLETIVA. Revista de Biologia e Sa\u00fade da Unisep, v. 7, p. 42-47, 2014.<\/p>\n<p>&nbsp;<\/p>\n","protected":false},"excerpt":{"rendered":"<p>MADUREIRA, A. B. ; RAIMONDO, M. L. ; Ferraz, M.I.R. ; MARCOVICZ, G. V. ; LABRONICI, L. M. ; MANTOVANI, M. F. . Profile of men who commit violence against women who are arrested in delicto flagrante: contributions to confronting the phenomenon. Escola Anna Nery, v. 18, p. 600-606, 2014. Dispon\u00edvel em:\u00a0http:\/\/www.scielo.br\/scielo.php?pid=S1414-81452014000400600&amp;script=sci_arttext&amp;tlng=pt FORNARI, L. F. [&hellip;]<\/p>\n","protected":false},"author":2,"featured_media":0,"parent":0,"menu_order":0,"comment_status":"closed","ping_status":"closed","template":"twocolumns-page.php","meta":{"_exactmetrics_skip_tracking":false,"_exactmetrics_sitenote_active":false,"_exactmetrics_sitenote_note":"","_exactmetrics_sitenote_category":0,"ngg_post_thumbnail":0,"footnotes":"","_links_to":"","_links_to_target":""},"class_list":["post-141","page","type-page","status-publish","hentry"],"_links":{"self":[{"href":"https:\/\/www2.unicentro.br\/denf\/wp-json\/wp\/v2\/pages\/141","targetHints":{"allow":["GET"]}}],"collection":[{"href":"https:\/\/www2.unicentro.br\/denf\/wp-json\/wp\/v2\/pages"}],"about":[{"href":"https:\/\/www2.unicentro.br\/denf\/wp-json\/wp\/v2\/types\/page"}],"author":[{"embeddable":true,"href":"https:\/\/www2.unicentro.br\/denf\/wp-json\/wp\/v2\/users\/2"}],"replies":[{"embeddable":true,"href":"https:\/\/www2.unicentro.br\/denf\/wp-json\/wp\/v2\/comments?post=141"}],"version-history":[{"count":6,"href":"https:\/\/www2.unicentro.br\/denf\/wp-json\/wp\/v2\/pages\/141\/revisions"}],"predecessor-version":[{"id":288,"href":"https:\/\/www2.unicentro.br\/denf\/wp-json\/wp\/v2\/pages\/141\/revisions\/288"}],"wp:attachment":[{"href":"https:\/\/www2.unicentro.br\/denf\/wp-json\/wp\/v2\/media?parent=141"}],"curies":[{"name":"wp","href":"https:\/\/api.w.org\/{rel}","templated":true}]}}