{"id":115,"date":"2014-10-21T19:00:28","date_gmt":"2014-10-21T19:00:28","guid":{"rendered":"http:\/\/www2.unicentro.br\/denf\/?page_id=115"},"modified":"2016-04-10T18:40:11","modified_gmt":"2016-04-10T21:40:11","slug":"areas-de-atuacao","status":"publish","type":"page","link":"https:\/\/www2.unicentro.br\/denf\/areas-de-atuacao\/","title":{"rendered":"\u00c1reas de atua\u00e7\u00e3o"},"content":{"rendered":"<p>A gradua\u00e7\u00e3o em enfermagem permite que o profissional atue em diversas \u00e1reas, entre elas:<\/p>\n<ul>\n<li>Servi\u00e7os de sa\u00fade, p\u00fablicos ou privados, na \u00e1rea hospitalar ou na \u00e1rea de sa\u00fade comunit\u00e1ria.<\/li>\n<li>Servi\u00e7os de atendimento pr\u00e9-hospitalar;<\/li>\n<li>Empresas;<\/li>\n<li>Institui\u00e7\u00f5es de pesquisa;<\/li>\n<li>Consult\u00f3rios de enfermagem e atendimento domiciliar;<\/li>\n<li>Consultoria, auditoria ou assessoria;<\/li>\n<li>Institui\u00e7\u00f5es de ensino;<\/li>\n<li>Asilos e albergues;<\/li>\n<li>Creches e lares tempor\u00e1rios;<\/li>\n<li>Ind\u00fastrias;<\/li>\n<li>For\u00e7as Armadas&#8230;<\/li>\n<\/ul>\n","protected":false},"excerpt":{"rendered":"<p>A gradua\u00e7\u00e3o em enfermagem permite que o profissional atue em diversas \u00e1reas, entre elas: Servi\u00e7os de sa\u00fade, p\u00fablicos ou privados, na \u00e1rea hospitalar ou na \u00e1rea de sa\u00fade comunit\u00e1ria. Servi\u00e7os de atendimento pr\u00e9-hospitalar; Empresas; Institui\u00e7\u00f5es de pesquisa; Consult\u00f3rios de enfermagem e atendimento domiciliar; Consultoria, auditoria ou assessoria; Institui\u00e7\u00f5es de ensino; Asilos e albergues; Creches e [&hellip;]<\/p>\n","protected":false},"author":2,"featured_media":0,"parent":0,"menu_order":0,"comment_status":"closed","ping_status":"closed","template":"twocolumns-page.php","meta":{"_exactmetrics_skip_tracking":false,"_exactmetrics_sitenote_active":false,"_exactmetrics_sitenote_note":"","_exactmetrics_sitenote_category":0,"ngg_post_thumbnail":0,"footnotes":"","_links_to":"","_links_to_target":""},"class_list":["post-115","page","type-page","status-publish","hentry"],"_links":{"self":[{"href":"https:\/\/www2.unicentro.br\/denf\/wp-json\/wp\/v2\/pages\/115","targetHints":{"allow":["GET"]}}],"collection":[{"href":"https:\/\/www2.unicentro.br\/denf\/wp-json\/wp\/v2\/pages"}],"about":[{"href":"https:\/\/www2.unicentro.br\/denf\/wp-json\/wp\/v2\/types\/page"}],"author":[{"embeddable":true,"href":"https:\/\/www2.unicentro.br\/denf\/wp-json\/wp\/v2\/users\/2"}],"replies":[{"embeddable":true,"href":"https:\/\/www2.unicentro.br\/denf\/wp-json\/wp\/v2\/comments?post=115"}],"version-history":[{"count":3,"href":"https:\/\/www2.unicentro.br\/denf\/wp-json\/wp\/v2\/pages\/115\/revisions"}],"predecessor-version":[{"id":303,"href":"https:\/\/www2.unicentro.br\/denf\/wp-json\/wp\/v2\/pages\/115\/revisions\/303"}],"wp:attachment":[{"href":"https:\/\/www2.unicentro.br\/denf\/wp-json\/wp\/v2\/media?parent=115"}],"curies":[{"name":"wp","href":"https:\/\/api.w.org\/{rel}","templated":true}]}}