{"id":113,"date":"2014-10-21T18:59:30","date_gmt":"2014-10-21T18:59:30","guid":{"rendered":"http:\/\/www2.unicentro.br\/denf\/?page_id=113"},"modified":"2016-04-14T22:23:25","modified_gmt":"2016-04-15T01:23:25","slug":"competencias-e-habilidades","status":"publish","type":"page","link":"https:\/\/www2.unicentro.br\/denf\/competencias-e-habilidades\/","title":{"rendered":"Compet\u00eancias e habilidades"},"content":{"rendered":"<table class=\" aligncenter\" style=\"height: 1607px;background-color: #ffffff;border-color: #ffffff\" width=\"865\">\n<tbody>\n<tr>\n<td style=\"text-align: center\"><strong><span style=\"font-size: 16pt;font-family: 'book antiqua', palatino, serif;color: #000080\">Aten\u00e7\u00e3o \u00e1 Sa\u00fade<\/span><\/strong><\/td>\n<td style=\"text-align: center\">&nbsp;<\/p>\n<p><span style=\"font-family: 'book antiqua', palatino, serif;color: #993300;font-size: 14pt\">Os profissionais de sa\u00fade, dentro de seu \u00e2mbito profissional, devem estar aptos a desenvolver a\u00e7\u00f5es de preven\u00e7\u00e3o, promo\u00e7\u00e3o, prote\u00e7\u00e3o e reabilita\u00e7\u00e3o da sa\u00fade, tanto em n\u00edvel individual quanto coletivo. Cada profissional deve assegurar que sua pr\u00e1tica seja realizada de forma integrada e continua com as demais inst\u00e2ncias do sistema de sa\u00fade. Os profissionais devem realizar seus servi\u00e7os dentro dos mais altos padr\u00f5es de qualidade e dos princ\u00edpios da \u00e9tica\/bio\u00e9tica, tendo em conta que a responsabilidade da aten\u00e7\u00e3o \u00e0 sa\u00fade n\u00e3o se encerra com o ato t\u00e9cnico, mas sim, com a resolu\u00e7\u00e3o do problema de sa\u00fade, tanto a n\u00edvel individual como coletivo.<\/span><\/p>\n<p><span style=\"font-size: 14pt\">\u00a0<\/span><\/td>\n<\/tr>\n<tr>\n<td style=\"text-align: center\"><strong><span style=\"font-size: 16pt;font-family: 'book antiqua', palatino, serif;color: #000080\">Tomada de Decis\u00f5es<\/span><\/strong><\/td>\n<td style=\"text-align: center\">&nbsp;<\/p>\n<p><span style=\"font-family: 'book antiqua', palatino, serif;color: #993300;font-size: 14pt\">O trabalho dos profissionais de sa\u00fade deve estar fundamentado na capacidade de tomar decis\u00f5es visando o uso apropriado, efic\u00e1cia e custo-efetividade, da for\u00e7a de trabalho, de medicamentos, de equipamentos, de procedimentos e de pr\u00e1ticas. Para este fim, os mesmos devem possuir habilidades para avaliar, sistematizar e decidir a conduta mais apropriada.<\/span><\/p>\n<p><span style=\"font-size: 14pt\">\u00a0<\/span><\/td>\n<\/tr>\n<tr>\n<td style=\"text-align: center\"><strong><span style=\"font-size: 16pt;font-family: 'book antiqua', palatino, serif;color: #000080\">Comunica\u00e7\u00e3o<\/span><\/strong><\/td>\n<td style=\"text-align: center\">&nbsp;<\/p>\n<p><span style=\"font-family: 'book antiqua', palatino, serif;color: #993300;font-size: 14pt\">Os profissionais de sa\u00fade devem ser acess\u00edveis e devem manter a confidencialidade das informa\u00e7\u00f5es a eles confiadas, na intera\u00e7\u00e3o com outros profissionais de sa\u00fade e o p\u00fablico em geral. A comunica\u00e7\u00e3o envolve comunica\u00e7\u00e3o verbal, n\u00e3o verbal e habilidades de escrita e leitura; o dom\u00ednio de, pelo menos, uma l\u00edngua estrangeira e de tecnologias de comunica\u00e7\u00e3o e informa\u00e7\u00e3o.<\/span><\/p>\n<p><span style=\"font-size: 14pt\">\u00a0<\/span><\/td>\n<\/tr>\n<tr>\n<td style=\"text-align: center\"><strong><span style=\"font-size: 16pt;font-family: 'book antiqua', palatino, serif;color: #000080\">Lideran\u00e7a<\/span><\/strong><\/td>\n<td style=\"text-align: center\">&nbsp;<\/p>\n<p><span style=\"font-family: 'book antiqua', palatino, serif;color: #993300;font-size: 14pt\">No trabalho em equipe multiprofissional, os profissionais de sa\u00fade dever\u00e3o estar aptos a assumirem posi\u00e7\u00f5es de lideran\u00e7a, sempre tendo em vista o bem estar da comunidade. A lideran\u00e7a envolve compromisso, responsabilidade, empatia, habilidade para tomada de decis\u00f5es, comunica\u00e7\u00e3o e gerenciamento de forma efetiva e eficaz.<\/span><\/p>\n<p><span style=\"font-size: 14pt\">\u00a0<\/span><\/td>\n<\/tr>\n<tr>\n<td style=\"text-align: center\"><strong><span style=\"font-size: 16pt;font-family: 'book antiqua', palatino, serif;color: #000080\">Administra\u00e7\u00e3o e Gerenciamento<\/span><\/strong><\/td>\n<td style=\"text-align: center\">&nbsp;<\/p>\n<p><span style=\"font-family: 'book antiqua', palatino, serif;color: #993300;font-size: 14pt\">Os profissionais devem estar aptos a fazer o gerenciamento e administra\u00e7\u00e3o tanto da for\u00e7a de trabalho, dos recursos f\u00edsicos e materiais e de informa\u00e7\u00e3o, da mesma forma que devem estar aptos a serem gestores, empregadores ou lideran\u00e7as na equipe de sa\u00fade.<\/span><\/p>\n<p><span style=\"font-size: 14pt\">\u00a0<\/span><\/td>\n<\/tr>\n<tr>\n<td style=\"text-align: center\"><strong><span style=\"font-size: 16pt;font-family: 'book antiqua', palatino, serif;color: #000080\">Educa\u00e7\u00e3o Permanente<\/span><\/strong><\/td>\n<td style=\"text-align: center\">&nbsp;<\/p>\n<p><span style=\"font-family: 'book antiqua', palatino, serif;color: #993300;font-size: 16pt\">Os profissionais devem ser capazes de aprender continuamente, tanto na sua forma\u00e7\u00e3o, quanto na sua pr\u00e1tica. Desta forma, os profissionais de sa\u00fade devem aprender a aprender e ter responsabilidade e compromisso com a educa\u00e7\u00e3o e o treinamento\/est\u00e1gios das futuras gera\u00e7\u00f5es de profissionais, n\u00e3o apenas transmitindo conhecimentos, mas proporcionando condi\u00e7\u00f5es para que haja beneficio m\u00fatuo entre os futuros profissionais e os profissionais dos servi\u00e7os.<\/span><\/p>\n<p>&nbsp;<\/td>\n<\/tr>\n<\/tbody>\n<\/table>\n","protected":false},"excerpt":{"rendered":"<p>Aten\u00e7\u00e3o \u00e1 Sa\u00fade &nbsp; Os profissionais de sa\u00fade, dentro de seu \u00e2mbito profissional, devem estar aptos a desenvolver a\u00e7\u00f5es de preven\u00e7\u00e3o, promo\u00e7\u00e3o, prote\u00e7\u00e3o e reabilita\u00e7\u00e3o da sa\u00fade, tanto em n\u00edvel individual quanto coletivo. Cada profissional deve assegurar que sua pr\u00e1tica seja realizada de forma integrada e continua com as demais inst\u00e2ncias do sistema de sa\u00fade. [&hellip;]<\/p>\n","protected":false},"author":2,"featured_media":0,"parent":0,"menu_order":0,"comment_status":"closed","ping_status":"closed","template":"","meta":{"_exactmetrics_skip_tracking":false,"_exactmetrics_sitenote_active":false,"_exactmetrics_sitenote_note":"","_exactmetrics_sitenote_category":0,"ngg_post_thumbnail":0,"footnotes":"","_links_to":"","_links_to_target":""},"class_list":["post-113","page","type-page","status-publish","hentry"],"_links":{"self":[{"href":"https:\/\/www2.unicentro.br\/denf\/wp-json\/wp\/v2\/pages\/113","targetHints":{"allow":["GET"]}}],"collection":[{"href":"https:\/\/www2.unicentro.br\/denf\/wp-json\/wp\/v2\/pages"}],"about":[{"href":"https:\/\/www2.unicentro.br\/denf\/wp-json\/wp\/v2\/types\/page"}],"author":[{"embeddable":true,"href":"https:\/\/www2.unicentro.br\/denf\/wp-json\/wp\/v2\/users\/2"}],"replies":[{"embeddable":true,"href":"https:\/\/www2.unicentro.br\/denf\/wp-json\/wp\/v2\/comments?post=113"}],"version-history":[{"count":3,"href":"https:\/\/www2.unicentro.br\/denf\/wp-json\/wp\/v2\/pages\/113\/revisions"}],"predecessor-version":[{"id":317,"href":"https:\/\/www2.unicentro.br\/denf\/wp-json\/wp\/v2\/pages\/113\/revisions\/317"}],"wp:attachment":[{"href":"https:\/\/www2.unicentro.br\/denf\/wp-json\/wp\/v2\/media?parent=113"}],"curies":[{"name":"wp","href":"https:\/\/api.w.org\/{rel}","templated":true}]}}