{"id":111,"date":"2014-10-21T18:59:16","date_gmt":"2014-10-21T18:59:16","guid":{"rendered":"http:\/\/www2.unicentro.br\/denf\/?page_id=111"},"modified":"2016-04-10T18:47:55","modified_gmt":"2016-04-10T21:47:55","slug":"objetivos","status":"publish","type":"page","link":"https:\/\/www2.unicentro.br\/denf\/objetivos\/","title":{"rendered":"Objetivos"},"content":{"rendered":"<p>Os objetivos do Curso de Enfermagem da UNICENTRO s\u00e3o:<\/p>\n<p>Capacitar profissionais com habilidades e compet\u00eancias voltadas para a aten\u00e7\u00e3o \u00e0 sa\u00fade; tomada de decis\u00e3o; comunica\u00e7\u00e3o; lideran\u00e7a; administra\u00e7\u00e3o, gerenciamento e educa\u00e7\u00e3o permanente, em conson\u00e2ncia com as Diretrizes Curriculares Nacionais vigente.<\/p>\n<p>Formar enfermeiros generalistas, competentes para mudar comportamentoS e intervir no cuidado humano com saber cognitivo, habilidade (saber fazer), e atitude profissional (saber fazer).<\/p>\n<p>Formar profissionais capacitados t\u00e9cnica e cientificamente para atuar no sentido de identificar os indicadores de sa\u00fade e doen\u00e7a da popula\u00e7\u00e3o e desenvolver atividades que possam melhorar as condi\u00e7\u00f5es de sa\u00fade da coletividade, compreendendo o ser humano de forma integral.<\/p>\n","protected":false},"excerpt":{"rendered":"<p>Os objetivos do Curso de Enfermagem da UNICENTRO s\u00e3o: Capacitar profissionais com habilidades e compet\u00eancias voltadas para a aten\u00e7\u00e3o \u00e0 sa\u00fade; tomada de decis\u00e3o; comunica\u00e7\u00e3o; lideran\u00e7a; administra\u00e7\u00e3o, gerenciamento e educa\u00e7\u00e3o permanente, em conson\u00e2ncia com as Diretrizes Curriculares Nacionais vigente. Formar enfermeiros generalistas, competentes para mudar comportamentoS e intervir no cuidado humano com saber cognitivo, habilidade [&hellip;]<\/p>\n","protected":false},"author":2,"featured_media":0,"parent":0,"menu_order":0,"comment_status":"closed","ping_status":"closed","template":"twocolumns-page.php","meta":{"_exactmetrics_skip_tracking":false,"_exactmetrics_sitenote_active":false,"_exactmetrics_sitenote_note":"","_exactmetrics_sitenote_category":0,"ngg_post_thumbnail":0,"footnotes":"","_links_to":"","_links_to_target":""},"class_list":["post-111","page","type-page","status-publish","hentry"],"_links":{"self":[{"href":"https:\/\/www2.unicentro.br\/denf\/wp-json\/wp\/v2\/pages\/111","targetHints":{"allow":["GET"]}}],"collection":[{"href":"https:\/\/www2.unicentro.br\/denf\/wp-json\/wp\/v2\/pages"}],"about":[{"href":"https:\/\/www2.unicentro.br\/denf\/wp-json\/wp\/v2\/types\/page"}],"author":[{"embeddable":true,"href":"https:\/\/www2.unicentro.br\/denf\/wp-json\/wp\/v2\/users\/2"}],"replies":[{"embeddable":true,"href":"https:\/\/www2.unicentro.br\/denf\/wp-json\/wp\/v2\/comments?post=111"}],"version-history":[{"count":2,"href":"https:\/\/www2.unicentro.br\/denf\/wp-json\/wp\/v2\/pages\/111\/revisions"}],"predecessor-version":[{"id":306,"href":"https:\/\/www2.unicentro.br\/denf\/wp-json\/wp\/v2\/pages\/111\/revisions\/306"}],"wp:attachment":[{"href":"https:\/\/www2.unicentro.br\/denf\/wp-json\/wp\/v2\/media?parent=111"}],"curies":[{"name":"wp","href":"https:\/\/api.w.org\/{rel}","templated":true}]}}