{"id":5,"date":"2014-02-18T19:03:42","date_gmt":"2014-02-18T19:03:42","guid":{"rendered":"http:\/\/www2.unicentro.br\/coorcap\/?page_id=5"},"modified":"2017-04-17T13:27:31","modified_gmt":"2017-04-17T13:27:31","slug":"inicial","status":"publish","type":"page","link":"https:\/\/www2.unicentro.br\/coorcap\/","title":{"rendered":"Inicial"},"content":{"rendered":"<p style=\"text-align: center\"><img loading=\"lazy\" decoding=\"async\" class=\" wp-image-9 aligncenter\" style=\"margin-top: 15px;margin-bottom: 15px\" src=\"http:\/\/www2.unicentro.br\/coorcap\/files\/2014\/02\/logomarca-1024x552.png\" alt=\"Logomarca Coorcap\" width=\"491\" height=\"265\" srcset=\"https:\/\/www2.unicentro.br\/coorcap\/files\/2014\/02\/logomarca-1024x552.png 1024w, https:\/\/www2.unicentro.br\/coorcap\/files\/2014\/02\/logomarca-300x161.png 300w, https:\/\/www2.unicentro.br\/coorcap\/files\/2014\/02\/logomarca.png 1951w\" sizes=\"auto, (max-width: 491px) 100vw, 491px\" \/><\/p>\n<hr style=\"width: 100%\" width=\"100%\" \/>\n<p style=\"text-align: justify\">A Coordenadoria de Conv\u00eanios e Capta\u00e7\u00e3o de Recursos \u00e9 um setor com sua trajet\u00f3ria intimamente ligada a moderniza\u00e7\u00e3o e desenvolvimento da UNICENTRO.<\/p>\n<p style=\"text-align: justify\">Seu\u00a0projeto institucional est\u00e1 alicer\u00e7ado na execu\u00e7\u00e3o de pol\u00edticas, diretrizes e estrat\u00e9gias operacionais, monitorando o suprimento dos recursos relativos aos conv\u00eanios, capta\u00e7\u00e3o de recursos e presta\u00e7\u00e3o de contas, atuando como elo entre a dire\u00e7\u00e3o geral da Universidade, ag\u00eancias de fomentos p\u00fablicas e privadas e \u00f3rg\u00e3os fiscalizadores.<\/p>\n<p style=\"text-align: justify\">Atualmente, a COORCAP conta com uma equipe de colaboradores divididos entre a Diretoria de Capta\u00e7\u00e3o de Recursos, a Diretoria de Conv\u00eanios\u00a0e\u00a0a Diretoria de Presta\u00e7\u00e3o de Contas, al\u00e9m da Coordenadoria Adjunta presente no\u00a0<em>Campus <\/em>de Irati, gerenciando\u00a0todos os conv\u00eanios, termos\/acordos de coopera\u00e7\u00e3o, contratos de patroc\u00ednio e outros instrumentos cong\u00eaneres celebrados pela UNICENTRO.<\/p>\n<p style=\"text-align: justify\">Seus objetivos focam\u00a0na potencializa\u00e7\u00e3o e facilita\u00e7\u00e3o da capta\u00e7\u00e3o de recursos, consolida\u00e7\u00e3o de conv\u00eanios e presta\u00e7\u00e3o de contas, utilizando a rede de relacionamentos pessoais e profissionais de sua equipe, e da melhoria cont\u00ednua de seus procedimentos. Tem como miss\u00e3o a contribui\u00e7\u00e3o para o desenvolvimento institucional, facilitando o trabalho de nossos colaboradores internos e externos, por meio de informa\u00e7\u00f5es e solu\u00e7\u00f5es r\u00e1pidas nas suas diversas \u00e1reas de atua\u00e7\u00e3o, preservando valores de \u00e9tica e responsabilidade, criando um ambiente favor\u00e1vel para a consolida\u00e7\u00e3o da Universidade.<\/p>\n","protected":false},"excerpt":{"rendered":"<p>A Coordenadoria de Conv\u00eanios e Capta\u00e7\u00e3o de Recursos \u00e9 um setor com sua trajet\u00f3ria intimamente ligada a moderniza\u00e7\u00e3o e desenvolvimento da UNICENTRO. Seu\u00a0projeto institucional est\u00e1 alicer\u00e7ado na execu\u00e7\u00e3o de pol\u00edticas, diretrizes e estrat\u00e9gias operacionais, monitorando o suprimento dos recursos relativos aos conv\u00eanios, capta\u00e7\u00e3o de recursos e presta\u00e7\u00e3o de contas, atuando como elo entre a dire\u00e7\u00e3o [&hellip;]<\/p>\n","protected":false},"author":2,"featured_media":0,"parent":0,"menu_order":0,"comment_status":"closed","ping_status":"closed","template":"","meta":{"_exactmetrics_skip_tracking":false,"_exactmetrics_sitenote_active":false,"_exactmetrics_sitenote_note":"","_exactmetrics_sitenote_category":0,"footnotes":"","_links_to":"","_links_to_target":""},"class_list":["post-5","page","type-page","status-publish","hentry"],"publishpress_future_action":{"enabled":false,"date":"2026-04-28 15:09:08","action":"change-status","newStatus":"draft","terms":[],"taxonomy":"","extraData":[]},"publishpress_future_workflow_manual_trigger":{"enabledWorkflows":[]},"_links":{"self":[{"href":"https:\/\/www2.unicentro.br\/coorcap\/wp-json\/wp\/v2\/pages\/5","targetHints":{"allow":["GET"]}}],"collection":[{"href":"https:\/\/www2.unicentro.br\/coorcap\/wp-json\/wp\/v2\/pages"}],"about":[{"href":"https:\/\/www2.unicentro.br\/coorcap\/wp-json\/wp\/v2\/types\/page"}],"author":[{"embeddable":true,"href":"https:\/\/www2.unicentro.br\/coorcap\/wp-json\/wp\/v2\/users\/2"}],"replies":[{"embeddable":true,"href":"https:\/\/www2.unicentro.br\/coorcap\/wp-json\/wp\/v2\/comments?post=5"}],"version-history":[{"count":9,"href":"https:\/\/www2.unicentro.br\/coorcap\/wp-json\/wp\/v2\/pages\/5\/revisions"}],"predecessor-version":[{"id":947,"href":"https:\/\/www2.unicentro.br\/coorcap\/wp-json\/wp\/v2\/pages\/5\/revisions\/947"}],"wp:attachment":[{"href":"https:\/\/www2.unicentro.br\/coorcap\/wp-json\/wp\/v2\/media?parent=5"}],"curies":[{"name":"wp","href":"https:\/\/api.w.org\/{rel}","templated":true}]}}