{"id":49,"date":"2014-02-20T19:17:47","date_gmt":"2014-02-20T19:17:47","guid":{"rendered":"http:\/\/www2.unicentro.br\/coorcap\/?page_id=49"},"modified":"2017-10-26T16:24:43","modified_gmt":"2017-10-26T16:24:43","slug":"diretoria-de-prestacao-de-contas","status":"publish","type":"page","link":"https:\/\/www2.unicentro.br\/coorcap\/diretoria-de-prestacao-de-contas\/","title":{"rendered":"Diretoria de Presta\u00e7\u00e3o de Contas"},"content":{"rendered":"<p><!-- @page { margin: 2cm } P { margin-bottom: 0.21cm } --><\/p>\n<p class=\"western\" align=\"JUSTIFY\">A Diretoria de Presta\u00e7\u00e3o de Contas \u00e9 o setor respons\u00e1vel pela formaliza\u00e7\u00e3o e apresenta\u00e7\u00e3o das presta\u00e7\u00f5es de contas dos recursos financeiros transferidos \u00e0 UNICENTRO, por meio de Transfer\u00eancias Volunt\u00e1rias celebradas com entidades da Administra\u00e7\u00e3o P\u00fablica Municipal, Estadual, Federal e Institui\u00e7\u00f5es Privadas.<\/p>\n<p><!-- @page { margin: 2cm } P { margin-bottom: 0.21cm } --><\/p>\n<p class=\"western\" align=\"JUSTIFY\">As Presta\u00e7\u00f5es de Contas, obrigatoriamente, s\u00e3o realizadas de acordo com as normas e legisla\u00e7\u00f5es determinadas pelos \u00f3rg\u00e3os fiscalizadores, sendo no Estado do Paran\u00e1, o Tribunal de Contas do Estado do Paran\u00e1, e na Uni\u00e3o, conforme a legisla\u00e7\u00e3o Federal que trata das transfer\u00eancias de recursos.<\/p>\n<p><!-- @page { margin: 2cm } P { margin-bottom: 0.21cm } --><\/p>\n<p class=\"western\" align=\"JUSTIFY\">Al\u00e9m das atividades relacionadas a Presta\u00e7\u00e3o de Contas, a DIRPCON tamb\u00e9m realiza atividades de orienta\u00e7\u00e3o e assessoria t\u00e9cnica aos Coordenadores de Projetos, atuando como \u00f3rg\u00e3o de apoio \u00e0 execu\u00e7\u00e3o financeira dos Planos de Trabalhos; realizando inclusive a an\u00e1lise e instru\u00e7\u00e3o dos protocolos das solicita\u00e7\u00f5es de compra\/contrata\u00e7\u00e3o e a verifica\u00e7\u00e3o da corretude dos pedidos de empenhos emitidos. Esse acompanhamento tem por objetivo a otimiza\u00e7\u00e3o da utiliza\u00e7\u00e3o dos recursos recebidos, realizando as a\u00e7\u00f5es das transfer\u00eancias volunt\u00e1rias de acordo com os Planos de Trabalho e Aplica\u00e7\u00e3o Financeira, bem como com a legisla\u00e7\u00e3o vigente.<\/p>\n<p>Para acessar outras informa\u00e7\u00f5es desta Diretoria clique no quadro abaixo:<\/p>\n<table style=\"height: 50px;background-color: #dab039;width: 100px\" border=\"2\" cellspacing=\"0\" cellpadding=\"8\" align=\"center\">\n<tbody>\n<tr>\n<td style=\"text-align: left\">\n<h3 style=\"text-align: center;vertical-align: middle\"><a href=\"\/coorcap\/dirpcon\">Informa\u00e7\u00f5es Adicionais<\/a><\/h3>\n<\/td>\n<\/tr>\n<\/tbody>\n<\/table>\n","protected":false},"excerpt":{"rendered":"<p>A Diretoria de Presta\u00e7\u00e3o de Contas \u00e9 o setor respons\u00e1vel pela formaliza\u00e7\u00e3o e apresenta\u00e7\u00e3o das presta\u00e7\u00f5es de contas dos recursos financeiros transferidos \u00e0 UNICENTRO, por meio de Transfer\u00eancias Volunt\u00e1rias celebradas com entidades da Administra\u00e7\u00e3o P\u00fablica Municipal, Estadual, Federal e Institui\u00e7\u00f5es Privadas. As Presta\u00e7\u00f5es de Contas, obrigatoriamente, s\u00e3o realizadas de acordo com as normas e legisla\u00e7\u00f5es [&hellip;]<\/p>\n","protected":false},"author":2,"featured_media":0,"parent":0,"menu_order":0,"comment_status":"closed","ping_status":"closed","template":"","meta":{"_exactmetrics_skip_tracking":false,"_exactmetrics_sitenote_active":false,"_exactmetrics_sitenote_note":"","_exactmetrics_sitenote_category":0,"footnotes":"","_links_to":"","_links_to_target":""},"class_list":["post-49","page","type-page","status-publish","hentry"],"publishpress_future_action":{"enabled":false,"date":"2026-04-28 16:43:43","action":"change-status","newStatus":"draft","terms":[],"taxonomy":"","extraData":[]},"publishpress_future_workflow_manual_trigger":{"enabledWorkflows":[]},"_links":{"self":[{"href":"https:\/\/www2.unicentro.br\/coorcap\/wp-json\/wp\/v2\/pages\/49","targetHints":{"allow":["GET"]}}],"collection":[{"href":"https:\/\/www2.unicentro.br\/coorcap\/wp-json\/wp\/v2\/pages"}],"about":[{"href":"https:\/\/www2.unicentro.br\/coorcap\/wp-json\/wp\/v2\/types\/page"}],"author":[{"embeddable":true,"href":"https:\/\/www2.unicentro.br\/coorcap\/wp-json\/wp\/v2\/users\/2"}],"replies":[{"embeddable":true,"href":"https:\/\/www2.unicentro.br\/coorcap\/wp-json\/wp\/v2\/comments?post=49"}],"version-history":[{"count":15,"href":"https:\/\/www2.unicentro.br\/coorcap\/wp-json\/wp\/v2\/pages\/49\/revisions"}],"predecessor-version":[{"id":622,"href":"https:\/\/www2.unicentro.br\/coorcap\/wp-json\/wp\/v2\/pages\/49\/revisions\/622"}],"wp:attachment":[{"href":"https:\/\/www2.unicentro.br\/coorcap\/wp-json\/wp\/v2\/media?parent=49"}],"curies":[{"name":"wp","href":"https:\/\/api.w.org\/{rel}","templated":true}]}}