{"id":30,"date":"2014-02-20T18:53:53","date_gmt":"2014-02-20T18:53:53","guid":{"rendered":"http:\/\/www2.unicentro.br\/coorcap\/?page_id=30"},"modified":"2017-04-17T17:15:26","modified_gmt":"2017-04-17T17:15:26","slug":"diretoria-de-captacao-de-recursos","status":"publish","type":"page","link":"https:\/\/www2.unicentro.br\/coorcap\/diretoria-de-captacao-de-recursos\/","title":{"rendered":"Diretoria de Capta\u00e7\u00e3o de Recursos"},"content":{"rendered":"<div style=\"text-align: justify\">A Diretoria de Capta\u00e7\u00e3o de Recursos tem como fun\u00e7\u00e3o primordial promover a\u00e7\u00f5es e apoiar docentes e agentes universit\u00e1rios em todo o processo de capta\u00e7\u00e3o de recursos. Sejam recursos governamentais ou privados, nacionais ou internacionais.<\/div>\n<p style=\"text-align: justify\">Em linhas gerais a DIRCAP atua ainda na gest\u00e3o e execu\u00e7\u00e3o dos recursos captados por meio de conv\u00eanios, contratos, termos de coopera\u00e7\u00e3o, patroc\u00ednio, etc.<\/p>\n<p>Para acessar formul\u00e1rios, instru\u00e7\u00f5es e outras informa\u00e7\u00f5es desta Diretoria clique no link abaixo:<\/p>\n<table style=\"height: 50px;background-color: #dab039;;width: 100px\" border=\"2\" cellspacing=\"0\" cellpadding=\"8\" align=\"center\">\n<tbody>\n<tr>\n<td style=\"text-align: left\">\n<h3 style=\"text-align: center;vertical-align: middle\"><a href=\"\/coorcap\/dircap\">DIRCAP<\/a><\/h3>\n<\/td>\n<\/tr>\n<\/tbody>\n<\/table>\n","protected":false},"excerpt":{"rendered":"<p>A Diretoria de Capta\u00e7\u00e3o de Recursos tem como fun\u00e7\u00e3o primordial promover a\u00e7\u00f5es e apoiar docentes e agentes universit\u00e1rios em todo o processo de capta\u00e7\u00e3o de recursos. Sejam recursos governamentais ou privados, nacionais ou internacionais. Em linhas gerais a DIRCAP atua ainda na gest\u00e3o e execu\u00e7\u00e3o dos recursos captados por meio de conv\u00eanios, contratos, termos de [&hellip;]<\/p>\n","protected":false},"author":2,"featured_media":0,"parent":0,"menu_order":0,"comment_status":"closed","ping_status":"closed","template":"","meta":{"_exactmetrics_skip_tracking":false,"_exactmetrics_sitenote_active":false,"_exactmetrics_sitenote_note":"","_exactmetrics_sitenote_category":0,"footnotes":"","_links_to":"","_links_to_target":""},"class_list":["post-30","page","type-page","status-publish","hentry"],"publishpress_future_action":{"enabled":false,"date":"2026-04-28 19:45:16","action":"change-status","newStatus":"draft","terms":[],"taxonomy":"","extraData":[]},"publishpress_future_workflow_manual_trigger":{"enabledWorkflows":[]},"_links":{"self":[{"href":"https:\/\/www2.unicentro.br\/coorcap\/wp-json\/wp\/v2\/pages\/30","targetHints":{"allow":["GET"]}}],"collection":[{"href":"https:\/\/www2.unicentro.br\/coorcap\/wp-json\/wp\/v2\/pages"}],"about":[{"href":"https:\/\/www2.unicentro.br\/coorcap\/wp-json\/wp\/v2\/types\/page"}],"author":[{"embeddable":true,"href":"https:\/\/www2.unicentro.br\/coorcap\/wp-json\/wp\/v2\/users\/2"}],"replies":[{"embeddable":true,"href":"https:\/\/www2.unicentro.br\/coorcap\/wp-json\/wp\/v2\/comments?post=30"}],"version-history":[{"count":17,"href":"https:\/\/www2.unicentro.br\/coorcap\/wp-json\/wp\/v2\/pages\/30\/revisions"}],"predecessor-version":[{"id":961,"href":"https:\/\/www2.unicentro.br\/coorcap\/wp-json\/wp\/v2\/pages\/30\/revisions\/961"}],"wp:attachment":[{"href":"https:\/\/www2.unicentro.br\/coorcap\/wp-json\/wp\/v2\/media?parent=30"}],"curies":[{"name":"wp","href":"https:\/\/api.w.org\/{rel}","templated":true}]}}