{"id":22,"date":"2014-02-20T18:45:46","date_gmt":"2014-02-20T18:45:46","guid":{"rendered":"http:\/\/www2.unicentro.br\/coorcap\/?page_id=22"},"modified":"2015-01-14T17:26:02","modified_gmt":"2015-01-14T17:26:02","slug":"horario-de-funcionamento","status":"publish","type":"page","link":"https:\/\/www2.unicentro.br\/coorcap\/horario-de-funcionamento\/","title":{"rendered":"Hor\u00e1rio de Funcionamento"},"content":{"rendered":"<hr \/>\n<p style=\"text-align: center\"><strong>MANH\u00c3<\/strong><br \/>\nDas 8h \u00e0s 11h30min<\/p>\n<p style=\"text-align: center\"><strong>TARDE<\/strong><br \/>\nDas 13h \u00e0s 17h30min<\/p>\n<hr \/>\n<p style=\"text-align: center\">\n<p style=\"text-align: center\">\n","protected":false},"excerpt":{"rendered":"<p>MANH\u00c3 Das 8h \u00e0s 11h30min TARDE Das 13h \u00e0s 17h30min<\/p>\n","protected":false},"author":2,"featured_media":0,"parent":0,"menu_order":0,"comment_status":"closed","ping_status":"closed","template":"","meta":{"_exactmetrics_skip_tracking":false,"_exactmetrics_sitenote_active":false,"_exactmetrics_sitenote_note":"","_exactmetrics_sitenote_category":0,"footnotes":"","_links_to":"","_links_to_target":""},"class_list":["post-22","page","type-page","status-publish","hentry"],"publishpress_future_action":{"enabled":false,"date":"2026-04-28 16:45:35","action":"change-status","newStatus":"draft","terms":[],"taxonomy":"","extraData":[]},"publishpress_future_workflow_manual_trigger":{"enabledWorkflows":[]},"_links":{"self":[{"href":"https:\/\/www2.unicentro.br\/coorcap\/wp-json\/wp\/v2\/pages\/22","targetHints":{"allow":["GET"]}}],"collection":[{"href":"https:\/\/www2.unicentro.br\/coorcap\/wp-json\/wp\/v2\/pages"}],"about":[{"href":"https:\/\/www2.unicentro.br\/coorcap\/wp-json\/wp\/v2\/types\/page"}],"author":[{"embeddable":true,"href":"https:\/\/www2.unicentro.br\/coorcap\/wp-json\/wp\/v2\/users\/2"}],"replies":[{"embeddable":true,"href":"https:\/\/www2.unicentro.br\/coorcap\/wp-json\/wp\/v2\/comments?post=22"}],"version-history":[{"count":3,"href":"https:\/\/www2.unicentro.br\/coorcap\/wp-json\/wp\/v2\/pages\/22\/revisions"}],"predecessor-version":[{"id":626,"href":"https:\/\/www2.unicentro.br\/coorcap\/wp-json\/wp\/v2\/pages\/22\/revisions\/626"}],"wp:attachment":[{"href":"https:\/\/www2.unicentro.br\/coorcap\/wp-json\/wp\/v2\/media?parent=22"}],"curies":[{"name":"wp","href":"https:\/\/api.w.org\/{rel}","templated":true}]}}