{"id":17,"date":"2019-10-14T15:00:34","date_gmt":"2019-10-14T15:00:34","guid":{"rendered":"http:\/\/www2.unicentro.br\/coorcap\/?page_id=17"},"modified":"2020-11-10T14:29:39","modified_gmt":"2020-11-10T14:29:39","slug":"equipecontatos","status":"publish","type":"page","link":"https:\/\/www2.unicentro.br\/coorcap\/equipecontatos\/","title":{"rendered":"Equipe\/Contatos"},"content":{"rendered":"<table style=\"width: 911px;height: 2060px;background-color: #faf7f7\" border=\"0\" cellspacing=\"8\">\n<tbody>\n<tr>\n<td colspan=\"3\" bgcolor=\"#F0F0F0\">\n<div align=\"center\"><strong>COORDENADORIA DE CONV\u00caNIOS E CAPTA\u00c7\u00c3O DE RECURSOS &#8211; COORCAP<\/strong><\/div>\n<\/td>\n<\/tr>\n<tr>\n<td colspan=\"3\" bgcolor=\"#F0F0F0\">\n<div align=\"center\"><strong>COORDENADOR<\/strong><\/div>\n<\/td>\n<\/tr>\n<tr>\n<td style=\"text-align: center\" colspan=\"3\">\n<p align=\"center\"><strong>F\u00e1bio Horst<\/strong><\/p>\n<p><span style=\"line-height: 19px\">(42) 3621-1465<br \/>\n<\/span><a style=\"line-height: 19px\" href=\"mailto:fhorst@unicentro.br\">fhorst@unicentro.br<br \/>\n<\/a><a style=\"line-height: 19px\" href=\"mailto:fabiohorst_1@hotmail.com\">fabiohorst_1@hotmail.com<\/a><\/td>\n<\/tr>\n<tr>\n<td style=\"text-align: center\" colspan=\"3\" bgcolor=\"#F0F0F0\"><strong>\u00a0SECRETARIA EXECUTIVA<\/strong><\/td>\n<\/tr>\n<tr>\n<td style=\"text-align: center\" colspan=\"3\" bgcolor=\"#F0F0F0\">\u00a0<strong>ESTAGI\u00c1RIA<\/strong><\/td>\n<\/tr>\n<tr>\n<td style=\"text-align: center\" colspan=\"3\"><strong>xxx<\/strong><\/p>\n<div align=\"center\">(42) 3621-1025<\/div>\n<div align=\"center\">e-mail<\/div>\n<\/td>\n<\/tr>\n<tr>\n<td bgcolor=\"#F0F0F0\">\n<div align=\"center\"><strong>DIRETORIA DE CAPTA\u00c7\u00c3O DE RECURSOS<\/strong><\/div>\n<\/td>\n<td valign=\"middle\" bgcolor=\"#F0F0F0\">\n<div align=\"center\"><strong>DIRETORIA DE <\/strong><br \/>\n<strong> CONV\u00caNIOS<\/strong><\/div>\n<\/td>\n<td bgcolor=\"#F0F0F0\">\n<div align=\"center\"><strong>DIRETORIA DE <\/strong><br \/>\n<strong> PRESTA\u00c7\u00c3O DE CONTAS<\/strong><\/div>\n<\/td>\n<\/tr>\n<tr>\n<td bgcolor=\"#F0F0F0\" width=\"315\">\n<div align=\"center\"><\/div>\n<\/td>\n<td valign=\"middle\" bgcolor=\"#F0F0F0\" width=\"315\">\n<div align=\"center\"><a href=\"mailto:convenios.unicentro@hotmail.com\">convenios.unicentro@hotmail.com<\/a><\/div>\n<\/td>\n<td bgcolor=\"#F0F0F0\" width=\"312\">\n<div align=\"center\"><a href=\"mailto:dirpcon.coorcap@hotmail.com\">dirpcon.coorcap@hotmail.com<\/a><\/div>\n<\/td>\n<\/tr>\n<tr>\n<td bgcolor=\"#F0F0F0\" width=\"315\">\n<div align=\"center\"><strong>DIRETORA<\/strong><\/div>\n<\/td>\n<td bgcolor=\"#F0F0F0\" width=\"315\">\n<div align=\"center\"><strong>DIRETOR<\/strong><\/div>\n<\/td>\n<td bgcolor=\"#F0F0F0\" width=\"312\">\n<div align=\"center\"><strong>DIRETORA<\/strong><\/div>\n<\/td>\n<\/tr>\n<tr>\n<td style=\"width: 315px;vertical-align: middle\" valign=\"top\" width=\"315\">\n<div>\n<p style=\"text-align: center\"><strong>Let\u00edcia Kurchaidt Pinheiro Camargo<\/strong><\/p>\n<div style=\"text-align: center\">(42) 3621-1337<\/div>\n<div style=\"text-align: center\"><a href=\"mailto:lpinheiro@unicentro.br\">lpinheiro@unicentro.br<\/a><\/div>\n<\/div>\n<\/td>\n<td style=\"width: 315px;vertical-align: middle\" width=\"315\">\n<p style=\"text-align: center\"><strong>Rodrigo Zentil Maito<\/strong><\/p>\n<div style=\"text-align: center\">(42) 3621-1321<\/div>\n<div style=\"text-align: center\"><a href=\"mailto:rmaito@unicentro\">rmaito@unicentro.br<\/a><\/div>\n<div style=\"text-align: center\"><\/div>\n<\/td>\n<td style=\"width: 312px;vertical-align: middle\" valign=\"top\" width=\"312\">\n<p align=\"center\"><strong>Eliane Lubina<\/strong><\/p>\n<div align=\"center\">(42) 3621-1075<\/div>\n<div align=\"center\"><a href=\"mailto:lubina@unicentro.br\">eliane.lubina@hotmail.com<\/a><\/div>\n<div align=\"center\"><a href=\"mailto:lubina@unicentro.br\">lubina@unicentro.br<\/a><\/div>\n<\/td>\n<\/tr>\n<tr>\n<td bgcolor=\"#F0F0F0\" width=\"315\">\n<div align=\"center\"><strong>ASSESSORA<\/strong><\/div>\n<\/td>\n<td bgcolor=\"#F0F0F0\" width=\"315\">\n<div align=\"center\"><strong>ASSESSORA<\/strong><\/div>\n<\/td>\n<td bgcolor=\"#F0F0F0\" width=\"312\">\n<div align=\"center\"><strong>ASSESSORA<\/strong><\/div>\n<\/td>\n<\/tr>\n<tr>\n<td style=\"width: 315px;vertical-align: middle\" width=\"315\">\n<div style=\"text-align: center\">\n<p>\u00a0<strong>Jaqueline Gon\u00e7alves Padilha<\/strong><\/p>\n<div>(42) 3621-1381<\/div>\n<div><a href=\"mailto:jaqueline_unicentro@hotmail.com\">jaqueline_unicentro@hotmail.com<\/a><\/div>\n<\/div>\n<\/td>\n<td style=\"width: 315px;text-align: center;vertical-align: middle\" width=\"315\"><strong>Salete Plentir da Silva<\/strong><\/p>\n<div>(42) 3621-1321<\/div>\n<div><a href=\"mailto:splentir@unicentro.br\">splentir@unicentro.br<\/a><\/div>\n<\/td>\n<td style=\"width: 312px;vertical-align: middle\" valign=\"top\" width=\"312\">\n<p style=\"text-align: center\" align=\"center\"><strong>Marilize Poniewas Katerberg Zanatta<\/strong><\/p>\n<div style=\"text-align: center\">(42) 3621-1075<\/div>\n<div style=\"text-align: center\"><a href=\"mailto:marilize.unicentro.@hotmail.com\">marilize.unicentro@hotmail.com<\/a><\/div>\n<div style=\"text-align: center\"><a href=\"mailto:marilize@unicentro.br\">marilize@unicentro.br<\/a><\/div>\n<\/td>\n<\/tr>\n<tr>\n<td bgcolor=\"#F0F0F0\" width=\"315\">\n<div align=\"center\"><strong><b>ASSESSORA<\/b><\/strong><\/div>\n<\/td>\n<td style=\"text-align: center\" bgcolor=\"#F0F0F0\" width=\"315\">\u00a0<strong>ESTAGI\u00c1RIA<\/strong><\/td>\n<td bgcolor=\"#F0F0F0\" width=\"312\">\n<div align=\"center\"><b>ASSESSORA<\/b><\/div>\n<\/td>\n<\/tr>\n<tr>\n<td style=\"width: 315px;text-align: center;vertical-align: middle\" width=\"315\">\n<div>\n<p><strong>Ana Paula Czesz<\/strong><\/p>\n<div>(42) 3621-1337<\/div>\n<div><a href=\"mailto:anaczesz04@gmail.com\">anaczesz04@gmail.com<\/a><\/div>\n<\/div>\n<\/td>\n<td style=\"width: 315px;text-align: center;vertical-align: middle\" width=\"315\"><strong>Keitiane Stocki<br \/>\n<\/strong><\/p>\n<div>(42) 3621-1474<\/div>\n<div><a href=\"mailto:stockikeiti@gmail.com\">stockikeiti@gmail.com<\/a><\/div>\n<\/td>\n<td style=\"width: 312px;vertical-align: middle;text-align: center\" width=\"312\"><strong>Maria Alice Demario<\/strong><\/p>\n<div>(42) 3621-1474<\/div>\n<div><a href=\"mailto:mdemario.unicentro.@hotmail.com\">mdemario.unicentro@hotmail.com<\/a><\/div>\n<div><a href=\"mailto:mdemario@unicentro.br\">mdemario@unicentro.br<\/a><\/div>\n<\/td>\n<\/tr>\n<tr>\n<td bgcolor=\"#F0F0F0\">\n<div align=\"center\"><strong>ESTAGI\u00c1RIA<\/strong><\/div>\n<\/td>\n<td style=\"text-align: center\" bgcolor=\"#F0F0F0\">\n<div>\u00a0<strong>ESTAGI\u00c1RIA<\/strong><\/div>\n<\/td>\n<td style=\"text-align: center\" bgcolor=\"#F0F0F0\"><strong><b>CHEFE DE DIVIS\u00c3O<\/b><\/strong><\/td>\n<\/tr>\n<tr>\n<td style=\"vertical-align: middle;text-align: center\" bgcolor=\"\">\n<div><b>Fernanda Martins<br \/>\n<\/b><\/p>\n<div>(42) 3621-1381<\/div>\n<div><a href=\"mailto:fernandamartins@unicentro.br\">fernandamartins@unicentro.br<\/a><\/div>\n<\/div>\n<\/td>\n<td style=\"text-align: center;vertical-align: middle\" align=\"center\"><strong>xxx<br \/>\n<\/strong><\/p>\n<div>(42) 3621-1484<\/div>\n<div><a href=\"mailto:convenios.unicentro@hotmail.com\">convenios.unicentro@hotmail.com<\/a><\/div>\n<\/td>\n<td style=\"text-align: center;vertical-align: middle\" bgcolor=\"\">\n<div>\n<p><strong>Danielle Cristina de Ramos<\/strong><\/p>\n<div>(42) 3621-1474<\/div>\n<div><a href=\"mailto:dramos@unicentro.br\">dramos@unicentro.br<\/a><\/div>\n<\/div>\n<\/td>\n<\/tr>\n<tr>\n<td bgcolor=\"#F0F0F0\">\n<div align=\"center\"><strong>ESTAGI\u00c1RIA<\/strong><\/div>\n<\/td>\n<td style=\"text-align: center\" bgcolor=\"#F0F0F0\" width=\"315\"><b>COORDENADORIA ADJUNTA DE CONV\u00caNIOS DE IRATI<\/b><\/td>\n<td style=\"text-align: center\" bgcolor=\"#F0F0F0\">\n<div><strong>ESTAGI\u00c1RIA<\/strong><\/div>\n<\/td>\n<\/tr>\n<tr>\n<td style=\"text-align: center;vertical-align: middle\" bgcolor=\"\"><strong>xxx<br \/>\n<\/strong><\/p>\n<div>(42) \u00a03621-1337<\/div>\n<div>e-mail<\/div>\n<\/td>\n<td style=\"text-align: center\"><strong>Cristiane Aparecida Szymczak<\/strong><\/p>\n<div>(42) \u00a03421-3104<\/div>\n<div><a href=\"mailto:cristiane@unicentro.br\">cristiane@unicentro.br<\/a><\/div>\n<\/td>\n<td style=\"text-align: center;vertical-align: middle\" bgcolor=\"\">\n<div>\n<p><strong>Gabrielly dos Anjos Nascimento<br \/>\n<\/strong><\/p>\n<div>(42) 3621-1474<\/div>\n<div><a href=\"mailto:anjos.gabyy23@gmail.com\">anjos.gabyy23@gmail.com<\/a><\/div>\n<\/div>\n<\/td>\n<\/tr>\n<tr>\n<td style=\"text-align: center\" bgcolor=\"#F0F0F0\">\u00a0<strong>ESTAGI\u00c1RIO<\/strong><\/td>\n<td style=\"text-align: center\" bgcolor=\"#F0F0F0\">\u00a0<strong>ESTAGI\u00c1RIA<\/strong><\/td>\n<td style=\"text-align: center\" bgcolor=\"#F0F0F0\"><\/td>\n<\/tr>\n<tr>\n<td style=\"text-align: center\" bgcolor=\"\"><b><strong>xxx<br \/>\n<\/strong><\/b><\/p>\n<div>(42) 3621-1904<\/div>\n<div>e-mail<\/div>\n<\/td>\n<td style=\"text-align: center\" bgcolor=\"\"><b>xxx<br \/>\n<\/b><\/p>\n<div>(42) 3421-3104<\/div>\n<div>e-mail<\/div>\n<\/td>\n<td style=\"text-align: center\" bgcolor=\"\">\n<div>\n<p>&nbsp;<\/p>\n<\/div>\n<\/td>\n<\/tr>\n<tr>\n<td style=\"text-align: center\" bgcolor=\"#F0F0F0\">\u00a0<strong>ESTAGI\u00c1RIA<\/strong><\/td>\n<td style=\"text-align: center\" bgcolor=\"#F0F0F0\"><\/td>\n<td style=\"text-align: center\" bgcolor=\"#F0F0F0\"><\/td>\n<\/tr>\n<tr>\n<td style=\"text-align: center\" bgcolor=\"\"><b>xxx<br \/>\n<\/b><\/p>\n<div>(42) 3621-1381<\/div>\n<div>e-mail<\/div>\n<\/td>\n<td style=\"text-align: center\" bgcolor=\"\"><\/td>\n<td style=\"text-align: center\" bgcolor=\"\"><\/td>\n<\/tr>\n<\/tbody>\n<\/table>\n<p>&nbsp;<\/p>\n<p><!--more--><\/p>\n","protected":false},"excerpt":{"rendered":"<p>COORDENADORIA DE CONV\u00caNIOS E CAPTA\u00c7\u00c3O DE RECURSOS &#8211; COORCAP COORDENADOR F\u00e1bio Horst (42) 3621-1465 fhorst@unicentro.br fabiohorst_1@hotmail.com \u00a0SECRETARIA EXECUTIVA \u00a0ESTAGI\u00c1RIA xxx (42) 3621-1025 e-mail DIRETORIA DE CAPTA\u00c7\u00c3O DE RECURSOS DIRETORIA DE CONV\u00caNIOS DIRETORIA DE PRESTA\u00c7\u00c3O DE CONTAS convenios.unicentro@hotmail.com dirpcon.coorcap@hotmail.com DIRETORA DIRETOR DIRETORA Let\u00edcia Kurchaidt Pinheiro Camargo (42) 3621-1337 lpinheiro@unicentro.br Rodrigo Zentil Maito (42) 3621-1321 rmaito@unicentro.br Eliane [&hellip;]<\/p>\n","protected":false},"author":2,"featured_media":0,"parent":0,"menu_order":0,"comment_status":"closed","ping_status":"closed","template":"","meta":{"_exactmetrics_skip_tracking":false,"_exactmetrics_sitenote_active":false,"_exactmetrics_sitenote_note":"","_exactmetrics_sitenote_category":0,"footnotes":"","_links_to":"","_links_to_target":""},"class_list":["post-17","page","type-page","status-publish","hentry"],"publishpress_future_action":{"enabled":false,"date":"2026-04-28 16:45:35","action":"change-status","newStatus":"draft","terms":[],"taxonomy":"","extraData":[]},"publishpress_future_workflow_manual_trigger":{"enabledWorkflows":[]},"_links":{"self":[{"href":"https:\/\/www2.unicentro.br\/coorcap\/wp-json\/wp\/v2\/pages\/17","targetHints":{"allow":["GET"]}}],"collection":[{"href":"https:\/\/www2.unicentro.br\/coorcap\/wp-json\/wp\/v2\/pages"}],"about":[{"href":"https:\/\/www2.unicentro.br\/coorcap\/wp-json\/wp\/v2\/types\/page"}],"author":[{"embeddable":true,"href":"https:\/\/www2.unicentro.br\/coorcap\/wp-json\/wp\/v2\/users\/2"}],"replies":[{"embeddable":true,"href":"https:\/\/www2.unicentro.br\/coorcap\/wp-json\/wp\/v2\/comments?post=17"}],"version-history":[{"count":101,"href":"https:\/\/www2.unicentro.br\/coorcap\/wp-json\/wp\/v2\/pages\/17\/revisions"}],"predecessor-version":[{"id":1137,"href":"https:\/\/www2.unicentro.br\/coorcap\/wp-json\/wp\/v2\/pages\/17\/revisions\/1137"}],"wp:attachment":[{"href":"https:\/\/www2.unicentro.br\/coorcap\/wp-json\/wp\/v2\/media?parent=17"}],"curies":[{"name":"wp","href":"https:\/\/api.w.org\/{rel}","templated":true}]}}