{"id":7817,"date":"2022-08-08T09:49:37","date_gmt":"2022-08-08T12:49:37","guid":{"rendered":"https:\/\/www2.unicentro.br\/concursos\/?page_id=7817"},"modified":"2022-08-08T09:49:37","modified_gmt":"2022-08-08T12:49:37","slug":"ps-83-2022","status":"publish","type":"page","link":"https:\/\/www2.unicentro.br\/concursos\/ps-83-2022\/","title":{"rendered":"Processo Seletivo para Contrata\u00e7\u00e3o de Estagi\u00e1rios de P\u00f3s-Gradua\u00e7\u00e3o"},"content":{"rendered":"","protected":false},"excerpt":{"rendered":"","protected":false},"author":2,"featured_media":0,"parent":0,"menu_order":0,"comment_status":"closed","ping_status":"closed","template":"","meta":{"_exactmetrics_skip_tracking":false,"_exactmetrics_sitenote_active":false,"_exactmetrics_sitenote_note":"","_exactmetrics_sitenote_category":0,"ngg_post_thumbnail":0,"footnotes":"","_links_to":"","_links_to_target":""},"class_list":["post-7817","page","type-page","status-publish","hentry"],"_links":{"self":[{"href":"https:\/\/www2.unicentro.br\/concursos\/wp-json\/wp\/v2\/pages\/7817","targetHints":{"allow":["GET"]}}],"collection":[{"href":"https:\/\/www2.unicentro.br\/concursos\/wp-json\/wp\/v2\/pages"}],"about":[{"href":"https:\/\/www2.unicentro.br\/concursos\/wp-json\/wp\/v2\/types\/page"}],"author":[{"embeddable":true,"href":"https:\/\/www2.unicentro.br\/concursos\/wp-json\/wp\/v2\/users\/2"}],"replies":[{"embeddable":true,"href":"https:\/\/www2.unicentro.br\/concursos\/wp-json\/wp\/v2\/comments?post=7817"}],"version-history":[{"count":1,"href":"https:\/\/www2.unicentro.br\/concursos\/wp-json\/wp\/v2\/pages\/7817\/revisions"}],"predecessor-version":[{"id":7818,"href":"https:\/\/www2.unicentro.br\/concursos\/wp-json\/wp\/v2\/pages\/7817\/revisions\/7818"}],"wp:attachment":[{"href":"https:\/\/www2.unicentro.br\/concursos\/wp-json\/wp\/v2\/media?parent=7817"}],"curies":[{"name":"wp","href":"https:\/\/api.w.org\/{rel}","templated":true}]}}