{"id":6,"date":"2012-12-17T16:16:55","date_gmt":"2012-12-17T16:16:55","guid":{"rendered":"http:\/\/www2.unicentro.br\/concursos\/?page_id=6"},"modified":"2026-03-05T10:25:18","modified_gmt":"2026-03-05T13:25:18","slug":"inicial","status":"publish","type":"page","link":"https:\/\/www2.unicentro.br\/concursos\/","title":{"rendered":"Inicial"},"content":{"rendered":"<div class=\"sequencia\">\n<div class=\"titulo-inicial\">\n<h3>Concursos P\u00fablicos para Professores N\u00e3o Titulares<\/h3>\n<\/div>\n<div class=\"linha1\">\n<div style=\"float: left\">\n<div class=\"botao\"><a href=\"\/concursos\/CP-91-2025\/\"><img decoding=\"async\" src=\"https:\/\/www2.unicentro.br\/concursos\/files\/2025\/05\/CP-91-2025.png\" alt=\"Edital 91-2025\"><\/a><\/div>\n<\/div>\n<div style=\"float: left\">\n<div class=\"botao\"><a href=\"\/concursos\/CP-185-2023\/\"><img decoding=\"async\" src=\"https:\/\/www2.unicentro.br\/concursos\/files\/2023\/12\/CP-185-2023.png\" alt=\"Edital 185-2023\"><\/a><\/div>\n<\/div>\n<div style=\"float: left\">\n<div class=\"botao\"><a href=\"\/concursos\/CP-26-2022\/\"><img decoding=\"async\" src=\"https:\/\/www2.unicentro.br\/concursos\/files\/2022\/04\/CP-26-2022.png\" alt=\"Edital 026-2022\"><\/a><\/div>\n<\/div>\n<\/div>\n<\/div>\n<div class=\"sequencia\">\n<div class=\"titulo-inicial\">\n<h3>Teste Seletivo para Agentes Universit\u00e1rios (Tempor\u00e1rios)<\/h3>\n<\/div>\n<div class=\"linha1\">\n<div style=\"float: left\">\n<div class=\"botao\"><a href=\"\/concursos\/TS-11-2026\/\"><img decoding=\"async\" src=\"https:\/\/www2.unicentro.br\/concursos\/files\/2026\/03\/TS-11-2026.png\" alt=\"Edital 11-2026\"><\/a><\/div>\n<\/div>\n<div class=\"linha1\">\n<div style=\"float: left\">\n<div class=\"botao\"><a href=\"\/concursos\/TS-130-2025\/\"><img decoding=\"async\" src=\"https:\/\/www2.unicentro.br\/concursos\/files\/2025\/08\/TS-130-2025.png\" alt=\"Edital 47-2025\"><\/a><\/div>\n<\/div>\n<div style=\"float: left\">\n<div class=\"botao\"><a href=\"\/concursos\/TS-129-2025\/\"><img decoding=\"async\" src=\"https:\/\/www2.unicentro.br\/concursos\/files\/2025\/08\/TS-129-2025.png\" alt=\"Edital 47-2025\"><\/a><\/div>\n<\/div>\n<div style=\"float: left\">\n<div class=\"botao\"><a href=\"\/concursos\/TS-47-2025\/\"><img decoding=\"async\" src=\"https:\/\/www2.unicentro.br\/concursos\/files\/2025\/04\/TS-47-2025.png\" alt=\"Edital 47-2025\"><\/a><\/div>\n<\/div>\n<div style=\"float: left\">\n<div class=\"botao\"><a href=\"\/concursos\/TS-72-2024\/\"><img decoding=\"async\" src=\"https:\/\/www2.unicentro.br\/concursos\/files\/2024\/06\/TS-72-2024.png\" alt=\"Edital 72-2024\"><\/a><\/div>\n<\/div>\n<div style=\"float: left\">\n<div class=\"botao\"><a href=\"\/concursos\/TS-71-2024\/\"><img decoding=\"async\" src=\"https:\/\/www2.unicentro.br\/concursos\/files\/2024\/06\/TS-71-2024.png\" alt=\"Edital 71-2024\"><\/a><\/div>\n<\/div>\n<div style=\"float: left\">\n<div class=\"botao\"><a href=\"\/concursos\/TS-70-2023\/\"><img decoding=\"async\" src=\"https:\/\/www2.unicentro.br\/concursos\/files\/2023\/05\/TS-70-2023.png\" alt=\"Edital 70-2023\"><\/a><\/div>\n<\/div>\n<div style=\"float: left\">\n<div class=\"botao\"><a href=\"\/concursos\/TS-21-2023\/\"><img decoding=\"async\" src=\"https:\/\/www2.unicentro.br\/concursos\/files\/2023\/03\/TS-21-2023.png\" alt=\"Edital 21-2023\"><\/a><\/div>\n<\/div>\n<div style=\"float: left\">\n<div class=\"botao\"><a href=\"\/concursos\/TS-159-2022\/\"><img decoding=\"async\" src=\"https:\/\/www2.unicentro.br\/concursos\/files\/2022\/12\/TS-159-2022.png\" alt=\"Edital 159-2022\"><\/a><\/div>\n<\/div>\n<\/div>\n<div class=\"sequencia\">\n<div class=\"titulo-inicial\">\n<h3>Testes Seletivos para Professores Colaboradores<\/h3>\n<\/div>\n<div class=\"linha1\">\n<div style=\"float: left\">\n<div class=\"botao\"><a href=\"\/concursos\/TS-12-2026\/\"><img decoding=\"async\" src=\"https:\/\/www2.unicentro.br\/concursos\/files\/2026\/03\/TS-12-2026.png\" alt=\"Edital 12-2026\"><\/a><\/div>\n<\/div>\n<div class=\"linha1\">\n<div style=\"float: left\">\n<div class=\"botao\"><a href=\"\/concursos\/TS-191-2025\/\"><img decoding=\"async\" src=\"https:\/\/www2.unicentro.br\/concursos\/files\/2025\/10\/TS-191-2025.png\" alt=\"Edital 191-2025\"><\/a><\/div>\n<\/div>\n<div style=\"float: left\">\n<div class=\"botao\"><a href=\"\/concursos\/TS-117-2025\/\"><img decoding=\"async\" src=\"https:\/\/www2.unicentro.br\/concursos\/files\/2025\/07\/TS-117-2025.png\" alt=\"Edital 117-2025\"><\/a><\/div>\n<\/div>\n<div style=\"float: left\">\n<div class=\"botao\"><a href=\"\/concursos\/TS-48-2025\/\"><img decoding=\"async\" src=\"https:\/\/www2.unicentro.br\/concursos\/files\/2025\/04\/TS-48-2025-1.png\" alt=\"Edital 48-2025\"><\/a><\/div>\n<\/div>\n<div style=\"float: left\">\n<div class=\"botao\"><a href=\"\/concursos\/TS-206-2024\/\"><img decoding=\"async\" src=\"https:\/\/www2.unicentro.br\/concursos\/files\/2024\/12\/TS-206-2024.png\" alt=\"Edital 206-2024\"><\/a><\/div>\n<\/div>\n<div style=\"float: left\">\n<div class=\"botao\"><a href=\"\/concursos\/TS-150-2024\/\"><img decoding=\"async\" src=\"https:\/\/www2.unicentro.br\/concursos\/files\/2024\/09\/TS-150-2024.png\" alt=\"Edital 150-2024\"><\/a><\/div>\n<\/div>\n<div style=\"float: left\">\n<div class=\"botao\"><a href=\"\/concursos\/TS-113-2024\/\"><img decoding=\"async\" src=\"https:\/\/www2.unicentro.br\/concursos\/files\/2024\/08\/TS-51-2024.png\" alt=\"Edital 113-2024\"><\/a><\/div>\n<\/div>\n<div style=\"float: left\">\n<div class=\"botao\"><a href=\"\/concursos\/TS-51-2024\/\"><img decoding=\"async\" src=\"https:\/\/www2.unicentro.br\/concursos\/files\/2024\/05\/TS-51-2024.png\" alt=\"Edital 51-2024\"><\/a><\/div>\n<\/div>\n<div style=\"float: left\">\n<div class=\"botao\"><a href=\"\/concursos\/TS-15-2024\/\"><img decoding=\"async\" src=\"https:\/\/www2.unicentro.br\/concursos\/files\/2024\/03\/TS-15-2024.png\" alt=\"Edital 15-2024\"><\/a><\/div>\n<\/div>\n<\/div>\n<\/div>\n<\/div>\n<\/div>\n<div class=\"sequencia\">\n<div class=\"titulo-inicial\">\n<h3>Concurso P\u00fablico para Agentes Universit\u00e1rios (Efetivos)<\/h3>\n<\/div>\n<div class=\"linha1\">\n<div style=\"float: left\">\n<div class=\"botao\"><a href=\"\/concursos\/CP-158-2022\/\"><img decoding=\"async\" src=\"https:\/\/www2.unicentro.br\/concursos\/files\/2022\/12\/CA-158-2022.png\" alt=\"Edital 158-2022\"><\/a><\/div>\n<\/div>\n<\/div>\n<\/div>\n<div class=\"sequencia\">\n<div class=\"titulo-inicial\">\n<h3>Processo Seletivo para Contrata\u00e7\u00e3o de Estagi\u00e1rios de P\u00f3s-Gradua\u00e7\u00e3o<\/h3>\n<\/div>\n<div class=\"linha1\">\n<div style=\"float: left\">\n<div class=\"botao\"><a href=\"https:\/\/www2.unicentro.br\/concursos\/PS-83-2022\/\"><img decoding=\"async\" src=\"https:\/\/www2.unicentro.br\/concursos\/files\/2022\/08\/PS-83-2022.png\" alt=\"Edital 83-2022\"><\/a><\/div>\n<\/div>\n<\/div>\n<\/div>\n<div class=\"sequencia\">\n<div class=\"titulo-inicial\">\n<h3 style=\"line-height: 1.2em\">Processos Seletivos UAB &#8211; Coordenador Geral, Coordenador Adjunto e Equipe Pedag\u00f3gica<\/h3>\n<\/div>\n<div class=\"linha1\">\n<div style=\"float: left\">\n<div class=\"botao\"><a href=\"\/concursos\/PS-179-2023\/\"><img decoding=\"async\" src=\"https:\/\/www2.unicentro.br\/concursos\/files\/2023\/11\/TS-179-2023.png\" alt=\"Edital 179-2023\"><\/a><\/div>\n<\/div>\n<div style=\"float: left\">\n<div class=\"botao\"><a href=\"\/concursos\/UAB-60-2019\/\"><img decoding=\"async\" src=\"https:\/\/www2.unicentro.br\/concursos\/files\/2019\/12\/UAB-60-19.png\" alt=\"Edital 060-2019\"><\/a><\/div>\n<\/div>\n<div style=\"float: left\">\n<div class=\"botao\"><a href=\"\/concursos\/UAB-53-2019\/\"><img decoding=\"async\" src=\"https:\/\/www2.unicentro.br\/concursos\/files\/2019\/11\/UAB-53-19.png\" alt=\"Edital 053-2019\"><\/a><\/div>\n<\/div>\n<\/div>\n<\/div>\n<\/div>\n<\/div>\n<\/div>\n","protected":false},"excerpt":{"rendered":"<p>Concursos P\u00fablicos para Professores N\u00e3o Titulares Teste Seletivo para Agentes Universit\u00e1rios (Tempor\u00e1rios) Testes Seletivos para Professores Colaboradores Concurso P\u00fablico para Agentes Universit\u00e1rios (Efetivos) Processo Seletivo para Contrata\u00e7\u00e3o de Estagi\u00e1rios de P\u00f3s-Gradua\u00e7\u00e3o Processos Seletivos UAB &#8211; Coordenador Geral, Coordenador Adjunto e Equipe Pedag\u00f3gica<\/p>\n","protected":false},"author":2,"featured_media":0,"parent":0,"menu_order":0,"comment_status":"closed","ping_status":"closed","template":"onecolumn-page.php","meta":{"_exactmetrics_skip_tracking":false,"_exactmetrics_sitenote_active":false,"_exactmetrics_sitenote_note":"","_exactmetrics_sitenote_category":0,"ngg_post_thumbnail":0,"footnotes":"","_links_to":"","_links_to_target":""},"class_list":["post-6","page","type-page","status-publish","hentry"],"_links":{"self":[{"href":"https:\/\/www2.unicentro.br\/concursos\/wp-json\/wp\/v2\/pages\/6","targetHints":{"allow":["GET"]}}],"collection":[{"href":"https:\/\/www2.unicentro.br\/concursos\/wp-json\/wp\/v2\/pages"}],"about":[{"href":"https:\/\/www2.unicentro.br\/concursos\/wp-json\/wp\/v2\/types\/page"}],"author":[{"embeddable":true,"href":"https:\/\/www2.unicentro.br\/concursos\/wp-json\/wp\/v2\/users\/2"}],"replies":[{"embeddable":true,"href":"https:\/\/www2.unicentro.br\/concursos\/wp-json\/wp\/v2\/comments?post=6"}],"version-history":[{"count":177,"href":"https:\/\/www2.unicentro.br\/concursos\/wp-json\/wp\/v2\/pages\/6\/revisions"}],"predecessor-version":[{"id":13995,"href":"https:\/\/www2.unicentro.br\/concursos\/wp-json\/wp\/v2\/pages\/6\/revisions\/13995"}],"wp:attachment":[{"href":"https:\/\/www2.unicentro.br\/concursos\/wp-json\/wp\/v2\/media?parent=6"}],"curies":[{"name":"wp","href":"https:\/\/api.w.org\/{rel}","templated":true}]}}