{"id":972,"date":"2024-07-02T19:22:18","date_gmt":"2024-07-02T19:22:18","guid":{"rendered":"https:\/\/www2.unicentro.br\/cel\/?page_id=972"},"modified":"2025-12-22T13:11:47","modified_gmt":"2025-12-22T13:11:47","slug":"como-acessar-as-aulas","status":"publish","type":"page","link":"https:\/\/www2.unicentro.br\/cel\/como-acessar-as-aulas\/","title":{"rendered":"Como Acessar as Aulas"},"content":{"rendered":"<p>.<\/p>\n<p style=\"text-align: center\"><a href=\"https:\/\/evento.unicentro.br\/site\/cel\/2026\/1\"><span style=\"color: #0000ff\"><em><strong><span style=\"font-size: 36pt\">Inscreva-se Aqui!<\/span><\/strong><\/em><\/span><\/a><\/p>\n<p>.<\/p>\n<p>Na p\u00e1gina em que voc\u00ea escolheu o seu curso, est\u00e1 o link para o <span style=\"color: #0000ff\"><a style=\"color: #0000ff\" href=\"https:\/\/moodle.unicentro.br\/login\/index.php\">Moodle<\/a><\/span> &#8211; a plataforma de ensino \u00e0 dist\u00e2ncia da Unicentro &#8211; que voc\u00ea pode acessar utilizando o seu CPF nos campos usu\u00e1rio e senha. L\u00e1 estar\u00e3o publicados o endere\u00e7o do primeiro encontro e do grupo de WhatsApp da turma.<\/p>\n<p>Importante:<\/p>\n<p>1. O acesso ao<span style=\"color: #0000ff\"> <a style=\"color: #0000ff\" href=\"https:\/\/moodle.unicentro.br\/login\/index.php\">Moodle<\/a><\/span> para os cursos do Centro de L\u00ednguas n\u00e3o \u00e9 o mesmo dos cursos de gradua\u00e7\u00e3o e p\u00f3s &#8211; gradua\u00e7\u00e3o da Unicentro. Utilize sempre os links publicados nos sites oficiais do Cel e no menu do <span style=\"color: #0000ff\"><a style=\"color: #0000ff\" href=\"https:\/\/evento.unicentro.br\/\">SGE<\/a><\/span>.<\/p>\n<p>2. Se voc\u00ea for aluno da Unicentro, seu login nos cursos de idiomas n\u00e3o ser\u00e1 no mesmo endere\u00e7o e com os mesmos dados utilizados no acesso aos cursos de gradua\u00e7\u00e3o. Estes continuam sendo com o seu RA, enquanto o do Centro de L\u00ednguas ser\u00e1 o CPF. Ser\u00e3o dois cadastros distintos.<\/p>\n<p>3. Ao se inscrever no Centro de L\u00ednguas, voc\u00ea receber\u00e1 um e-mail no endere\u00e7o cadastrado no <span style=\"color: #0000ff\"><a style=\"color: #0000ff\" href=\"https:\/\/evento.unicentro.br\/\">SGE<\/a><\/span> com as instru\u00e7\u00f5es de acesso ao <span style=\"color: #0000ff\"><a style=\"color: #0000ff\" href=\"https:\/\/moodle.unicentro.br\/login\/index.php\">Moodle<\/a><\/span> e orienta\u00e7\u00f5es gerais sobre o curso. Verifique a sua caixa de spam e a disponibilidade de armazenamento de novas mensagens na caixa de entrada do seu servidor.<\/p>\n<p>4. Todas as instru\u00e7\u00f5es necess\u00e1rias para o acesso ao curso est\u00e3o no e-mail enviado no ato da inscri\u00e7\u00e3o e publicadas nos sites do Centro de L\u00ednguas.<\/p>\n<p><span style=\"font-size: 14pt;color: #0000ff\"><strong><a style=\"color: #0000ff\" href=\"https:\/\/moodle.unicentro.br\/login\/index.php\">Voc\u00ea pode acessar o Moodle clicando aqui<\/a><\/strong><\/span><\/p>\n<p>Se voc\u00ea n\u00e3o consegue acessar o seu curso verifique se est\u00e1 regularmente matriculado dentro das vagas disponibilizadas, e n\u00e3o na lista de espera do curso. Lembre-se tamb\u00e9m que a sua inscri\u00e7\u00e3o s\u00f3 \u00e9 confirmada com o pagamento do boleto ou o envio do comprovante de isen\u00e7\u00e3o.<\/p>\n<p>Se voc\u00ea esqueceu a senha do <a href=\"https:\/\/moodle.unicentro.br\/login\/index.php\">Moodle<\/a> pode redefin\u00ed-la <span style=\"color: #0000ff\"><a style=\"color: #0000ff\" href=\"https:\/\/moodle.unicentro.br\/login\/forgot_password.php\">neste link<\/a><\/span>. O e-mail com as orienta\u00e7\u00f5es ser\u00e1 enviado ao endere\u00e7o cadastrado no <span style=\"color: #0000ff\"><a style=\"color: #0000ff\" href=\"https:\/\/evento.unicentro.br\/\">SGE<\/a><\/span>.<\/p>\n","protected":false},"excerpt":{"rendered":"<p>. Inscreva-se Aqui! . Na p\u00e1gina em que voc\u00ea escolheu o seu curso, est\u00e1 o link para o Moodle &#8211; a plataforma de ensino \u00e0 dist\u00e2ncia da Unicentro &#8211; que voc\u00ea pode acessar utilizando o seu CPF nos campos usu\u00e1rio e senha. L\u00e1 estar\u00e3o publicados o endere\u00e7o do primeiro encontro e do grupo de WhatsApp [&hellip;]<\/p>\n","protected":false},"author":233,"featured_media":0,"parent":0,"menu_order":1,"comment_status":"closed","ping_status":"closed","template":"","meta":{"_exactmetrics_skip_tracking":false,"_exactmetrics_sitenote_active":false,"_exactmetrics_sitenote_note":"","_exactmetrics_sitenote_category":0,"ngg_post_thumbnail":0,"footnotes":"","_links_to":"","_links_to_target":""},"class_list":["post-972","page","type-page","status-publish","hentry"],"_links":{"self":[{"href":"https:\/\/www2.unicentro.br\/cel\/wp-json\/wp\/v2\/pages\/972","targetHints":{"allow":["GET"]}}],"collection":[{"href":"https:\/\/www2.unicentro.br\/cel\/wp-json\/wp\/v2\/pages"}],"about":[{"href":"https:\/\/www2.unicentro.br\/cel\/wp-json\/wp\/v2\/types\/page"}],"author":[{"embeddable":true,"href":"https:\/\/www2.unicentro.br\/cel\/wp-json\/wp\/v2\/users\/233"}],"replies":[{"embeddable":true,"href":"https:\/\/www2.unicentro.br\/cel\/wp-json\/wp\/v2\/comments?post=972"}],"version-history":[{"count":12,"href":"https:\/\/www2.unicentro.br\/cel\/wp-json\/wp\/v2\/pages\/972\/revisions"}],"predecessor-version":[{"id":1238,"href":"https:\/\/www2.unicentro.br\/cel\/wp-json\/wp\/v2\/pages\/972\/revisions\/1238"}],"wp:attachment":[{"href":"https:\/\/www2.unicentro.br\/cel\/wp-json\/wp\/v2\/media?parent=972"}],"curies":[{"name":"wp","href":"https:\/\/api.w.org\/{rel}","templated":true}]}}