{"id":540,"date":"2021-05-31T00:18:26","date_gmt":"2021-05-31T00:18:26","guid":{"rendered":"https:\/\/www2.unicentro.br\/cel\/?page_id=540"},"modified":"2026-03-10T18:35:05","modified_gmt":"2026-03-10T18:35:05","slug":"talian","status":"publish","type":"page","link":"https:\/\/www2.unicentro.br\/cel\/talian\/","title":{"rendered":"Talian"},"content":{"rendered":"<div class=\"wp-block-image\"><a href=\"https:\/\/www2.unicentro.br\/cel\/files\/2026\/03\/Talian.png\"><img loading=\"lazy\" decoding=\"async\" class=\"wpa-warning wpa-image-missing-alt aligncenter wp-image-1297\" src=\"https:\/\/www2.unicentro.br\/cel\/files\/2026\/03\/Talian.png\" alt=\"\" width=\"1200\" height=\"267\" data-warning=\"Texto alternativo ausente\" srcset=\"https:\/\/www2.unicentro.br\/cel\/files\/2026\/03\/Talian.png 938w, https:\/\/www2.unicentro.br\/cel\/files\/2026\/03\/Talian-300x67.png 300w, https:\/\/www2.unicentro.br\/cel\/files\/2026\/03\/Talian-768x171.png 768w\" sizes=\"auto, (max-width: 1200px) 100vw, 1200px\" \/><\/a><\/div>\n<h3 style=\"text-align: center\"><\/h3>\n<h3>.<\/h3>\n<h3 class=\"block-title\"><span style=\"color: #000000;font-family: verdana, geneva, sans-serif;font-size: 12pt\"><span style=\"color: #000000\"><strong>Secretaria da Cultura do Estado do Rio Grande do Sul apresenta <\/strong><\/span><\/span><\/h3>\n<h3>.<\/h3>\n<h3 class=\"block-title\" style=\"text-align: center\"><span style=\"color: #000000;font-family: verdana, geneva, sans-serif;font-size: 14pt\">CUCAGNA &#8211; SCOLA DE TALIAN<\/span><\/h3>\n<p>&nbsp;<\/p>\n<p class=\"CorpoA\"><span lang=\"PT\" style=\"color: #000000;font-family: verdana, geneva, sans-serif;font-size: 12pt\">\u00a0 \u00a0 \u00a0Este projeto de extens\u00e3o \u00e9 uma parceria entre a UNICENTRO, por meio do Centro de L\u00ednguas, CEL, e a Associa\u00e7\u00e3o dos Difusores do Talian, ASSODITA, e visa contribuir para a dissemina\u00e7\u00e3o e salvaguarda da L\u00edngua Talian, inclu\u00edda no Invent\u00e1rio Nacional da Diversidade Lingu\u00edstica, INDL, e reconhecida como L\u00edngua de Refer\u00eancia Cultural Brasileira pelo IPHAN\/MinC (2014).<\/span><\/p>\n<p class=\"CorpoA\"><span lang=\"PT\" style=\"color: #000000;font-family: verdana, geneva, sans-serif;font-size: 12pt\">\u00a0 \u00a0 \u00a0CUCAGNA: Termo simb\u00f3lico utilizado para convencer pessoas (especialmente do Norte da It\u00e1lia) a emigrarem ao Brasil, onde encontrariam a sonhada Cucagna: esp\u00e9cie de terra prometida, cheia de sorte e de farturas.<\/span><\/p>\n<p class=\"CorpoA\"><span lang=\"PT\" style=\"color: #000000;font-family: verdana, geneva, sans-serif;font-size: 12pt\">\u00a0 \u00a0 \u00a0A ideia da escola Cucagna adv\u00e9m de uma tese do Frei Rov\u00edlio Costa de que, sendo a Cucagna algo imagin\u00e1rio, para que se torne real \u00e9 necess\u00e1rio uma a\u00e7\u00e3o efetiva. No caso da Cucagna do conhecimento, o caminho mais efetivo \u00e9 a escola.<\/span><\/p>\n<p>&nbsp;<\/p>\n<p style=\"text-align: center\"><span style=\"font-family: verdana, geneva, sans-serif;font-size: 12pt;color: #000000\">Siga as redes sociais da Cucagna e a p\u00e1gina da Assodita e fique por dentro das novidades: <\/span><\/p>\n<p style=\"text-align: center\"><span style=\"font-family: verdana, geneva, sans-serif;font-size: 12pt;color: #0000ff\"><a style=\"color: #0000ff\" href=\"https:\/\/www.facebook.com\/Cucagna.Talian\">Facebook<\/a> \u2022 <a style=\"color: #0000ff\" href=\"https:\/\/www.instagram.com\/cucagna.talian\/\">Instagram<\/a> \u2022 <a style=\"color: #0000ff\" href=\"https:\/\/www.youtube.com\/channel\/UCicr1Hbw-RPIdCS39EXmz1w\">Youtube<\/a> \u2022 <a style=\"color: #0000ff\" href=\"http:\/\/www.assodita.org.br\">Site Oficial da Assodita<\/a> <a style=\"color: #0000ff\" href=\"http:\/\/www.assodita.org.br\">www.assodita.org.br<\/a><\/span><\/p>\n<p>&nbsp;<\/p>\n<p><span style=\"font-family: verdana, geneva, sans-serif\"><strong><span style=\"font-size: 12pt;color: #000000\">Documentos importantes<\/span><\/strong><\/span><\/p>\n<p>&nbsp;<\/p>\n<p><span style=\"text-decoration: underline;color: #0000ff;font-family: verdana, geneva, sans-serif\"><span style=\"font-size: 12pt\"><a style=\"color: #0000ff;text-decoration: underline\" href=\"https:\/\/drive.google.com\/file\/d\/1WsUr3LGFrmZUgDvkLrvNUkWIQqVhPUCQ\/view?usp=sharing\">Certid\u00e3o de Inclus\u00e3o<\/a><\/span><span style=\"font-size: 12pt\"><a style=\"color: #0000ff;text-decoration: underline\" href=\"https:\/\/drive.google.com\/file\/d\/1WsUr3LGFrmZUgDvkLrvNUkWIQqVhPUCQ\/view?usp=sharing\"> d<\/a><\/span><span style=\"font-size: 12pt\"><a style=\"color: #0000ff;text-decoration: underline\" href=\"https:\/\/drive.google.com\/file\/d\/1WsUr3LGFrmZUgDvkLrvNUkWIQqVhPUCQ\/view?usp=sharing\">o<\/a><\/span><span style=\"font-size: 12pt\"><a style=\"color: #0000ff;text-decoration: underline\" href=\"https:\/\/drive.google.com\/file\/d\/1WsUr3LGFrmZUgDvkLrvNUkWIQqVhPUCQ\/view?usp=sharing\"> Talian no Invent\u00e1rio Nacional da Diversidade Lingu\u00edstica<\/a><\/span><\/span><\/p>\n<p><span style=\"text-decoration: underline;color: #0000ff;font-family: verdana, geneva, sans-serif\"><span style=\"font-size: 12pt\"><a style=\"color: #0000ff;text-decoration: underline\" href=\"https:\/\/drive.google.com\/file\/d\/1WiQ8YVIZsSIZJO7z-rPBHuTpDHv1P4lG\/view?usp=sharing\">T\u00edtulo de Refer\u00eancia Cultural Brasileira \u00e0 l\u00edngua Talian<\/a><\/span><\/span><\/p>\n<p><span style=\"text-decoration: underline;color: #0000ff;font-family: verdana, geneva, sans-serif\"><span style=\"font-size: 12pt\"><a style=\"color: #0000ff;text-decoration: underline\" href=\"https:\/\/sgu.unicentro.br\/pcatooficiais\/imprimir\/EF66CE8C\">Aprova\u00e7\u00e3o do projeto de extens\u00e3o Cucagna &#8211; Scola de Talian<\/a><\/span><\/span><\/p>\n<p><span style=\"text-decoration: underline;color: #0000ff;font-family: verdana, geneva, sans-serif\"><span style=\"font-size: 12pt\"><a style=\"color: #0000ff;text-decoration: underline\" href=\"https:\/\/sgu.unicentro.br\/pcatooficiais\/imprimir\/5C28FE96\">Aprova\u00e7\u00e3o do projeto de extens\u00e3o: Cucagna &#8211; Scola de Talian &#8211; Fase II<\/a><\/span><\/span><\/p>\n<p><span style=\"text-decoration: underline;color: #0000ff;font-family: verdana, geneva, sans-serif\"><span style=\"font-size: 12pt\"><a style=\"color: #0000ff;text-decoration: underline\" href=\"https:\/\/sgu.unicentro.br\/pcatooficiais\/imprimir\/19622F32\">Termo de Coopera\u00e7\u00e3o T\u00e9cnica entre a UNICENTRO e a ASSODITA<\/a><\/span><\/span><\/p>\n<p><span style=\"text-decoration: underline;color: #0000ff;font-family: verdana, geneva, sans-serif\"><span style=\"font-size: 12pt\">P\u00e1gina oficial da ASSODITA: <a style=\"color: #0000ff;text-decoration: underline\" href=\"http:\/\/www.assodita.org.br\">www.assodita.org.br<\/a><\/span><\/span><\/p>\n<p>&nbsp;<\/p>\n<p><span style=\"font-family: verdana, geneva, sans-serif;color: #000000\"><strong><span style=\"font-size: 12pt\">Publica\u00e7\u00f5es recentes<\/span><\/strong><\/span><\/p>\n<p>&nbsp;<\/p>\n<p><span style=\"text-decoration: underline;color: #0000ff;font-family: verdana, geneva, sans-serif\"><a style=\"color: #0000ff;text-decoration: underline\" href=\"https:\/\/assodita.org.br\/2024\/09\/20\/cantidelatradissionintalian\/\"><span style=\"font-size: 12pt\">1. Canti dela Tradission in Talian<\/span><\/a><\/span><\/p>\n<div><span style=\"text-decoration: underline;color: #0000ff;font-family: verdana, geneva, sans-serif\"><a style=\"color: #0000ff;text-decoration: underline\" href=\"https:\/\/docvirt.com\/docreader.net\/DocReader.aspx?bib=dictalian&amp;pagfis=1\"><span style=\"font-size: 12pt\">2. Dission\u00e0rio\u00a0Talian Brasilian<\/span><\/a><\/span><\/div>\n<div><span style=\"font-family: verdana, geneva, sans-serif\">.<\/span><\/div>\n<div><span style=\"font-family: verdana, geneva, sans-serif\">.<\/span><\/div>\n<div><span style=\"color: #000000;font-family: verdana, geneva, sans-serif\"><strong>Matr\u00edculas<\/strong><\/span><\/div>\n<div><span style=\"font-family: verdana, geneva, sans-serif\">.<\/span><\/div>\n<p><span style=\"font-family: verdana, geneva, sans-serif;font-size: 12pt;color: #000000\">Matr\u00edculas ENCERRADAS para o 1\u00ba semestre de 2025. Caso queira ser avisado(a) quando abrirem as inscri\u00e7\u00f5es para o pr\u00f3ximo semestre, preencha formul\u00e1rio <span style=\"font-size: 14pt\"><a href=\"https:\/\/docs.google.com\/forms\/d\/e\/1FAIpQLSea7eguLzBVpkLzKLer1_WlEJXqihECtSE2i6VhCNPMIx5Irw\/viewform\"><strong><span style=\"color: #0000ff\">clicando aqui<\/span><\/strong><\/a><\/span>\u00a0<\/span><\/p>\n<div class=\"wp-block-image\"><\/div>\n<div>\n<div class=\"wp-block-image\"><img loading=\"lazy\" decoding=\"async\" class=\"aligncenter size-large wp-image-902\" src=\"https:\/\/www2.unicentro.br\/cel\/files\/2023\/08\/BannerUnicentro_1920x270px-3-1024x256.png\" alt=\"\" width=\"1024\" height=\"256\" srcset=\"https:\/\/www2.unicentro.br\/cel\/files\/2023\/08\/BannerUnicentro_1920x270px-3-1024x256.png 1024w, https:\/\/www2.unicentro.br\/cel\/files\/2023\/08\/BannerUnicentro_1920x270px-3-300x75.png 300w, https:\/\/www2.unicentro.br\/cel\/files\/2023\/08\/BannerUnicentro_1920x270px-3-768x192.png 768w, https:\/\/www2.unicentro.br\/cel\/files\/2023\/08\/BannerUnicentro_1920x270px-3.png 1080w\" sizes=\"auto, (max-width: 1024px) 100vw, 1024px\" \/><\/div>\n<\/div>\n","protected":false},"excerpt":{"rendered":"<p>. Secretaria da Cultura do Estado do Rio Grande do Sul apresenta . CUCAGNA &#8211; SCOLA DE TALIAN &nbsp; \u00a0 \u00a0 \u00a0Este projeto de extens\u00e3o \u00e9 uma parceria entre a UNICENTRO, por meio do Centro de L\u00ednguas, CEL, e a Associa\u00e7\u00e3o dos Difusores do Talian, ASSODITA, e visa contribuir para a dissemina\u00e7\u00e3o e salvaguarda da [&hellip;]<\/p>\n","protected":false},"author":213,"featured_media":0,"parent":0,"menu_order":0,"comment_status":"closed","ping_status":"closed","template":"","meta":{"_exactmetrics_skip_tracking":false,"_exactmetrics_sitenote_active":false,"_exactmetrics_sitenote_note":"","_exactmetrics_sitenote_category":0,"ngg_post_thumbnail":0,"footnotes":"","_links_to":"","_links_to_target":""},"class_list":["post-540","page","type-page","status-publish","hentry"],"_links":{"self":[{"href":"https:\/\/www2.unicentro.br\/cel\/wp-json\/wp\/v2\/pages\/540","targetHints":{"allow":["GET"]}}],"collection":[{"href":"https:\/\/www2.unicentro.br\/cel\/wp-json\/wp\/v2\/pages"}],"about":[{"href":"https:\/\/www2.unicentro.br\/cel\/wp-json\/wp\/v2\/types\/page"}],"author":[{"embeddable":true,"href":"https:\/\/www2.unicentro.br\/cel\/wp-json\/wp\/v2\/users\/213"}],"replies":[{"embeddable":true,"href":"https:\/\/www2.unicentro.br\/cel\/wp-json\/wp\/v2\/comments?post=540"}],"version-history":[{"count":98,"href":"https:\/\/www2.unicentro.br\/cel\/wp-json\/wp\/v2\/pages\/540\/revisions"}],"predecessor-version":[{"id":1301,"href":"https:\/\/www2.unicentro.br\/cel\/wp-json\/wp\/v2\/pages\/540\/revisions\/1301"}],"wp:attachment":[{"href":"https:\/\/www2.unicentro.br\/cel\/wp-json\/wp\/v2\/media?parent=540"}],"curies":[{"name":"wp","href":"https:\/\/api.w.org\/{rel}","templated":true}]}}