{"id":26,"date":"2014-11-11T17:20:29","date_gmt":"2014-11-11T17:20:29","guid":{"rendered":"http:\/\/www2.unicentro.br\/cel\/?page_id=26"},"modified":"2026-01-26T19:56:46","modified_gmt":"2026-01-26T19:56:46","slug":"duvidas","status":"publish","type":"page","link":"https:\/\/www2.unicentro.br\/cel\/duvidas\/","title":{"rendered":"D\u00favidas Frequentes"},"content":{"rendered":"<div class=\"wp-block-image\">\n<p>.<\/p>\n<p style=\"text-align: center\"><span style=\"color: #0000ff\" data-darkreader-inline-color=\"\"><em><strong><span style=\"font-size: 36pt\">Inscreva-se Aqui!<\/span><\/strong><\/em><\/span><\/p>\n<p>.<\/p>\n<p><span style=\"color: #0000ff\" data-darkreader-inline-color=\"\"><strong>Os cursos ser\u00e3o presenciais ou remotos?<\/strong><\/span><\/p>\n<p><span style=\"color: #000000\" data-darkreader-inline-color=\"\">Ainda haver\u00e1 a defini\u00e7\u00e3o dos cursos de 2026.\u00a0<\/span><\/p>\n<p><span style=\"color: #0000ff\" data-darkreader-inline-color=\"\"><strong>Qual \u00e9 o valor do curso?<\/strong><\/span><\/p>\n<p><span style=\"color: #000000\" data-darkreader-inline-color=\"\">Uma taxa \u00fanica de 120 reais para o p\u00fablico geral e 60 reais para a comunidade interna da Unicentro, cobrados no ato da matr\u00edcula.<\/span><\/p>\n<p><span style=\"color: #000000\" data-darkreader-inline-color=\"\">N\u00e3o h\u00e1 cobran\u00e7a posterior de mensalidade, material ou certificado.<\/span><\/p>\n<p><span style=\"color: #0000ff\" data-darkreader-inline-color=\"\"><strong>H\u00e1 algum tipo de isen\u00e7\u00e3o?<\/strong><\/span><\/p>\n<p><span style=\"color: #000000\" data-darkreader-inline-color=\"\">Sim. Pessoas inscritas no Cadastro \u00danico do Governo Federal s\u00e3o isentas da matr\u00edcula. Mais informa\u00e7\u00f5es em Isen\u00e7\u00f5es &#8211; Cadastro \u00danico.<\/span><\/p>\n<p><span style=\"color: #0000ff\" data-darkreader-inline-color=\"\"><strong>Quem pode fazer os cursos?<\/strong><\/span><\/p>\n<p><span style=\"color: #000000\" data-darkreader-inline-color=\"\">Qualquer pessoa com idade igual ou superior a 15 anos e que tenha interesse em aprender idiomas. Cada aluno pode se matricular em no m\u00e1ximo 2 cursos.<\/span><\/p>\n<p><span style=\"color: #0000ff\" data-darkreader-inline-color=\"\"><strong>Como ser\u00e3o as aulas?<\/strong><\/span><\/p>\n<p><span style=\"color: #000000\" data-darkreader-inline-color=\"\">As aulas remotas ocorrer\u00e3o ao vivo por meio do Google Meet, Zoom, Teams, moodle, ou outras plataformas .\u00a0<\/span><\/p>\n<p><strong><span style=\"color: #0000ff\" data-darkreader-inline-color=\"\">Quando come\u00e7ar\u00e3o os cursos?<\/span><\/strong><\/p>\n<p><span style=\"color: #000000\" data-darkreader-inline-color=\"\">A partir do dia 02 de mar\u00e7o de 2026.<\/span><\/p>\n<p><span style=\"color: #0000ff\" data-darkreader-inline-color=\"\"><strong>Qual \u00e9 a carga-hor\u00e1ria dos cursos?<\/strong><\/span><\/p>\n<p><span style=\"color: #000000\" data-darkreader-inline-color=\"\">51 horas\/aula por semestre, sendo 03 horas\/aula por semana.<\/span><\/p>\n<p><span style=\"color: #0000ff\" data-darkreader-inline-color=\"\"><strong>Posso fazer Teste de Nivelamento?<\/strong><\/span><\/p>\n<p><span style=\"color: #000000\" data-darkreader-inline-color=\"\">Sim, se voc\u00ea desejar ingressar em cursos a partir do n\u00edvel II, mas n\u00e3o fez o curso de n\u00edvel I no CEL, pode solicitar o Teste de Nivelamento. As orienta\u00e7\u00f5es para a solicita\u00e7\u00e3o dos testes de nivelamento est\u00e3o na p\u00e1gina de inscri\u00e7\u00f5es do evento.<\/span><\/p>\n<p><span style=\"color: #0000ff\" data-darkreader-inline-color=\"\"><strong>At\u00e9 quando posso solicitar o teste de nivelamento?<\/strong><\/span><\/p>\n<p><span style=\"color: #000000\" data-darkreader-inline-color=\"\">O agendamento dos testes estar\u00e1 dispon\u00edvel de 05 a 12 de fevereiro e as provas ser\u00e3o aplicadas at\u00e9 o dia 13 do mesmo m\u00eas.<\/span><\/p>\n<p><span style=\"color: #000000\" data-darkreader-inline-color=\"\">Observa\u00e7\u00e3o 1: N\u00e3o pague a taxa de matr\u00edcula antes de receber o resultado do Teste de Nivelamento, pois n\u00e3o h\u00e1 devolu\u00e7\u00e3o da taxa de matr\u00edcula. Saiba mais em Devolu\u00e7\u00e3o de Valores.<\/span><\/p>\n<p><span style=\"color: #000000\" data-darkreader-inline-color=\"\">Observa\u00e7\u00e3o 2: As turmas ser\u00e3o abertas com no m\u00ednimo cinco alunos efetivamente matriculados.<\/span><\/p>\n<p><span style=\"color: #0000ff\" data-darkreader-inline-color=\"\"><strong>O que \u00e9 o Moodle?<\/strong><\/span><\/p>\n<p><span style=\"color: #000000\" data-darkreader-inline-color=\"\">O <span style=\"color: #0000ff\" data-darkreader-inline-color=\"\"><strong><a style=\"color: #0000ff\" href=\"https:\/\/moodle.unicentro.br\/login\/index.php\" data-darkreader-inline-color=\"\">Moodle<\/a><\/strong><\/span> \u00e9 uma ferramenta online para as disciplinas e cursos da Unicentro. Diversos recursos s\u00e3o disponibilizados pelos professores, para que os estudantes possam ter acesso aos conte\u00fados em qualquer lugar com acesso \u00e0 internet.<\/span><\/p>\n<p><span style=\"color: #0000ff\" data-darkreader-inline-color=\"\"><strong>Como fa\u00e7o para acessar o Moodle?<\/strong><\/span><\/p>\n<p><span style=\"color: #000000\" data-darkreader-inline-color=\"\">No endere\u00e7o <span style=\"color: #0000ff\" data-darkreader-inline-color=\"\"><a style=\"color: #0000ff\" href=\"https:\/\/moodle.unicentro.br\" data-darkreader-inline-color=\"\">https:\/\/moodle.unicentro.br<\/a><\/span>. Seu usu\u00e1rio e senha s\u00e3o o CPF cadastrado no sistema.<\/span><\/p>\n<\/div>\n","protected":false},"excerpt":{"rendered":"<p>. Inscreva-se Aqui! . Os cursos ser\u00e3o presenciais ou remotos? Ainda haver\u00e1 a defini\u00e7\u00e3o dos cursos de 2026.\u00a0 Qual \u00e9 o valor do curso? Uma taxa \u00fanica de 120 reais para o p\u00fablico geral e 60 reais para a comunidade interna da Unicentro, cobrados no ato da matr\u00edcula. N\u00e3o h\u00e1 cobran\u00e7a posterior de mensalidade, material [&hellip;]<\/p>\n","protected":false},"author":2,"featured_media":0,"parent":0,"menu_order":0,"comment_status":"closed","ping_status":"closed","template":"","meta":{"_exactmetrics_skip_tracking":false,"_exactmetrics_sitenote_active":false,"_exactmetrics_sitenote_note":"","_exactmetrics_sitenote_category":0,"ngg_post_thumbnail":0,"footnotes":"","_links_to":"","_links_to_target":""},"class_list":["post-26","page","type-page","status-publish","hentry"],"_links":{"self":[{"href":"https:\/\/www2.unicentro.br\/cel\/wp-json\/wp\/v2\/pages\/26","targetHints":{"allow":["GET"]}}],"collection":[{"href":"https:\/\/www2.unicentro.br\/cel\/wp-json\/wp\/v2\/pages"}],"about":[{"href":"https:\/\/www2.unicentro.br\/cel\/wp-json\/wp\/v2\/types\/page"}],"author":[{"embeddable":true,"href":"https:\/\/www2.unicentro.br\/cel\/wp-json\/wp\/v2\/users\/2"}],"replies":[{"embeddable":true,"href":"https:\/\/www2.unicentro.br\/cel\/wp-json\/wp\/v2\/comments?post=26"}],"version-history":[{"count":52,"href":"https:\/\/www2.unicentro.br\/cel\/wp-json\/wp\/v2\/pages\/26\/revisions"}],"predecessor-version":[{"id":1254,"href":"https:\/\/www2.unicentro.br\/cel\/wp-json\/wp\/v2\/pages\/26\/revisions\/1254"}],"wp:attachment":[{"href":"https:\/\/www2.unicentro.br\/cel\/wp-json\/wp\/v2\/media?parent=26"}],"curies":[{"name":"wp","href":"https:\/\/api.w.org\/{rel}","templated":true}]}}