{"id":24,"date":"2014-11-11T17:20:02","date_gmt":"2014-11-11T17:20:02","guid":{"rendered":"http:\/\/www2.unicentro.br\/cel\/?page_id=24"},"modified":"2025-06-16T17:40:57","modified_gmt":"2025-06-16T17:40:57","slug":"equipe","status":"publish","type":"page","link":"https:\/\/www2.unicentro.br\/cel\/equipe\/","title":{"rendered":"Equipe"},"content":{"rendered":"<p style=\"margin: 0cm;margin-bottom: .0001pt\"><span style=\"color: #000080;--darkreader-inline-color: #e8e6e3\" data-darkreader-inline-color=\"\"><strong><span style=\"font-family: Georgia, 'serif';background: white;--darkreader-inline-bgimage: initial;--darkreader-inline-bgcolor: #181a1b\" data-darkreader-inline-bgimage=\"\" data-darkreader-inline-bgcolor=\"\">Equipe Administrativa<\/span><\/strong><\/span><\/p>\n<p style=\"margin: 0cm;margin-bottom: .0001pt\"><span style=\"color: #000000\" data-darkreader-inline-color=\"\"><span style=\"font-family: 'Georgia','serif';background: white\" data-darkreader-inline-bgimage=\"\" data-darkreader-inline-bgcolor=\"\">Prof. Dr. Davi Silva Gon\u00e7alves &#8211; <\/span><span style=\"font-family: Georgia, serif\">Diretor<\/span><\/span><\/p>\n<p style=\"margin: 0cm;margin-bottom: .0001pt\"><span style=\"font-family: Georgia, serif;background: white;color: #000000\" data-darkreader-inline-bgimage=\"\" data-darkreader-inline-bgcolor=\"\" data-darkreader-inline-color=\"\">Ariel Augusto Gavlak &#8211; Secret\u00e1rio <\/span><\/p>\n<p style=\"margin: 0cm;margin-bottom: .0001pt\"><span style=\"font-family: Georgia, serif;background: white;color: #000000\" data-darkreader-inline-bgimage=\"\" data-darkreader-inline-bgcolor=\"\" data-darkreader-inline-color=\"\">Elen Aline Bassani &#8211; Estagi\u00e1ria<\/span><\/p>\n<p style=\"margin: 0cm;margin-bottom: .0001pt\"><span style=\"font-family: Georgia, serif;color: #000000\" data-darkreader-inline-color=\"\">\u00a0<\/span><\/p>\n<p style=\"margin: 0cm;margin-bottom: .0001pt\"><span style=\"color: #000080;--darkreader-inline-color: #e8e6e3\" data-darkreader-inline-color=\"\"><strong><span style=\"font-family: Georgia, 'serif';background: white;--darkreader-inline-bgimage: initial;--darkreader-inline-bgcolor: #181a1b\" data-darkreader-inline-bgimage=\"\" data-darkreader-inline-bgcolor=\"\">Equipe Pedag\u00f3gica<\/span><\/strong><\/span><\/p>\n<p style=\"margin: 0cm;margin-bottom: .0001pt\"><span style=\"font-family: Georgia, serif;background: white;color: #000000\" data-darkreader-inline-bgimage=\"\" data-darkreader-inline-bgcolor=\"\" data-darkreader-inline-color=\"\">Prof\u00aa. Dr\u00aa. Andr\u00e9ia Riconi (Professora de L\u00edngua Italiana)<\/span><\/p>\n<p style=\"margin: 0cm;margin-bottom: .0001pt\"><span style=\"font-family: Georgia, serif;background: white;color: #000000\" data-darkreader-inline-bgimage=\"\" data-darkreader-inline-bgcolor=\"\" data-darkreader-inline-color=\"\">Prof\u00aa. Cl\u00e1udia Kazubek (Professora de L\u00edngua Inglesa) <\/span><\/p>\n<p style=\"margin: 0cm;margin-bottom: .0001pt\"><span style=\"font-family: Georgia, serif;background: white;color: #000000\" data-darkreader-inline-bgimage=\"\" data-darkreader-inline-bgcolor=\"\" data-darkreader-inline-color=\"\">Prof\u00aa. Eduarda Batista (Professora de L\u00edngua Inglesa)<\/span><\/p>\n<p style=\"margin: 0cm;margin-bottom: .0001pt\"><span style=\"font-family: Georgia, serif;background: white;color: #000000\" data-darkreader-inline-bgimage=\"\" data-darkreader-inline-bgcolor=\"\" data-darkreader-inline-color=\"\">Prof\u00aa. Fernanda Carraro (Professora de L\u00edngua Espanhola)<\/span><\/p>\n<p style=\"margin: 0cm;margin-bottom: .0001pt\"><span style=\"font-family: Georgia, serif;background: white;color: #000000\" data-darkreader-inline-bgimage=\"\" data-darkreader-inline-bgcolor=\"\" data-darkreader-inline-color=\"\">Prof. Gabriel Machado (Professor de L\u00edngua Inglesa)<\/span><\/p>\n<p style=\"margin: 0cm;margin-bottom: .0001pt\"><span style=\"font-family: Georgia, serif;color: #000000\" data-darkreader-inline-color=\"\"><span style=\"background: white\" data-darkreader-inline-bgimage=\"\" data-darkreader-inline-bgcolor=\"\"><span style=\"font-family: 'Georgia','serif';background: white\" data-darkreader-inline-bgimage=\"\" data-darkreader-inline-bgcolor=\"\">Prof\u00aa. Dr\u00aa. Larissa de C\u00e1ssia Antunes Ribeiro (Professora de L\u00edngua Francesa)<\/span><\/span><\/span><\/p>\n<p style=\"margin: 0cm;margin-bottom: .0001pt\"><span style=\"font-family: Georgia, serif;color: #000000\" data-darkreader-inline-color=\"\"><span style=\"background: white\" data-darkreader-inline-bgimage=\"\" data-darkreader-inline-bgcolor=\"\">Prof\u00aa. Ms. Monique G\u00e4rtner (Professora de L\u00edngua Alem\u00e3)<\/span><\/span><\/p>\n<p style=\"margin: 0cm;margin-bottom: .0001pt\"><span style=\"font-family: Georgia, serif;color: #000000\" data-darkreader-inline-color=\"\"><span style=\"background: white\" data-darkreader-inline-bgimage=\"\" data-darkreader-inline-bgcolor=\"\">Prof. Leonardo Guisantes <span style=\"font-family: Georgia, serif;background: white;color: #000000\" data-darkreader-inline-bgimage=\"\" data-darkreader-inline-bgcolor=\"\" data-darkreader-inline-color=\"\">(Professor de L\u00edngua Espanhola)<\/span><\/span><\/span><\/p>\n<p style=\"margin: 0cm;margin-bottom: .0001pt\"><span style=\"font-family: Georgia, serif;color: #000000\" data-darkreader-inline-color=\"\"><span style=\"background: white\" data-darkreader-inline-bgimage=\"\" data-darkreader-inline-bgcolor=\"\"><span style=\"font-family: Georgia, serif;background: white;color: #000000\" data-darkreader-inline-bgimage=\"\" data-darkreader-inline-bgcolor=\"\" data-darkreader-inline-color=\"\">Prof. Ricardo Penteado (Professor de L\u00edngua Inglesa)<\/span><\/span><\/span><\/p>\n<p>&nbsp;<\/p>\n<p style=\"margin: 0cm;margin-bottom: .0001pt\"><span style=\"color: #000080;--darkreader-inline-color: #e8e6e3\" data-darkreader-inline-color=\"\"><strong><span style=\"font-family: 'Georgia','serif'\">Conselho Diretor do Centro de L\u00ednguas<\/span><\/strong><\/span><\/p>\n<p style=\"margin: 0cm;margin-bottom: .0001pt\"><span style=\"font-family: Georgia, serif;background: white;color: #000000\" data-darkreader-inline-bgimage=\"\" data-darkreader-inline-bgcolor=\"\" data-darkreader-inline-color=\"\">Prof. Dr. Davi Silva Gon\u00e7alves &#8211; Presidente<\/span><\/p>\n<p style=\"margin: 0cm;margin-bottom: .0001pt\"><span style=\"font-family: Georgia, serif;background: white;color: #000000\" data-darkreader-inline-bgimage=\"\" data-darkreader-inline-bgcolor=\"\" data-darkreader-inline-color=\"\">Prof\u00aa. Dr\u00aa. Cristiane Malinoski &#8211; Chefe do DELET\/I<\/span><\/p>\n<p style=\"margin: 0cm;margin-bottom: .0001pt\"><span style=\"color: #000000\" data-darkreader-inline-color=\"\"><span style=\"font-family: 'Georgia','serif';background: white\" data-darkreader-inline-bgimage=\"\" data-darkreader-inline-bgcolor=\"\">Prof\u00aa. Dr\u00aa. <\/span><span style=\"font-family: 'Georgia','serif'\">Adriana Binati Martinez <span style=\"background: white\" data-darkreader-inline-bgimage=\"\" data-darkreader-inline-bgcolor=\"\">(Coordenadora Pedag\u00f3gica de L\u00edngua Alem\u00e3)<\/span><\/span><\/span><\/p>\n<p style=\"margin: 0cm;margin-bottom: .0001pt\"><span style=\"color: #000000\" data-darkreader-inline-color=\"\"><span style=\"font-family: 'Georgia','serif';background: white\" data-darkreader-inline-bgimage=\"\" data-darkreader-inline-bgcolor=\"\">Prof. Dr. Andr\u00e9 Luis Specht<\/span><span style=\"font-family: 'Georgia','serif'\">\u00a0<span style=\"background: white\" data-darkreader-inline-bgimage=\"\" data-darkreader-inline-bgcolor=\"\">(Coordenador Pedag\u00f3gico de L\u00edngua Inglesa)<\/span><\/span><\/span><\/p>\n<p style=\"margin: 0cm;margin-bottom: .0001pt\"><span style=\"color: #000000\" data-darkreader-inline-color=\"\"><span style=\"font-family: 'Georgia','serif';background: white\" data-darkreader-inline-bgimage=\"\" data-darkreader-inline-bgcolor=\"\">Prof. Dr. Edson Santos Silva <\/span><span style=\"font-family: 'Georgia','serif'\"><span style=\"background: white\" data-darkreader-inline-bgimage=\"\" data-darkreader-inline-bgcolor=\"\">(Coordenador Pedag\u00f3gico de L\u00edngua Francesa)<\/span><\/span><\/span><\/p>\n<p style=\"margin: 0cm;margin-bottom: .0001pt\"><span style=\"color: #000000\" data-darkreader-inline-color=\"\"><span style=\"font-family: 'Georgia','serif'\"><span style=\"background: white\" data-darkreader-inline-bgimage=\"\" data-darkreader-inline-bgcolor=\"\"><span style=\"font-family: 'Georgia','serif';background: white\" data-darkreader-inline-bgimage=\"\" data-darkreader-inline-bgcolor=\"\">Prof\u00aa. Dr\u00aa Eliziane Manosso Streitchen <\/span>\u00a0(Coordenador Pedag\u00f3gico de Libras)<\/span><\/span><\/span><\/p>\n<p style=\"margin: 0cm;margin-bottom: .0001pt\"><span style=\"font-family: Georgia, serif;background: white;color: #000000\" data-darkreader-inline-bgimage=\"\" data-darkreader-inline-bgcolor=\"\" data-darkreader-inline-color=\"\">Prof. Dr\u00aa. Loremi Loregian Penkal<span style=\"font-family: 'Georgia','serif'\">\u00a0<span style=\"background: white\" data-darkreader-inline-bgimage=\"\" data-darkreader-inline-bgcolor=\"\">(Coordenador Pedag\u00f3gico de L\u00edngua Italiana)<\/span><\/span><\/span><\/p>\n<p style=\"margin: 0cm;margin-bottom: .0001pt\"><span style=\"color: #000000\" data-darkreader-inline-color=\"\"><span style=\"font-family: 'Georgia','serif';background: white\" data-darkreader-inline-bgimage=\"\" data-darkreader-inline-bgcolor=\"\">Prof\u00aa. Dr\u00aa. <\/span><span style=\"font-family: 'Georgia','serif'\">Marileia Gartner <span style=\"background: white\" data-darkreader-inline-bgimage=\"\" data-darkreader-inline-bgcolor=\"\">(Coordenadora Pedag\u00f3gica de L\u00ednguas Eslavas)<\/span><\/span><\/span><\/p>\n<p style=\"margin: 0cm;margin-bottom: .0001pt\"><span style=\"font-family: Georgia, serif;background: white;color: #000000\" data-darkreader-inline-bgimage=\"\" data-darkreader-inline-bgcolor=\"\" data-darkreader-inline-color=\"\">Prof. Dr. Valdir Olivo J\u00fanior (Coordenadora Pedag\u00f3gica de L\u00edngua Espanhola)<\/span><\/p>\n<p><span style=\"color: #000000;--darkreader-inline-color: #e8e6e3\" data-darkreader-inline-color=\"\"><span style=\"color: #000080\"><strong>CONTATO:<\/strong><\/span> cel.unicentro@gmail.com<\/span><span style=\"color: #000000;--darkreader-inline-color: #e8e6e3\" data-darkreader-inline-color=\"\"> <span style=\"color: #000080\"><strong>WhatsApp <\/strong>42 3421 3160<\/span><\/span><\/p>\n","protected":false},"excerpt":{"rendered":"<p>Equipe Administrativa Prof. Dr. Davi Silva Gon\u00e7alves &#8211; Diretor Ariel Augusto Gavlak &#8211; Secret\u00e1rio Elen Aline Bassani &#8211; Estagi\u00e1ria \u00a0 Equipe Pedag\u00f3gica Prof\u00aa. Dr\u00aa. Andr\u00e9ia Riconi (Professora de L\u00edngua Italiana) Prof\u00aa. Cl\u00e1udia Kazubek (Professora de L\u00edngua Inglesa) Prof\u00aa. Eduarda Batista (Professora de L\u00edngua Inglesa) Prof\u00aa. Fernanda Carraro (Professora de L\u00edngua Espanhola) Prof. Gabriel Machado (Professor [&hellip;]<\/p>\n","protected":false},"author":2,"featured_media":0,"parent":0,"menu_order":0,"comment_status":"closed","ping_status":"closed","template":"","meta":{"_exactmetrics_skip_tracking":false,"_exactmetrics_sitenote_active":false,"_exactmetrics_sitenote_note":"","_exactmetrics_sitenote_category":0,"ngg_post_thumbnail":0,"footnotes":"","_links_to":"","_links_to_target":""},"class_list":["post-24","page","type-page","status-publish","hentry"],"_links":{"self":[{"href":"https:\/\/www2.unicentro.br\/cel\/wp-json\/wp\/v2\/pages\/24","targetHints":{"allow":["GET"]}}],"collection":[{"href":"https:\/\/www2.unicentro.br\/cel\/wp-json\/wp\/v2\/pages"}],"about":[{"href":"https:\/\/www2.unicentro.br\/cel\/wp-json\/wp\/v2\/types\/page"}],"author":[{"embeddable":true,"href":"https:\/\/www2.unicentro.br\/cel\/wp-json\/wp\/v2\/users\/2"}],"replies":[{"embeddable":true,"href":"https:\/\/www2.unicentro.br\/cel\/wp-json\/wp\/v2\/comments?post=24"}],"version-history":[{"count":60,"href":"https:\/\/www2.unicentro.br\/cel\/wp-json\/wp\/v2\/pages\/24\/revisions"}],"predecessor-version":[{"id":862,"href":"https:\/\/www2.unicentro.br\/cel\/wp-json\/wp\/v2\/pages\/24\/revisions\/862"}],"wp:attachment":[{"href":"https:\/\/www2.unicentro.br\/cel\/wp-json\/wp\/v2\/media?parent=24"}],"curies":[{"name":"wp","href":"https:\/\/api.w.org\/{rel}","templated":true}]}}