{"id":17,"date":"2014-11-11T17:17:26","date_gmt":"2014-11-11T17:17:26","guid":{"rendered":"http:\/\/www2.unicentro.br\/cel\/?page_id=17"},"modified":"2026-03-10T17:27:56","modified_gmt":"2026-03-10T17:27:56","slug":"cursos-regulares","status":"publish","type":"page","link":"https:\/\/www2.unicentro.br\/cel\/cursos-regulares\/","title":{"rendered":"Cursos"},"content":{"rendered":"<div style=\"text-align: left\">\n<div class=\"wp-block-image\">\n<div class=\"wp-block-image\"><span style=\"font-family: verdana, geneva, sans-serif\">.<\/span><\/div>\n<\/div>\n<\/div>\n<p style=\"text-align: center\"><span style=\"font-size: 24pt;font-family: verdana, geneva, sans-serif;color: #0000ff\"><a style=\"color: #0000ff\" href=\"https:\/\/evento.unicentro.br\/site\/cel\/2026\/1\"><strong>Clique aqui para os cursos de libras!<\/strong><\/a><\/span><\/p>\n<div style=\"text-align: center\">\n<p><a href=\"https:\/\/www2.unicentro.br\/cel\/files\/2026\/03\/Quadro-10.03.png\"><img loading=\"lazy\" decoding=\"async\" class=\"wpa-warning wpa-image-missing-alt alignnone wp-image-1289 size-full\" src=\"https:\/\/www2.unicentro.br\/cel\/files\/2026\/03\/Quadro-10.03.png\" alt=\"\" width=\"1740\" height=\"2276\" data-warning=\"Texto alternativo ausente\" srcset=\"https:\/\/www2.unicentro.br\/cel\/files\/2026\/03\/Quadro-10.03.png 1740w, https:\/\/www2.unicentro.br\/cel\/files\/2026\/03\/Quadro-10.03-229x300.png 229w, https:\/\/www2.unicentro.br\/cel\/files\/2026\/03\/Quadro-10.03-783x1024.png 783w, https:\/\/www2.unicentro.br\/cel\/files\/2026\/03\/Quadro-10.03-768x1005.png 768w, https:\/\/www2.unicentro.br\/cel\/files\/2026\/03\/Quadro-10.03-1174x1536.png 1174w, https:\/\/www2.unicentro.br\/cel\/files\/2026\/03\/Quadro-10.03-1566x2048.png 1566w\" sizes=\"auto, (max-width: 1740px) 100vw, 1740px\" \/><\/a><\/p>\n<\/div>\n<div class=\"wp-block-image\" style=\"text-align: center\"><span style=\"font-family: verdana, geneva, sans-serif\"><span style=\"color: #000000;--darkreader-inline-color: #e8e6e3\" data-darkreader-inline-color=\"\">In\u00edcio do primeiro semestre: 02\/03\/2025 <\/span><span style=\"color: #000000;--darkreader-inline-color: #e8e6e3\" data-darkreader-inline-color=\"\">Todos os cursos contam com 3h\/a semanais e 51h\/a semestrais.<\/span><\/span><\/div>\n<p style=\"text-align: center\"><span style=\"color: #000000;--darkreader-inline-color: #e8e6e3;font-family: verdana, geneva, sans-serif\" data-darkreader-inline-color=\"\">___________________________________________________________________________<\/span><\/p>\n<p style=\"text-align: center\"><span style=\"color: #000000;--darkreader-inline-color: #e8e6e3;font-family: verdana, geneva, sans-serif\" data-darkreader-inline-color=\"\"><strong>Resolu\u00e7\u00f5es vigentes que aprovam os Projetos Pedag\u00f3gicos dos Cursos oferecidos no Centro de L\u00ednguas:\u00a0<\/strong><\/span><\/p>\n<p style=\"text-align: center\"><span style=\"font-size: 12pt;color: #0000ff;font-family: verdana, geneva, sans-serif\" data-darkreader-inline-color=\"\"><a style=\"color: #0000ff\" href=\"http:\/\/sgu.unicentro.br\/pcatooficiais\/imprimir\/C6AC407F\" data-darkreader-inline-color=\"\">Alem\u00e3o<\/a> \u2022 <a style=\"color: #0000ff\" href=\"https:\/\/sgu.unicentro.br\/pcatooficiais\/imprimir\/8B5FF867\" data-darkreader-inline-color=\"\">Espanhol<\/a> \u2022 <a style=\"color: #0000ff\" href=\"https:\/\/sgu.unicentro.br\/pcatooficiais\/imprimir\/B1E59FBE\" data-darkreader-inline-color=\"\">Franc\u00eas<\/a> \u2022 <a style=\"color: #0000ff\" href=\"https:\/\/sgu.unicentro.br\/pcatooficiais\/imprimir\/32D0C068\" data-darkreader-inline-color=\"\">Ingl\u00eas<\/a> \u2022 <a style=\"color: #0000ff\" href=\"https:\/\/sgu.unicentro.br\/pcatooficiais\/imprimir\/2260DF27\" data-darkreader-inline-color=\"\">Italiano<\/a> \u2022 <a style=\"color: #0000ff\" href=\"https:\/\/sgu.unicentro.br\/pcatooficiais\/imprimir\/146BBD81\" data-darkreader-inline-color=\"\">Libras<\/a> \u2022 <a style=\"color: #0000ff\" href=\"https:\/\/sgu.unicentro.br\/pcatooficiais\/imprimir\/951D75CA\" data-darkreader-inline-color=\"\">Polon\u00eas\u00a0<\/a><\/span><\/p>\n<p style=\"text-align: center\">\n","protected":false},"excerpt":{"rendered":"<p>. Clique aqui para os cursos de libras! In\u00edcio do primeiro semestre: 02\/03\/2025 Todos os cursos contam com 3h\/a semanais e 51h\/a semestrais. ___________________________________________________________________________ Resolu\u00e7\u00f5es vigentes que aprovam os Projetos Pedag\u00f3gicos dos Cursos oferecidos no Centro de L\u00ednguas:\u00a0 Alem\u00e3o \u2022 Espanhol \u2022 Franc\u00eas \u2022 Ingl\u00eas \u2022 Italiano \u2022 Libras \u2022 Polon\u00eas\u00a0<\/p>\n","protected":false},"author":2,"featured_media":0,"parent":0,"menu_order":0,"comment_status":"closed","ping_status":"closed","template":"","meta":{"_exactmetrics_skip_tracking":false,"_exactmetrics_sitenote_active":false,"_exactmetrics_sitenote_note":"","_exactmetrics_sitenote_category":0,"ngg_post_thumbnail":0,"footnotes":"","_links_to":"","_links_to_target":""},"class_list":["post-17","page","type-page","status-publish","hentry"],"_links":{"self":[{"href":"https:\/\/www2.unicentro.br\/cel\/wp-json\/wp\/v2\/pages\/17","targetHints":{"allow":["GET"]}}],"collection":[{"href":"https:\/\/www2.unicentro.br\/cel\/wp-json\/wp\/v2\/pages"}],"about":[{"href":"https:\/\/www2.unicentro.br\/cel\/wp-json\/wp\/v2\/types\/page"}],"author":[{"embeddable":true,"href":"https:\/\/www2.unicentro.br\/cel\/wp-json\/wp\/v2\/users\/2"}],"replies":[{"embeddable":true,"href":"https:\/\/www2.unicentro.br\/cel\/wp-json\/wp\/v2\/comments?post=17"}],"version-history":[{"count":216,"href":"https:\/\/www2.unicentro.br\/cel\/wp-json\/wp\/v2\/pages\/17\/revisions"}],"predecessor-version":[{"id":1295,"href":"https:\/\/www2.unicentro.br\/cel\/wp-json\/wp\/v2\/pages\/17\/revisions\/1295"}],"wp:attachment":[{"href":"https:\/\/www2.unicentro.br\/cel\/wp-json\/wp\/v2\/media?parent=17"}],"curies":[{"name":"wp","href":"https:\/\/api.w.org\/{rel}","templated":true}]}}