{"id":13,"date":"2014-11-11T17:15:40","date_gmt":"2014-11-11T17:15:40","guid":{"rendered":"http:\/\/www2.unicentro.br\/cel\/?page_id=13"},"modified":"2026-03-10T17:31:07","modified_gmt":"2026-03-10T17:31:07","slug":"apresentacao","status":"publish","type":"page","link":"https:\/\/www2.unicentro.br\/cel\/apresentacao\/","title":{"rendered":"Sobre o Cel"},"content":{"rendered":"<p align=\"justify\"><span style=\"color: #000000;font-family: verdana, geneva, sans-serif;font-size: 12pt\">\u00a0 \u00a0 \u00a0A finalidade essencial do Centro de L\u00ednguas\/CEL \u00e9 o ensino, a extens\u00e3o, a pesquisa e as atividades de internacionaliza\u00e7\u00e3o institucional referente ao estudo, aprendizagem e aperfei\u00e7oamento das L\u00ednguas Estrangeiras, L\u00edngua Portuguesa como L\u00edngua Estrangeira e L\u00edngua Brasileira de Sinais, Libras. <\/span><\/p>\n<p align=\"justify\"><span style=\"color: #000000;font-family: verdana, geneva, sans-serif;font-size: 12pt\">\u00a0 \u00a0 \u00a0S\u00e3o objetivos do Centro de L\u00ednguas: colaborar com os Cursos da Universidade, selecionando a\u00e7\u00f5es de interesse did\u00e1tico e\/ou cient\u00edfico, objetivando atender a seus pr\u00f3prios programas de ensino de gradua\u00e7\u00e3o, de p\u00f3s-gradua\u00e7\u00e3o, de extens\u00e3o e de pesquisa; oferecer cursos de L\u00ednguas Estrangeiras, Modernas e Cl\u00e1ssicas, L\u00edngua Portuguesa como L\u00edngua Estrangeira e Libras; oportunizar o conhecimento e aprendizagem das m\u00faltiplas linguagens que abrangem a cultura destas L\u00ednguas e suas manifesta\u00e7\u00f5es; desenvolver programas e projetos de ensino, pesquisa e extens\u00e3o relacionados ao estudo, aprendizagem e aperfei\u00e7oamento nas L\u00ednguas ofertadas; oferecer cursos regulares de L\u00ednguas para o atendimento de necessidades espec\u00edficas, respondendo, a priori, \u00e0s demandas acad\u00eamicas e da comunidade, obedecendo as normas institucionais; apoiar e promover atividades acad\u00eamicas e culturais relacionadas \u00e0s L\u00ednguas ofertadas; realizar processos de exames de profici\u00eancia e sufici\u00eancia em L\u00ednguas Estrangeiras, em cursos de gradua\u00e7\u00e3o e p\u00f3s-gradua\u00e7\u00e3o, conforme disposto em normas e calend\u00e1rio institucional.<\/span><\/p>\n<p><span style=\"color: #0000ff;font-family: verdana, geneva, sans-serif;font-size: 12pt\">Equipe Administrativa<\/span><br \/>\n<span style=\"font-family: verdana, geneva, sans-serif;font-size: 12pt;color: #000000\">Valdir Olivo J\u00fanior \u2013 Diretor<\/span><br \/>\n<span style=\"font-family: verdana, geneva, sans-serif;font-size: 12pt;color: #000000\">Ariel Augusto Gavlak \u2013 Secret\u00e1rio\u00a0<\/span><br \/>\n<span style=\"font-family: verdana, geneva, sans-serif;font-size: 12pt;color: #000000\">\u00a0<\/span><br \/>\n<span style=\"color: #0000ff;font-family: verdana, geneva, sans-serif;font-size: 12pt\">Equipe Pedag\u00f3gica<\/span><br \/>\n<span style=\"font-family: verdana, geneva, sans-serif;font-size: 12pt;color: #000000\">Andr\u00e9ia Riconi &#8211; Professora de L\u00edngua Italiana<\/span><br \/>\n<span style=\"font-family: verdana, geneva, sans-serif;font-size: 12pt;color: #000000\">Emerson Pires &#8211; Professor de Libras<\/span><br \/>\n<span style=\"font-family: verdana, geneva, sans-serif;font-size: 12pt;color: #000000\">Fernanda Carraro &#8211; Professora de L\u00edngua Espanhola<\/span><br \/>\n<span style=\"font-family: verdana, geneva, sans-serif;font-size: 12pt;color: #000000\">Larissa de C\u00e1ssia Antunes Ribeiro &#8211; Professora de L\u00edngua Francesa<\/span><br \/>\n<span style=\"font-family: verdana, geneva, sans-serif;font-size: 12pt;color: #000000\">Ezequiel Martins Paz &#8211; Professor de L\u00edngua Alem\u00e3<\/span><br \/>\n<span style=\"font-family: verdana, geneva, sans-serif;font-size: 12pt;color: #000000\">Lucas Dalzotto &#8211; Professor de Libras<\/span><br \/>\n<span style=\"font-family: verdana, geneva, sans-serif;font-size: 12pt;color: #000000\">Semitha Heloisa &#8211; Professora de L\u00edngua Polonesa<\/span><br \/>\n<span style=\"font-family: verdana, geneva, sans-serif;font-size: 12pt;color: #000000\">Yohana Bonfim &#8211; Professora de L\u00edngua Inglesa<\/span><br \/>\n<span style=\"font-family: verdana, geneva, sans-serif;font-size: 12pt;color: #000000\">\u00a0<\/span><br \/>\n<span style=\"color: #0000ff;font-family: verdana, geneva, sans-serif;font-size: 12pt\">Conselho Diretor do Centro de L\u00ednguas<\/span><br \/>\n<span style=\"font-family: verdana, geneva, sans-serif;font-size: 12pt;color: #000000\">Valdir Olivo J\u00fanior \u2013 Presidente<\/span><br \/>\n<span style=\"font-family: verdana, geneva, sans-serif;font-size: 12pt;color: #000000\">Cristiane Malinoski \u2013 Chefe do DELET\/I<\/span><br \/>\n<span style=\"font-family: verdana, geneva, sans-serif;font-size: 12pt;color: #000000\">Adriana Binati Martinez &#8211; Coordenadora Pedag\u00f3gica de L\u00edngua Alem\u00e3<\/span><br \/>\n<span style=\"font-family: verdana, geneva, sans-serif;font-size: 12pt;color: #000000\">Andr\u00e9 Luis Specht &#8211; Coordenador Pedag\u00f3gico de L\u00edngua Inglesa<\/span><br \/>\n<span style=\"font-family: verdana, geneva, sans-serif;font-size: 12pt;color: #000000\">Denielly Kendrick &#8211; Coordenadora Pedag\u00f3gica de Libras<\/span><br \/>\n<span style=\"font-family: verdana, geneva, sans-serif;font-size: 12pt;color: #000000\">Edson Santos Silva &#8211; Coordenador Pedag\u00f3gico de L\u00edngua Francesa<\/span><br \/>\n<span style=\"font-family: verdana, geneva, sans-serif;font-size: 12pt;color: #000000\">Loremi Loregian Penkal &#8211; Coordenador Pedag\u00f3gico de L\u00edngua Italiana<\/span><br \/>\n<span style=\"font-family: verdana, geneva, sans-serif;font-size: 12pt;color: #000000\">Marileia Gartner &#8211; Coordenadora Pedag\u00f3gica de L\u00ednguas Eslavas<\/span><br \/>\n<span style=\"font-family: verdana, geneva, sans-serif;font-size: 12pt;color: #000000\">Tadinei Jacumasso &#8211; Coordenadora Pedag\u00f3gica de L\u00edngua Espanhola<\/span><\/p>\n<p><span style=\"color: #0000ff;font-family: verdana, geneva, sans-serif;font-size: 12pt\">Contato<\/span><br \/>\n<span style=\"font-family: verdana, geneva, sans-serif;font-size: 12pt;color: #000000\">Telefone e Whatsapp: 42 3421 3160<\/span><\/p>\n<p align=\"justify\">\n","protected":false},"excerpt":{"rendered":"<p>\u00a0 \u00a0 \u00a0A finalidade essencial do Centro de L\u00ednguas\/CEL \u00e9 o ensino, a extens\u00e3o, a pesquisa e as atividades de internacionaliza\u00e7\u00e3o institucional referente ao estudo, aprendizagem e aperfei\u00e7oamento das L\u00ednguas Estrangeiras, L\u00edngua Portuguesa como L\u00edngua Estrangeira e L\u00edngua Brasileira de Sinais, Libras. \u00a0 \u00a0 \u00a0S\u00e3o objetivos do Centro de L\u00ednguas: colaborar com os Cursos da [&hellip;]<\/p>\n","protected":false},"author":2,"featured_media":0,"parent":0,"menu_order":0,"comment_status":"closed","ping_status":"closed","template":"","meta":{"_exactmetrics_skip_tracking":false,"_exactmetrics_sitenote_active":false,"_exactmetrics_sitenote_note":"","_exactmetrics_sitenote_category":0,"ngg_post_thumbnail":0,"footnotes":"","_links_to":"","_links_to_target":""},"class_list":["post-13","page","type-page","status-publish","hentry"],"_links":{"self":[{"href":"https:\/\/www2.unicentro.br\/cel\/wp-json\/wp\/v2\/pages\/13","targetHints":{"allow":["GET"]}}],"collection":[{"href":"https:\/\/www2.unicentro.br\/cel\/wp-json\/wp\/v2\/pages"}],"about":[{"href":"https:\/\/www2.unicentro.br\/cel\/wp-json\/wp\/v2\/types\/page"}],"author":[{"embeddable":true,"href":"https:\/\/www2.unicentro.br\/cel\/wp-json\/wp\/v2\/users\/2"}],"replies":[{"embeddable":true,"href":"https:\/\/www2.unicentro.br\/cel\/wp-json\/wp\/v2\/comments?post=13"}],"version-history":[{"count":9,"href":"https:\/\/www2.unicentro.br\/cel\/wp-json\/wp\/v2\/pages\/13\/revisions"}],"predecessor-version":[{"id":1293,"href":"https:\/\/www2.unicentro.br\/cel\/wp-json\/wp\/v2\/pages\/13\/revisions\/1293"}],"wp:attachment":[{"href":"https:\/\/www2.unicentro.br\/cel\/wp-json\/wp\/v2\/media?parent=13"}],"curies":[{"name":"wp","href":"https:\/\/api.w.org\/{rel}","templated":true}]}}