{"id":1258,"date":"2026-02-04T19:46:30","date_gmt":"2026-02-04T19:46:30","guid":{"rendered":"https:\/\/www2.unicentro.br\/cel\/?page_id=1258"},"modified":"2026-03-10T16:58:05","modified_gmt":"2026-03-10T16:58:05","slug":"teste-de-nivelamento","status":"publish","type":"page","link":"https:\/\/www2.unicentro.br\/cel\/teste-de-nivelamento\/","title":{"rendered":"Teste de Nivelamento"},"content":{"rendered":"<p>Se voc\u00ea j\u00e1 tem um conhecimento pr\u00e9vio do idioma que pretende estudar mas n\u00e3o tem certeza em qual n\u00edvel se inscrever, pode fazer gratuitamente um teste de nivelamento; ap\u00f3s a sua avalia\u00e7\u00e3o, ser\u00e1 sugerido o n\u00edvel mais adequado ao seu conhecimento. O teste n\u00e3o \u00e9 obrigat\u00f3rio para a matr\u00edcula em n\u00edveis mais avan\u00e7ados, mas a escolha um curso n\u00e3o compat\u00edvel com o seu conhecimento da l\u00edngua n\u00e3o garante ao aluno a transfer\u00eancia para outra turma nem o reembolso dos valores pagos.<\/p>\n<p>Os testes s\u00e3o ofertados ao longo do per\u00edodo de matr\u00edculas.<\/p>\n","protected":false},"excerpt":{"rendered":"<p>Se voc\u00ea j\u00e1 tem um conhecimento pr\u00e9vio do idioma que pretende estudar mas n\u00e3o tem certeza em qual n\u00edvel se inscrever, pode fazer gratuitamente um teste de nivelamento; ap\u00f3s a sua avalia\u00e7\u00e3o, ser\u00e1 sugerido o n\u00edvel mais adequado ao seu conhecimento. O teste n\u00e3o \u00e9 obrigat\u00f3rio para a matr\u00edcula em n\u00edveis mais avan\u00e7ados, mas a [&hellip;]<\/p>\n","protected":false},"author":233,"featured_media":0,"parent":0,"menu_order":0,"comment_status":"closed","ping_status":"closed","template":"","meta":{"_exactmetrics_skip_tracking":false,"_exactmetrics_sitenote_active":false,"_exactmetrics_sitenote_note":"","_exactmetrics_sitenote_category":0,"ngg_post_thumbnail":0,"footnotes":"","_links_to":"","_links_to_target":""},"class_list":["post-1258","page","type-page","status-publish","hentry"],"_links":{"self":[{"href":"https:\/\/www2.unicentro.br\/cel\/wp-json\/wp\/v2\/pages\/1258","targetHints":{"allow":["GET"]}}],"collection":[{"href":"https:\/\/www2.unicentro.br\/cel\/wp-json\/wp\/v2\/pages"}],"about":[{"href":"https:\/\/www2.unicentro.br\/cel\/wp-json\/wp\/v2\/types\/page"}],"author":[{"embeddable":true,"href":"https:\/\/www2.unicentro.br\/cel\/wp-json\/wp\/v2\/users\/233"}],"replies":[{"embeddable":true,"href":"https:\/\/www2.unicentro.br\/cel\/wp-json\/wp\/v2\/comments?post=1258"}],"version-history":[{"count":5,"href":"https:\/\/www2.unicentro.br\/cel\/wp-json\/wp\/v2\/pages\/1258\/revisions"}],"predecessor-version":[{"id":1292,"href":"https:\/\/www2.unicentro.br\/cel\/wp-json\/wp\/v2\/pages\/1258\/revisions\/1292"}],"wp:attachment":[{"href":"https:\/\/www2.unicentro.br\/cel\/wp-json\/wp\/v2\/media?parent=1258"}],"curies":[{"name":"wp","href":"https:\/\/api.w.org\/{rel}","templated":true}]}}